{"id":935,"date":"2018-05-13T13:59:01","date_gmt":"2018-05-13T13:59:01","guid":{"rendered":"https:\/\/www.ref-cordast.ch\/?page_id=935"},"modified":"2018-05-16T17:25:04","modified_gmt":"2018-05-16T17:25:04","slug":"bilderbuch-welch-ein-fest","status":"publish","type":"page","link":"https:\/\/test.ref-cordast.ch\/fr\/about\/geschichte\/bilderbuch-welch-ein-fest\/","title":{"rendered":"Livre illustr\u00e9 \u00ab Quelle F\u00eate ! \u00bb"},"content":{"rendered":"<p><b><img loading=\"lazy\" decoding=\"async\" class=\"alignright size-medium wp-image-936\" src=\"https:\/\/test.ref-cordast.ch\/wp-content\/uploads\/2018\/05\/13124_3495fe8d3080946d8dfa94eec4dc4ff8-cachekey1523340328-300x300.jpg\" alt=\"\" width=\"300\" height=\"300\" srcset=\"https:\/\/test.ref-cordast.ch\/wp-content\/uploads\/2018\/05\/13124_3495fe8d3080946d8dfa94eec4dc4ff8-cachekey1523340328-300x300.jpg 300w, https:\/\/test.ref-cordast.ch\/wp-content\/uploads\/2018\/05\/13124_3495fe8d3080946d8dfa94eec4dc4ff8-cachekey1523340328-150x150.jpg 150w, https:\/\/test.ref-cordast.ch\/wp-content\/uploads\/2018\/05\/13124_3495fe8d3080946d8dfa94eec4dc4ff8-cachekey1523340328.jpg 360w\" sizes=\"(max-width: 300px) 100vw, 300px\" \/>Le nouveau livre illustr\u00e9 \u00ab Quelle F\u00eate ! \u00bb raconte de mani\u00e8re enjou\u00e9e la vie et l\u2019historique de la paroisse de Cordast.<\/b><\/p>\n<div class=\"news_bild\"><\/div>\n<p>Ce livre peut \u00eatre achet\u00e9\u00a0lors des rencontres et activit\u00e9s de la paroisse, via\u00a0<a href=\"mailto:livre@ref-cordast.ch\">livre@ref-cordast.ch<\/a>\u00a0et \u00e0 la librairie\u00a0chr\u00e9tienne Eckstein \u00e0 Laupen pour CHF 15.<\/p>\n<p>De ce montant, CHF 5 seront vers\u00e9s aux projets de sant\u00e9, d&rsquo;\u00e9ducation et de paix d&rsquo;Ekklesiyar Yan&rsquo;uwa au Nigeria &#8211; Eglise des Fr\u00e8res et Soeurs (EYN) et autres organisations partenaires de Mission 21 au Nigeria. Donc, dans un pays o\u00f9 nos hirondelles passent l&rsquo;hiver \u2012 Merci beaucoup !<\/p>","protected":false},"excerpt":{"rendered":"<p>Le nouveau livre illustr\u00e9 \u00ab Quelle F\u00eate ! \u00bb raconte de mani\u00e8re enjou\u00e9e la vie et l\u2019historique de la paroisse de Cordast. Ce livre peut \u00eatre achet\u00e9\u00a0lors des rencontres et activit\u00e9s de la paroisse, via\u00a0livre@ref-cordast.ch\u00a0et \u00e0 la librairie\u00a0chr\u00e9tienne Eckstein \u00e0 Laupen pour CHF 15. De ce montant, CHF 5 seront vers\u00e9s aux projets de sant\u00e9, [&hellip;]<\/p>\n","protected":false},"author":2,"featured_media":0,"parent":296,"menu_order":0,"comment_status":"closed","ping_status":"closed","template":"","meta":{"footnotes":""},"class_list":["post-935","page","type-page","status-publish","hentry"],"_links":{"self":[{"href":"https:\/\/test.ref-cordast.ch\/fr\/wp-json\/wp\/v2\/pages\/935"}],"collection":[{"href":"https:\/\/test.ref-cordast.ch\/fr\/wp-json\/wp\/v2\/pages"}],"about":[{"href":"https:\/\/test.ref-cordast.ch\/fr\/wp-json\/wp\/v2\/types\/page"}],"author":[{"embeddable":true,"href":"https:\/\/test.ref-cordast.ch\/fr\/wp-json\/wp\/v2\/users\/2"}],"replies":[{"embeddable":true,"href":"https:\/\/test.ref-cordast.ch\/fr\/wp-json\/wp\/v2\/comments?post=935"}],"version-history":[{"count":3,"href":"https:\/\/test.ref-cordast.ch\/fr\/wp-json\/wp\/v2\/pages\/935\/revisions"}],"predecessor-version":[{"id":945,"href":"https:\/\/test.ref-cordast.ch\/fr\/wp-json\/wp\/v2\/pages\/935\/revisions\/945"}],"up":[{"embeddable":true,"href":"https:\/\/test.ref-cordast.ch\/fr\/wp-json\/wp\/v2\/pages\/296"}],"wp:attachment":[{"href":"https:\/\/test.ref-cordast.ch\/fr\/wp-json\/wp\/v2\/media?parent=935"}],"curies":[{"name":"wp","href":"https:\/\/api.w.org\/{rel}","templated":true}]}}