{"id":863,"date":"2018-05-05T10:41:35","date_gmt":"2018-05-05T10:41:35","guid":{"rendered":"https:\/\/www.ref-cordast.ch\/?page_id=863"},"modified":"2024-11-27T06:51:22","modified_gmt":"2024-11-27T06:51:22","slug":"leitbild","status":"publish","type":"page","link":"https:\/\/test.ref-cordast.ch\/fr\/about\/unsere-werte\/leitbild\/","title":{"rendered":"Charte de paroisse"},"content":{"rendered":"<p>En automne 2010, le Conseil de paroisse et les ministres ont d\u00e9fini une charte de paroisse. Cette charte r\u00e9sume les valeurs fondamentales sur lesquelles s\u2019appuie notre travail \u00e0 tous.\u00a0Elle dessine une vision qui orientera les petits gestes comme les grandes d\u00e9cisions de tous les acteurs de la paroisse.<\/p>\n<p>C\u2019\u00e9tait, pour le Conseil de paroisse, l\u2019occasion de revenir sur des mots si souvent utilis\u00e9s, tels l\u2019amour du prochain, la Bonne Nouvelle, l\u2019Eglise, et de leur donner des contours plus pr\u00e9cis et un contenu. Cela pourrait \u00eatre pour vous, paroissiens actifs ou non, b\u00e9n\u00e9voles, collaborateurs, l\u2019occasion \u00e9galement de red\u00e9couvrir ce qu\u2019est votre paroisse, quelle est sa mission et sa conviction.<\/p>\n<h2>\u00abUne paroisse vivante et engag\u00e9e!\u00bb<\/h2>\n<hr \/>\n<h3>Notre paroisse vit dans l&rsquo;amour de Dieu et s&rsquo;en nourrit. L&rsquo;amour du prochain est son objectif.<\/h3>\n<ul>\n<li>Nous, collaborateurs et b\u00e9n\u00e9voles de la paroisse de Cordast, nous engageons \u00e0 porter la paroisse dans un esprit communautaire.<\/li>\n<li>Nous offrons un espace pour la rencontre mutuelle et la cr\u00e9ation de liens, au travers de l&rsquo;accueil et de la spiritualit\u00e9.<\/li>\n<li>Nous voulons \u00eatre ouverts \u00e0 notre prochain, quelle que soit sa situation de vie, l&rsquo;accueillant et l&rsquo;accompagnant dans la dignit\u00e9.<\/li>\n<li>Nous soutenons l&rsquo;engagement au sein de l&rsquo;Eglise, le b\u00e9n\u00e9volat et la participation responsable de nos membres.<\/li>\n<\/ul>\n<h3>Notre paroisse annonce la Bonne Nouvelle de l&rsquo;amour et du pardon en J\u00e9sus-Christ<\/h3>\n<ul>\n<li>Nous favorisons la d\u00e9couverte et l&rsquo;appropriation des r\u00e9cits bibliques.<\/li>\n<li>Nous offrons un espace de r\u00e9flexion et d&rsquo;approfondissement de la Bonne Nouvelle ainsi que de th\u00e8mes th\u00e9ologiques, \u00e9thiques et spirituels.<\/li>\n<li>Nous restons attentifs aux signes du Royaume et offrons aux humains en recherche un lieu ouvert \u00e0 leurs esp\u00e9rances et leurs questionnements.<\/li>\n<li>Nous nous r\u00e9jouissons de la cr\u00e9ation et de la justice de Dieu. Nous nous engageons pour la sanctification de notre monde.<\/li>\n<\/ul>\n<h3>Notre paroisse est partie de l&rsquo;Eglise universelle<\/h3>\n<ul>\n<li>Notre paroisse est compos\u00e9e de deux groupes linguistiques et culturels, que nous respectons dans nos offres et activit\u00e9s.<\/li>\n<li>Nous interc\u00e9dons pour les plus d\u00e9favoris\u00e9s et soutenons des actions en leur faveur.<\/li>\n<li>Nous prenons en compte les th\u00e8mes de l&rsquo;Eglise sur le plan national et international et participons \u00e0 ses projets.<\/li>\n<li>Nous voulons \u00eatre partenaires d&rsquo;autres Eglises dans une dimension oecum\u00e9nique.<\/li>\n<\/ul>\n<p><\/p>","protected":false},"excerpt":{"rendered":"<p>En automne 2010, le Conseil de paroisse et les ministres ont d\u00e9fini une charte de paroisse. Cette charte r\u00e9sume les valeurs fondamentales sur lesquelles s\u2019appuie notre travail \u00e0 tous.\u00a0Elle dessine une vision qui orientera les petits gestes comme les grandes d\u00e9cisions de tous les acteurs de la paroisse. C\u2019\u00e9tait, pour le Conseil de paroisse, l\u2019occasion [&hellip;]<\/p>\n","protected":false},"author":2,"featured_media":0,"parent":6591,"menu_order":0,"comment_status":"closed","ping_status":"closed","template":"","meta":{"footnotes":""},"class_list":["post-863","page","type-page","status-publish","hentry"],"_links":{"self":[{"href":"https:\/\/test.ref-cordast.ch\/fr\/wp-json\/wp\/v2\/pages\/863"}],"collection":[{"href":"https:\/\/test.ref-cordast.ch\/fr\/wp-json\/wp\/v2\/pages"}],"about":[{"href":"https:\/\/test.ref-cordast.ch\/fr\/wp-json\/wp\/v2\/types\/page"}],"author":[{"embeddable":true,"href":"https:\/\/test.ref-cordast.ch\/fr\/wp-json\/wp\/v2\/users\/2"}],"replies":[{"embeddable":true,"href":"https:\/\/test.ref-cordast.ch\/fr\/wp-json\/wp\/v2\/comments?post=863"}],"version-history":[{"count":5,"href":"https:\/\/test.ref-cordast.ch\/fr\/wp-json\/wp\/v2\/pages\/863\/revisions"}],"predecessor-version":[{"id":1655,"href":"https:\/\/test.ref-cordast.ch\/fr\/wp-json\/wp\/v2\/pages\/863\/revisions\/1655"}],"up":[{"embeddable":true,"href":"https:\/\/test.ref-cordast.ch\/fr\/wp-json\/wp\/v2\/pages\/6591"}],"wp:attachment":[{"href":"https:\/\/test.ref-cordast.ch\/fr\/wp-json\/wp\/v2\/media?parent=863"}],"curies":[{"name":"wp","href":"https:\/\/api.w.org\/{rel}","templated":true}]}}