{"id":6647,"date":"2024-12-09T20:27:18","date_gmt":"2024-12-09T20:27:18","guid":{"rendered":"https:\/\/ref-cordast.ch\/?page_id=6647"},"modified":"2024-12-09T21:26:46","modified_gmt":"2024-12-09T21:26:46","slug":"jugendanlaesse","status":"publish","type":"page","link":"https:\/\/test.ref-cordast.ch\/fr\/jugendanlaesse\/","title":{"rendered":"Jugendanl\u00e4sse"},"content":{"rendered":"<div class=\"wp-block-columns is-layout-flex wp-container-core-columns-is-layout-1 wp-block-columns-is-layout-flex\">\n<div class=\"wp-block-column is-layout-flow wp-block-column-is-layout-flow\" style=\"flex-basis:66.66%\">\n<p>Regelm\u00e4ssig finden Anl\u00e4sse f\u00fcr junge Menschen nach der obligatorischen Schulzeit statt. Gemeinsam essen, zusammen feiern, spielen und etwas unternehmen: F\u00fcr jede und jeden hat es etwas dabei und alle bringen sich in die Planung und Durchf\u00fchrung der einzelnen Events ein. Du bist herzlich willkommen!<\/p>\n<\/div>\n\n\n\n<div class=\"wp-block-column is-layout-flow wp-block-column-is-layout-flow\" style=\"flex-basis:33.33%\">\n<figure class=\"wp-block-image size-large\"><img loading=\"lazy\" decoding=\"async\" width=\"843\" height=\"1024\" src=\"https:\/\/test.ref-cordast.ch\/wp-content\/uploads\/2024\/12\/Jugendkirche-Cordast-Anlaesse-843x1024.jpg\" alt=\"\" class=\"wp-image-6668\" srcset=\"https:\/\/test.ref-cordast.ch\/wp-content\/uploads\/2024\/12\/Jugendkirche-Cordast-Anlaesse-843x1024.jpg 843w, https:\/\/test.ref-cordast.ch\/wp-content\/uploads\/2024\/12\/Jugendkirche-Cordast-Anlaesse-247x300.jpg 247w, https:\/\/test.ref-cordast.ch\/wp-content\/uploads\/2024\/12\/Jugendkirche-Cordast-Anlaesse-768x933.jpg 768w, https:\/\/test.ref-cordast.ch\/wp-content\/uploads\/2024\/12\/Jugendkirche-Cordast-Anlaesse.jpg 1227w\" sizes=\"(max-width: 843px) 100vw, 843px\" \/><\/figure>\n<\/div>\n<\/div>\n\n\n\n<div style=\"height:41px\" aria-hidden=\"true\" class=\"wp-block-spacer\"><\/div>\n\n\n<div class='css-events-list'>Keine Veranstaltungen<\/div>\n\n\n\n<h3 class=\"wp-block-heading\">Contacts<\/h3>\n\n\n\n<ul id=\"dvteamgrid819577777\" class=\"dvwookmark dvteamgrid \" data-dvalign=\"left\" data-dvoffset=\"20\" data-dvwidth=\"180\">\n    <li>\n        <figure>\n            <a id=\"dvgridboxlink8195777774725\" href=\"#dvteambox8195777774725\" >\n                <img decoding=\"async\" src=\"https:\/\/test.ref-cordast.ch\/wp-content\/uploads\/2022\/07\/Fabienne-Frutig.jpg\" alt=\"Fabienne Frutig\" \/>\n                                <div class=\"dv-member-zoom\"><i class=\"dvteamicon-info\"><\/i><\/div>\n                            <\/a>\n                <figcaption>\n                    <div class=\"dv-member-desc\">\n                        <div><span class=\"dv-member-name\">Fabienne Frutig<\/span><\/div>\n                                                <div><span class=\"dv-member-info\">Animation jeunesse<\/span><\/div>\n                                            <\/div>\n                <\/figcaption>\n        <\/figure>\n    <\/li>\n        <\/ul>\n<div class=\"dv-clear\"><\/div>\n<\/p>","protected":false},"excerpt":{"rendered":"<p>Regelm\u00e4ssig finden Anl\u00e4sse f\u00fcr junge Menschen nach der obligatorischen Schulzeit statt. Gemeinsam essen, zusammen feiern, spielen und etwas unternehmen: F\u00fcr jede und jeden hat es etwas dabei und alle bringen sich in die Planung und Durchf\u00fchrung der einzelnen Events ein. Du bist herzlich willkommen! Contacts<\/p>\n","protected":false},"author":13,"featured_media":0,"parent":0,"menu_order":0,"comment_status":"closed","ping_status":"closed","template":"","meta":{"footnotes":""},"class_list":["post-6647","page","type-page","status-publish","hentry"],"_links":{"self":[{"href":"https:\/\/test.ref-cordast.ch\/fr\/wp-json\/wp\/v2\/pages\/6647"}],"collection":[{"href":"https:\/\/test.ref-cordast.ch\/fr\/wp-json\/wp\/v2\/pages"}],"about":[{"href":"https:\/\/test.ref-cordast.ch\/fr\/wp-json\/wp\/v2\/types\/page"}],"author":[{"embeddable":true,"href":"https:\/\/test.ref-cordast.ch\/fr\/wp-json\/wp\/v2\/users\/13"}],"replies":[{"embeddable":true,"href":"https:\/\/test.ref-cordast.ch\/fr\/wp-json\/wp\/v2\/comments?post=6647"}],"version-history":[{"count":9,"href":"https:\/\/test.ref-cordast.ch\/fr\/wp-json\/wp\/v2\/pages\/6647\/revisions"}],"predecessor-version":[{"id":6669,"href":"https:\/\/test.ref-cordast.ch\/fr\/wp-json\/wp\/v2\/pages\/6647\/revisions\/6669"}],"wp:attachment":[{"href":"https:\/\/test.ref-cordast.ch\/fr\/wp-json\/wp\/v2\/media?parent=6647"}],"curies":[{"name":"wp","href":"https:\/\/api.w.org\/{rel}","templated":true}]}}