{"id":6630,"date":"2024-12-09T19:41:48","date_gmt":"2024-12-09T19:41:48","guid":{"rendered":"https:\/\/ref-cordast.ch\/?page_id=6630"},"modified":"2024-12-09T20:22:21","modified_gmt":"2024-12-09T20:22:21","slug":"jugend","status":"publish","type":"page","link":"https:\/\/test.ref-cordast.ch\/fr\/aktivitaeten\/jugend\/","title":{"rendered":"Jugendkirche"},"content":{"rendered":"<p>Als junge Menschen Kirche mitgestalten und zu einem Ort machen, wo du dich wohlf\u00fchlst: In Cordast ist dies m\u00f6glich. Als Acco (Jungleitende), im Reiselager und an den Jugendanl\u00e4ssen gestalten junge Menschen Kirche f\u00fcr andere Jugendliche.<\/p>\n\n\n<div class='css-events-list'>Keine Veranstaltungen<\/div>\n\n\n\n<h3 class=\"wp-block-heading\"><strong>Contacts<\/strong><\/h3>\n\n\n\n<ul id=\"dvteamgrid624042060\" class=\"dvwookmark dvteamgrid \" data-dvalign=\"left\" data-dvoffset=\"20\" data-dvwidth=\"180\">\n    <li>\n        <figure>\n            <a id=\"dvgridboxlink6240420604762\" href=\"#dvteambox6240420604762\" >\n                <img decoding=\"async\" src=\"https:\/\/test.ref-cordast.ch\/wp-content\/uploads\/2022\/07\/Johanna-Bernhard-1.jpg\" alt=\"Johanna Bernhard\" \/>\n                                <div class=\"dv-member-zoom\"><i class=\"dvteamicon-info\"><\/i><\/div>\n                            <\/a>\n                <figcaption>\n                    <div class=\"dv-member-desc\">\n                        <div><span class=\"dv-member-name\">Johanna Bernhard<\/span><\/div>\n                                                <div><span class=\"dv-member-info\">Pasteure germanophone (65%)<\/span><\/div>\n                                            <\/div>\n                <\/figcaption>\n        <\/figure>\n    <\/li>\n            <li>\n        <figure>\n            <a id=\"dvgridboxlink6240420604725\" href=\"#dvteambox6240420604725\" >\n                <img decoding=\"async\" src=\"https:\/\/test.ref-cordast.ch\/wp-content\/uploads\/2022\/07\/Fabienne-Frutig.jpg\" alt=\"Fabienne Frutig\" \/>\n                                <div class=\"dv-member-zoom\"><i class=\"dvteamicon-info\"><\/i><\/div>\n                            <\/a>\n                <figcaption>\n                    <div class=\"dv-member-desc\">\n                        <div><span class=\"dv-member-name\">Fabienne Frutig<\/span><\/div>\n                                                <div><span class=\"dv-member-info\">Animation jeunesse<\/span><\/div>\n                                            <\/div>\n                <\/figcaption>\n        <\/figure>\n    <\/li>\n        <\/ul>\n<div class=\"dv-clear\"><\/div>\n\n\n\n\n<p><\/p>","protected":false},"excerpt":{"rendered":"<p>Als junge Menschen Kirche mitgestalten und zu einem Ort machen, wo du dich wohlf\u00fchlst: In Cordast ist dies m\u00f6glich. Als Acco (Jungleitende), im Reiselager und an den Jugendanl\u00e4ssen gestalten junge Menschen Kirche f\u00fcr andere Jugendliche. Contacts<\/p>\n","protected":false},"author":13,"featured_media":0,"parent":158,"menu_order":3,"comment_status":"closed","ping_status":"closed","template":"","meta":{"footnotes":""},"class_list":["post-6630","page","type-page","status-publish","hentry"],"_links":{"self":[{"href":"https:\/\/test.ref-cordast.ch\/fr\/wp-json\/wp\/v2\/pages\/6630"}],"collection":[{"href":"https:\/\/test.ref-cordast.ch\/fr\/wp-json\/wp\/v2\/pages"}],"about":[{"href":"https:\/\/test.ref-cordast.ch\/fr\/wp-json\/wp\/v2\/types\/page"}],"author":[{"embeddable":true,"href":"https:\/\/test.ref-cordast.ch\/fr\/wp-json\/wp\/v2\/users\/13"}],"replies":[{"embeddable":true,"href":"https:\/\/test.ref-cordast.ch\/fr\/wp-json\/wp\/v2\/comments?post=6630"}],"version-history":[{"count":10,"href":"https:\/\/test.ref-cordast.ch\/fr\/wp-json\/wp\/v2\/pages\/6630\/revisions"}],"predecessor-version":[{"id":6646,"href":"https:\/\/test.ref-cordast.ch\/fr\/wp-json\/wp\/v2\/pages\/6630\/revisions\/6646"}],"up":[{"embeddable":true,"href":"https:\/\/test.ref-cordast.ch\/fr\/wp-json\/wp\/v2\/pages\/158"}],"wp:attachment":[{"href":"https:\/\/test.ref-cordast.ch\/fr\/wp-json\/wp\/v2\/media?parent=6630"}],"curies":[{"name":"wp","href":"https:\/\/api.w.org\/{rel}","templated":true}]}}