{"id":657,"date":"2018-04-20T13:35:29","date_gmt":"2018-04-20T13:35:29","guid":{"rendered":"https:\/\/www.ref-cordast.ch\/?page_id=657"},"modified":"2024-01-05T20:56:18","modified_gmt":"2024-01-05T20:56:18","slug":"francais-groupe-adultes","status":"publish","type":"page","link":"https:\/\/test.ref-cordast.ch\/fr\/aktivitaeten\/erwachsene\/francais-groupe-adultes\/","title":{"rendered":"Groupe \u00e9changes &#038; partages"},"content":{"rendered":"<p><\/p>\n<p><a href=\"https:\/\/test.ref-cordast.ch\/wp-content\/uploads\/2023\/01\/logo-Echanges-partages.png\"><img loading=\"lazy\" decoding=\"async\" class=\"wp-image-5192 aligncenter\" src=\"https:\/\/test.ref-cordast.ch\/wp-content\/uploads\/2023\/01\/logo-Echanges-partages-300x169.png\" alt=\"\" width=\"336\" height=\"189\" srcset=\"https:\/\/test.ref-cordast.ch\/wp-content\/uploads\/2023\/01\/logo-Echanges-partages-300x169.png 300w, https:\/\/test.ref-cordast.ch\/wp-content\/uploads\/2023\/01\/logo-Echanges-partages-1024x576.png 1024w, https:\/\/test.ref-cordast.ch\/wp-content\/uploads\/2023\/01\/logo-Echanges-partages-768x432.png 768w, https:\/\/test.ref-cordast.ch\/wp-content\/uploads\/2023\/01\/logo-Echanges-partages-1536x864.png 1536w, https:\/\/test.ref-cordast.ch\/wp-content\/uploads\/2023\/01\/logo-Echanges-partages.png 1920w\" sizes=\"(max-width: 336px) 100vw, 336px\" \/><\/a><\/p>\n<p>Chaque mois nous nous retrouvons pour <strong>discuter et \u00e9changer<\/strong> sur des th\u00e8mes d&rsquo;actualit\u00e9, de spiritualit\u00e9, de soci\u00e9t\u00e9, etc., et cela de mani\u00e8re conviviale et informelle. Nous avons tous un avis, une id\u00e9e et l&rsquo;envie de les partager! Alors soyez les bienvenu.es.<\/p>\n<p>Ce groupe est ouvert \u00e0 tous, prenez contact avec votre pasteur-e si vous avez besoin de plus d\u2019informations.<\/p>\n<p><strong>Voici les prochaines dates d\u00e8s janvier 2024:<\/strong><br \/>\nvendredi 5 janvier<br \/>\nvendredi 2 f\u00e9vrier &gt; sur la chandeleur avec cr\u00eape-party<br \/>\nmardi 5 mars<br \/>\nvendredi 26 avril<br \/>\nvendredi 24 mai<br \/>\nvendredi 14 juin \u00e0 19h pour la grillade annuelle<\/p>\n<p><strong style=\"font-size: revert; color: initial;\">Horaires:<\/strong><span style=\"font-size: revert; color: initial;\"> 19h30<\/span><\/p>\n<p><strong>Lieu:<\/strong> centre paroissial \u00e0 Cordast<\/p>\n<p><\/p>","protected":false},"excerpt":{"rendered":"<p>Chaque mois nous nous retrouvons pour discuter et \u00e9changer sur des th\u00e8mes d&rsquo;actualit\u00e9, de spiritualit\u00e9, de soci\u00e9t\u00e9, etc., et cela de mani\u00e8re conviviale et informelle. Nous avons tous un avis, une id\u00e9e et l&rsquo;envie de les partager! Alors soyez les bienvenu.es. Ce groupe est ouvert \u00e0 tous, prenez contact avec votre pasteur-e si vous avez [&hellip;]<\/p>\n","protected":false},"author":5,"featured_media":0,"parent":151,"menu_order":0,"comment_status":"closed","ping_status":"closed","template":"","meta":{"footnotes":""},"class_list":["post-657","page","type-page","status-publish","hentry"],"_links":{"self":[{"href":"https:\/\/test.ref-cordast.ch\/fr\/wp-json\/wp\/v2\/pages\/657"}],"collection":[{"href":"https:\/\/test.ref-cordast.ch\/fr\/wp-json\/wp\/v2\/pages"}],"about":[{"href":"https:\/\/test.ref-cordast.ch\/fr\/wp-json\/wp\/v2\/types\/page"}],"author":[{"embeddable":true,"href":"https:\/\/test.ref-cordast.ch\/fr\/wp-json\/wp\/v2\/users\/5"}],"replies":[{"embeddable":true,"href":"https:\/\/test.ref-cordast.ch\/fr\/wp-json\/wp\/v2\/comments?post=657"}],"version-history":[{"count":24,"href":"https:\/\/test.ref-cordast.ch\/fr\/wp-json\/wp\/v2\/pages\/657\/revisions"}],"predecessor-version":[{"id":5896,"href":"https:\/\/test.ref-cordast.ch\/fr\/wp-json\/wp\/v2\/pages\/657\/revisions\/5896"}],"up":[{"embeddable":true,"href":"https:\/\/test.ref-cordast.ch\/fr\/wp-json\/wp\/v2\/pages\/151"}],"wp:attachment":[{"href":"https:\/\/test.ref-cordast.ch\/fr\/wp-json\/wp\/v2\/media?parent=657"}],"curies":[{"name":"wp","href":"https:\/\/api.w.org\/{rel}","templated":true}]}}