{"id":5843,"date":"2023-12-17T11:52:28","date_gmt":"2023-12-17T11:52:28","guid":{"rendered":"https:\/\/www.ref-cordast.ch\/?page_id=5843"},"modified":"2024-01-16T17:54:49","modified_gmt":"2024-01-16T17:54:49","slug":"praevention-und-anlaufstellen","status":"publish","type":"page","link":"https:\/\/test.ref-cordast.ch\/fr\/about\/praevention-und-anlaufstellen\/","title":{"rendered":"Pr\u00e9vention et personnes de contact"},"content":{"rendered":"<p><\/p>\n\n\n\n<p>La paroisse de Cordast veut \u00eatre un lieu s\u00fbr. Toutes les personnes doivent s&rsquo;y sentir bienvenues et \u00e0 l&rsquo;aise. Si toutefois vous vivez ou avez v\u00e9cu une situation peu claire ou d\u00e9sagr\u00e9able, vous pouvez vous adresser \u00e0 l&rsquo;une de nos personnes de contact internes &#8211; ou \u00e0 un service d&rsquo;accueil externe et ind\u00e9pendant, bien entendu de mani\u00e8re anonyme et confidentielle.<\/p>\n\n\n\n<p><strong>Personnes de contact de la paroisse de Cordast<\/strong><\/p>\n\n\n\n<ul id=\"dvteamgrid1440799482\" class=\"dvwookmark dvteamgrid \" data-dvalign=\"left\" data-dvoffset=\"20\" data-dvwidth=\"180\">\n    <li>\n        <figure>\n            <a id=\"dvgridboxlink14407994823700\" href=\"#dvteambox14407994823700\" >\n                <img decoding=\"async\" src=\"https:\/\/test.ref-cordast.ch\/wp-content\/uploads\/2020\/12\/Susanne_Kuonen-e1612272818265-768x1024.jpg\" alt=\"Susanne Kuonen\" \/>\n                                <div class=\"dv-member-zoom\"><i class=\"dvteamicon-info\"><\/i><\/div>\n                            <\/a>\n                <figcaption>\n                    <div class=\"dv-member-desc\">\n                        <div><span class=\"dv-member-name\">Susanne Kuonen<\/span><\/div>\n                                                <div><span class=\"dv-member-info\">Membre du conseil Ressort Personnel et Finance<\/span><\/div>\n                                            <\/div>\n                <\/figcaption>\n        <\/figure>\n    <\/li>\n            <li>\n        <figure>\n            <a id=\"dvgridboxlink1440799482444\" href=\"#dvteambox1440799482444\" >\n                <img decoding=\"async\" src=\"https:\/\/test.ref-cordast.ch\/wp-content\/uploads\/2018\/04\/Estelle_IMG_2898-e1523367041791.jpg\" alt=\"Estelle Zbinden\" \/>\n                                <div class=\"dv-member-zoom\"><i class=\"dvteamicon-info\"><\/i><\/div>\n                            <\/a>\n                <figcaption>\n                    <div class=\"dv-member-desc\">\n                        <div><span class=\"dv-member-name\">Estelle Zbinden<\/span><\/div>\n                                                <div><span class=\"dv-member-info\">Pasteure francophone (50%) et aum\u00f4nier des coll\u00e8ges (30%)<\/span><\/div>\n                                            <\/div>\n                <\/figcaption>\n        <\/figure>\n    <\/li>\n        <\/ul>\n<div class=\"dv-clear\"><\/div>\n\n\n\n\n<p><strong>Personnes de contact et informations de l&rsquo;Eglise \u00e9vang\u00e9lique r\u00e9form\u00e9e du canton de Fribourg<\/strong><\/p>\n\n\n\n<p><a href=\"https:\/\/www.ref-fr.ch\/groupes-travail\">Groupe de r\u00e9f\u00e9rence contre le harc\u00e8lement sexuel et abus sexuels dans l&rsquo;Eglise en tant que lieu de travail<\/a><\/p>\n\n\n\n<p><strong>Services sp\u00e9cialis\u00e9s ind\u00e9pendants et possibilit\u00e9s de contact<\/strong><\/p>\n\n\n\n<ul class=\"wp-block-list\">\n<li><a href=\"https:\/\/www.opferhilfe-schweiz.ch\/fr\/ou-puis-je-trouver-de-laide\/\">Centres cantonaux de consultations d&rsquo;aide aux victimes<\/a><\/li>\n\n\n\n<li><a href=\"https:\/\/www.espas.info\" target=\"_blank\" rel=\"noreferrer noopener\">Association ESPAS : Espace de Soutien et de Pr\u00e9vention \u2013 Abus Sexuels<\/a><\/li>\n\n\n\n<li><a href=\"https:\/\/limita.ch\" target=\"_blank\" rel=\"noreferrer noopener\">Limita Fachstelle f\u00fcr Pr\u00e4vention sexueller Ausbeutung<\/a><\/li>\n<\/ul>","protected":false},"excerpt":{"rendered":"<p>La paroisse de Cordast veut \u00eatre un lieu s\u00fbr. Toutes les personnes doivent s&rsquo;y sentir bienvenues et \u00e0 l&rsquo;aise. Si toutefois vous vivez ou avez v\u00e9cu une situation peu claire ou d\u00e9sagr\u00e9able, vous pouvez vous adresser \u00e0 l&rsquo;une de nos personnes de contact internes &#8211; ou \u00e0 un service d&rsquo;accueil externe et ind\u00e9pendant, bien entendu [&hellip;]<\/p>\n","protected":false},"author":2,"featured_media":0,"parent":236,"menu_order":0,"comment_status":"closed","ping_status":"closed","template":"","meta":{"footnotes":""},"class_list":["post-5843","page","type-page","status-publish","hentry"],"_links":{"self":[{"href":"https:\/\/test.ref-cordast.ch\/fr\/wp-json\/wp\/v2\/pages\/5843"}],"collection":[{"href":"https:\/\/test.ref-cordast.ch\/fr\/wp-json\/wp\/v2\/pages"}],"about":[{"href":"https:\/\/test.ref-cordast.ch\/fr\/wp-json\/wp\/v2\/types\/page"}],"author":[{"embeddable":true,"href":"https:\/\/test.ref-cordast.ch\/fr\/wp-json\/wp\/v2\/users\/2"}],"replies":[{"embeddable":true,"href":"https:\/\/test.ref-cordast.ch\/fr\/wp-json\/wp\/v2\/comments?post=5843"}],"version-history":[{"count":17,"href":"https:\/\/test.ref-cordast.ch\/fr\/wp-json\/wp\/v2\/pages\/5843\/revisions"}],"predecessor-version":[{"id":5934,"href":"https:\/\/test.ref-cordast.ch\/fr\/wp-json\/wp\/v2\/pages\/5843\/revisions\/5934"}],"up":[{"embeddable":true,"href":"https:\/\/test.ref-cordast.ch\/fr\/wp-json\/wp\/v2\/pages\/236"}],"wp:attachment":[{"href":"https:\/\/test.ref-cordast.ch\/fr\/wp-json\/wp\/v2\/media?parent=5843"}],"curies":[{"name":"wp","href":"https:\/\/api.w.org\/{rel}","templated":true}]}}