{"id":5733,"date":"2023-10-30T09:08:09","date_gmt":"2023-10-30T09:08:09","guid":{"rendered":"https:\/\/www.ref-cordast.ch\/?page_id=5733"},"modified":"2024-09-09T10:20:33","modified_gmt":"2024-09-09T10:20:33","slug":"150j","status":"publish","type":"page","link":"https:\/\/test.ref-cordast.ch\/fr\/150j\/","title":{"rendered":"Jubil\u00e9 1874-2024"},"content":{"rendered":"<div style=\"height:10px\" aria-hidden=\"true\" class=\"wp-block-spacer\"><\/div>\n\n\n\n<figure class=\"wp-block-image size-full\"><img loading=\"lazy\" decoding=\"async\" width=\"840\" height=\"360\" src=\"https:\/\/test.ref-cordast.ch\/wp-content\/uploads\/2024\/01\/Jubilaeumsmosaik_gr-1.jpg\" alt=\"\" class=\"wp-image-5912\" srcset=\"https:\/\/test.ref-cordast.ch\/wp-content\/uploads\/2024\/01\/Jubilaeumsmosaik_gr-1.jpg 840w, https:\/\/test.ref-cordast.ch\/wp-content\/uploads\/2024\/01\/Jubilaeumsmosaik_gr-1-300x129.jpg 300w, https:\/\/test.ref-cordast.ch\/wp-content\/uploads\/2024\/01\/Jubilaeumsmosaik_gr-1-768x329.jpg 768w\" sizes=\"(max-width: 840px) 100vw, 840px\" \/><\/figure>\n\n\n\n<div style=\"height:20px\" aria-hidden=\"true\" class=\"wp-block-spacer\"><\/div>\n\n\n\n<p>En mars 1874, le Grand Conseil fribourgeois a approuv\u00e9 la cr\u00e9ation de la paroisse de Cordast et la construction d&rsquo;une \u00e9glise. 150 ans apr\u00e8s cette d\u00e9cision, le jubil\u00e9 sera c\u00e9l\u00e9br\u00e9 par diff\u00e9rentes \u00e9v\u00e8nements et cultes.<\/p>\n\n\n\n<p><a href=\"https:\/\/www.reformes.ch\/sites\/default\/files\/data\/documents\/journal-reformes\/074%20Mars%202024\/Ref_cordast_03.2024.pdf\">Encart sp\u00e9cial du journal \u00abR\u00e9form\u00e9s\u00bb sur l\u2019histoire et les activit\u00e9s du jubil\u00e9<\/a> (Mars 2024 PDF)<\/p>\n\n\n\n<details class=\"wp-block-details is-layout-flow wp-block-details-is-layout-flow\"><summary>Documents et liens sur l&rsquo;histoire<\/summary>\n<ul class=\"wp-block-list\">\n<li>Vue d&rsquo;ensemble\n<ul class=\"wp-block-list\">\n<li><a href=\"https:\/\/test.ref-cordast.ch\/menschen-und-orte\/geschichte\/\">Vue d&rsquo;ensemble de l&rsquo;histoire de la paroisse de Cordast<\/a><\/li>\n<\/ul>\n<\/li>\n\n\n\n<li>\u00c9coles \u00e0 Gurmels et Courtepin\n<ul class=\"wp-block-list\">\n<li><a href=\"https:\/\/courtepin.friweb.ch\/de\/node\/99\" data-type=\"link\" data-id=\"https:\/\/courtepin.friweb.ch\/de\/node\/99\" target=\"_blank\" rel=\"noreferrer noopener\">Geschichte der reformierten Schule (FOS) Courtepin<\/a> (externer Link, en allemand)<\/li>\n<\/ul>\n<\/li>\n\n\n\n<li>C\u00e9l\u00e9brations du 5 au 7 juillet 1974 \u00e0 l&rsquo;occasion du jubil\u00e9 des 100 ans de la paroisse de Cordast\n<ul class=\"wp-block-list\">\n<li><a href=\"https:\/\/youtu.be\/aRVjjLQFC00\" target=\"_blank\" rel=\"noreferrer noopener\">Film sur la pr\u00e9paration de la f\u00eate, le lever de cloche et le bazar<\/a> (Youtube &#8211; sans le son)<\/li>\n\n\n\n<li><a href=\"https:\/\/youtu.be\/lfQ_zT0FJ8U\" target=\"_blank\" rel=\"noreferrer noopener\">Film du cort\u00e8ge avec transport de sapins<\/a> (Youtube &#8211; sans son)<\/li>\n<\/ul>\n<\/li>\n<\/ul>\n<\/details>\n\n\n\n<p><\/p>\n\n\n\n<div style=\"height:30px\" aria-hidden=\"true\" class=\"wp-block-spacer\"><\/div>","protected":false},"excerpt":{"rendered":"<p>En mars 1874, le Grand Conseil fribourgeois a approuv\u00e9 la cr\u00e9ation de la paroisse de Cordast et la construction d&rsquo;une \u00e9glise. 150 ans apr\u00e8s cette d\u00e9cision, le jubil\u00e9 sera c\u00e9l\u00e9br\u00e9 par diff\u00e9rentes \u00e9v\u00e8nements et cultes. Encart sp\u00e9cial du journal \u00abR\u00e9form\u00e9s\u00bb sur l\u2019histoire et les activit\u00e9s du jubil\u00e9 (Mars 2024 PDF)<\/p>\n","protected":false},"author":2,"featured_media":0,"parent":0,"menu_order":0,"comment_status":"closed","ping_status":"closed","template":"","meta":{"footnotes":""},"class_list":["post-5733","page","type-page","status-publish","hentry"],"_links":{"self":[{"href":"https:\/\/test.ref-cordast.ch\/fr\/wp-json\/wp\/v2\/pages\/5733"}],"collection":[{"href":"https:\/\/test.ref-cordast.ch\/fr\/wp-json\/wp\/v2\/pages"}],"about":[{"href":"https:\/\/test.ref-cordast.ch\/fr\/wp-json\/wp\/v2\/types\/page"}],"author":[{"embeddable":true,"href":"https:\/\/test.ref-cordast.ch\/fr\/wp-json\/wp\/v2\/users\/2"}],"replies":[{"embeddable":true,"href":"https:\/\/test.ref-cordast.ch\/fr\/wp-json\/wp\/v2\/comments?post=5733"}],"version-history":[{"count":35,"href":"https:\/\/test.ref-cordast.ch\/fr\/wp-json\/wp\/v2\/pages\/5733\/revisions"}],"predecessor-version":[{"id":6482,"href":"https:\/\/test.ref-cordast.ch\/fr\/wp-json\/wp\/v2\/pages\/5733\/revisions\/6482"}],"wp:attachment":[{"href":"https:\/\/test.ref-cordast.ch\/fr\/wp-json\/wp\/v2\/media?parent=5733"}],"curies":[{"name":"wp","href":"https:\/\/api.w.org\/{rel}","templated":true}]}}