{"id":47,"date":"2018-03-04T11:04:04","date_gmt":"2018-03-04T11:04:04","guid":{"rendered":"https:\/\/www.ref-cordast.ch\/?page_id=47"},"modified":"2018-08-02T06:02:12","modified_gmt":"2018-08-02T06:02:12","slug":"francais-au-cours-dune-vie","status":"publish","type":"page","link":"https:\/\/test.ref-cordast.ch\/fr\/gottesdienste\/francais-au-cours-dune-vie\/","title":{"rendered":"Au cours d&rsquo;une vie"},"content":{"rendered":"<p>Nous rencontrons au cours d\u2019une vie de nombreuses occasions pour lesquelles l\u2019\u00e9glise devient un soutien, un lieu de c\u00e9l\u00e9bration, un lieu de partage\u2026<\/p>\n<ul>\n<li><a href=\"https:\/\/test.ref-cordast.ch\/gottesdienste\/francais-au-cours-dune-vie\/bapteme\/\">Bapt\u00eame<\/a><\/li>\n<li><a href=\"https:\/\/test.ref-cordast.ch\/gottesdienste\/francais-au-cours-dune-vie\/konfirmation\/\">Confirmation<\/a><\/li>\n<li><a href=\"https:\/\/test.ref-cordast.ch\/gottesdienste\/francais-au-cours-dune-vie\/trauung\/\">Mariage<\/a><\/li>\n<li><a href=\"https:\/\/test.ref-cordast.ch\/gottesdienste\/spiritualitaet\/seelsorge\/\">Accompagnement spirituel<\/a><\/li>\n<li><a href=\"https:\/\/test.ref-cordast.ch\/gottesdienste\/francais-au-cours-dune-vie\/beerdigung\/\">Enterrement<\/a><\/li>\n<\/ul>\n<p>&nbsp;<\/p>\n<p>Nous sommes pr\u00e9sents pour vous accompagner \u00e0 chaque moment important de votre vie pour r\u00e9pondre \u00e0 vos demandes.<\/p>","protected":false},"excerpt":{"rendered":"<p>Nous rencontrons au cours d\u2019une vie de nombreuses occasions pour lesquelles l\u2019\u00e9glise devient un soutien, un lieu de c\u00e9l\u00e9bration, un lieu de partage\u2026 Bapt\u00eame Confirmation Mariage Accompagnement spirituel Enterrement &nbsp; Nous sommes pr\u00e9sents pour vous accompagner \u00e0 chaque moment important de votre vie pour r\u00e9pondre \u00e0 vos demandes.<\/p>\n","protected":false},"author":3,"featured_media":0,"parent":28,"menu_order":0,"comment_status":"closed","ping_status":"closed","template":"","meta":{"footnotes":""},"class_list":["post-47","page","type-page","status-publish","hentry"],"_links":{"self":[{"href":"https:\/\/test.ref-cordast.ch\/fr\/wp-json\/wp\/v2\/pages\/47"}],"collection":[{"href":"https:\/\/test.ref-cordast.ch\/fr\/wp-json\/wp\/v2\/pages"}],"about":[{"href":"https:\/\/test.ref-cordast.ch\/fr\/wp-json\/wp\/v2\/types\/page"}],"author":[{"embeddable":true,"href":"https:\/\/test.ref-cordast.ch\/fr\/wp-json\/wp\/v2\/users\/3"}],"replies":[{"embeddable":true,"href":"https:\/\/test.ref-cordast.ch\/fr\/wp-json\/wp\/v2\/comments?post=47"}],"version-history":[{"count":9,"href":"https:\/\/test.ref-cordast.ch\/fr\/wp-json\/wp\/v2\/pages\/47\/revisions"}],"predecessor-version":[{"id":1787,"href":"https:\/\/test.ref-cordast.ch\/fr\/wp-json\/wp\/v2\/pages\/47\/revisions\/1787"}],"up":[{"embeddable":true,"href":"https:\/\/test.ref-cordast.ch\/fr\/wp-json\/wp\/v2\/pages\/28"}],"wp:attachment":[{"href":"https:\/\/test.ref-cordast.ch\/fr\/wp-json\/wp\/v2\/media?parent=47"}],"curies":[{"name":"wp","href":"https:\/\/api.w.org\/{rel}","templated":true}]}}