{"id":4698,"date":"2022-06-09T08:44:39","date_gmt":"2022-06-09T08:44:39","guid":{"rendered":"https:\/\/www.ref-cordast.ch\/?page_id=4698"},"modified":"2024-03-30T10:24:05","modified_gmt":"2024-03-30T10:24:05","slug":"generationentisch","status":"publish","type":"page","link":"https:\/\/test.ref-cordast.ch\/fr\/aktivitaeten\/generationentisch\/","title":{"rendered":"Repas &#8211; Rencontres"},"content":{"rendered":"<div class=\"wp-block-image\">\n<figure class=\"alignright size-full\"><img loading=\"lazy\" decoding=\"async\" width=\"300\" height=\"180\" src=\"https:\/\/test.ref-cordast.ch\/wp-content\/uploads\/2022\/08\/Generationentisch_neu2.jpg\" alt=\"\" class=\"wp-image-4807\"\/><\/figure><\/div>\n\n\n<p>Voici un projet qui attend depuis quelques mois, pour voir le jour. Il nous tenait \u00e0 c\u0153ur, depuis de nombreuses ann\u00e9es, de pouvoir proposer un temps inter-g\u00e9n\u00e9rationnel dans votre paroisse, o\u00f9 tous \u00e2ges sont m\u00e9lang\u00e9s. Nous rencontrons souvent des moments dans nos vies pendant lesquels les diff\u00e9rentes g\u00e9n\u00e9rations de nos familles se m\u00e9langent, tels que la c\u00e9l\u00e9bration de bapt\u00eame ou de confirmation, ou plus tristement lors de services fun\u00e8bres. Il s\u2019y passe de belles rencontres mais le temps manque souvent pour se parler et \u00e9changer.<\/p>\n\n\n\n<p>C\u2019est pourquoi nous souhaitions \u00e0 Cordast \u00ab donner du temps au temps \u00bb, en remettant la rencontre au centre, et quoi de mieux qu\u2019un repas pour bavarder et faire connaissance ? Nous vous invitons donc \u00e0 venir partager un repas pr\u00e9par\u00e9 par des b\u00e9n\u00e9voles engag\u00e9\u00b7e\u00b7s, tous les premiers mercredis du mois.<br>Le lancement de ce projet se fera le mercredi 7 septembre \u00e0 11h45. Il faut compter, avec le caf\u00e9, 12.- CHF par adulte et 8.- CHF pour les enfants \u00e0 partir de 8 ans (les enfants de 2 \u00e0 8 ans paient selon leur \u00e2ge).<\/p>\n\n\n\n<h4 class=\"wp-block-heading\">Contacts<\/h4>\n\n\n\n<ul id=\"dvteamgrid480902637\" class=\"dvwookmark dvteamgrid \" data-dvalign=\"left\" data-dvoffset=\"20\" data-dvwidth=\"180\">\n    <li>\n        <figure>\n            <a id=\"dvgridboxlink480902637457\" href=\"#dvteambox480902637457\" >\n                <img decoding=\"async\" src=\"https:\/\/test.ref-cordast.ch\/wp-content\/uploads\/2018\/04\/Norbert.jpg\" alt=\"Norbert Wysser-H\u00e4ni\" \/>\n                                <div class=\"dv-member-zoom\"><i class=\"dvteamicon-info\"><\/i><\/div>\n                            <\/a>\n                <figcaption>\n                    <div class=\"dv-member-desc\">\n                        <div><span class=\"dv-member-name\">Norbert Wysser-H\u00e4ni<\/span><\/div>\n                                                <div><span class=\"dv-member-info\">Pasteur germanophone (60%)<\/span><\/div>\n                                            <\/div>\n                <\/figcaption>\n        <\/figure>\n    <\/li>\n            <li>\n        <figure>\n            <a id=\"dvgridboxlink480902637458\" href=\"#dvteambox480902637458\" >\n                <img decoding=\"async\" src=\"https:\/\/test.ref-cordast.ch\/wp-content\/uploads\/2018\/05\/Monika-Zurkinden-e1526406842861.jpg\" alt=\"Monika Zurkinden\" \/>\n                                <div class=\"dv-member-zoom\"><i class=\"dvteamicon-info\"><\/i><\/div>\n                            <\/a>\n                <figcaption>\n                    <div class=\"dv-member-desc\">\n                        <div><span class=\"dv-member-name\">Monika Zurkinden<\/span><\/div>\n                                                <div><span class=\"dv-member-info\">Cat\u00e9ch\u00e8te et charg\u00e9e de projet enfants\/adults<\/span><\/div>\n                                            <\/div>\n                <\/figcaption>\n        <\/figure>\n    <\/li>\n        <\/ul>\n<div class=\"dv-clear\"><\/div>\n\n\n\n\n<p>&nbsp;<\/p>","protected":false},"excerpt":{"rendered":"<p>Voici un projet qui attend depuis quelques mois, pour voir le jour. Il nous tenait \u00e0 c\u0153ur, depuis de nombreuses ann\u00e9es, de pouvoir proposer un temps inter-g\u00e9n\u00e9rationnel dans votre paroisse, o\u00f9 tous \u00e2ges sont m\u00e9lang\u00e9s. Nous rencontrons souvent des moments dans nos vies pendant lesquels les diff\u00e9rentes g\u00e9n\u00e9rations de nos familles se m\u00e9langent, tels que [&hellip;]<\/p>\n","protected":false},"author":6,"featured_media":0,"parent":158,"menu_order":5,"comment_status":"closed","ping_status":"closed","template":"","meta":{"footnotes":""},"class_list":["post-4698","page","type-page","status-publish","hentry"],"_links":{"self":[{"href":"https:\/\/test.ref-cordast.ch\/fr\/wp-json\/wp\/v2\/pages\/4698"}],"collection":[{"href":"https:\/\/test.ref-cordast.ch\/fr\/wp-json\/wp\/v2\/pages"}],"about":[{"href":"https:\/\/test.ref-cordast.ch\/fr\/wp-json\/wp\/v2\/types\/page"}],"author":[{"embeddable":true,"href":"https:\/\/test.ref-cordast.ch\/fr\/wp-json\/wp\/v2\/users\/6"}],"replies":[{"embeddable":true,"href":"https:\/\/test.ref-cordast.ch\/fr\/wp-json\/wp\/v2\/comments?post=4698"}],"version-history":[{"count":14,"href":"https:\/\/test.ref-cordast.ch\/fr\/wp-json\/wp\/v2\/pages\/4698\/revisions"}],"predecessor-version":[{"id":6198,"href":"https:\/\/test.ref-cordast.ch\/fr\/wp-json\/wp\/v2\/pages\/4698\/revisions\/6198"}],"up":[{"embeddable":true,"href":"https:\/\/test.ref-cordast.ch\/fr\/wp-json\/wp\/v2\/pages\/158"}],"wp:attachment":[{"href":"https:\/\/test.ref-cordast.ch\/fr\/wp-json\/wp\/v2\/media?parent=4698"}],"curies":[{"name":"wp","href":"https:\/\/api.w.org\/{rel}","templated":true}]}}