{"id":4033,"date":"2021-07-02T15:13:14","date_gmt":"2021-07-02T15:13:14","guid":{"rendered":"https:\/\/www.ref-cordast.ch\/?page_id=4033"},"modified":"2024-04-16T10:09:02","modified_gmt":"2024-04-16T10:09:02","slug":"reformiert-und-presserueckschau","status":"publish","type":"page","link":"https:\/\/test.ref-cordast.ch\/fr\/about\/geschichte\/reformiert-und-presserueckschau\/","title":{"rendered":"R\u00e9form\u00e9s et revue de presse"},"content":{"rendered":"<h4 class=\"wp-block-heading\">Dix fois par ans : des nouvelles de la paroisse<\/h4>\n\n\n\n<p>Les membres francophones de la paroisse de Cordast recevront le journal \u00abR\u00e9form\u00e9s\u00bb. <strong>Le journal \u00abR\u00e9form\u00e9s\u00bb <\/strong>parait 10 fois par ann\u00e9e, traite de nombreux sujets d&rsquo;actualit\u00e9. Un encart informera sur les cultes et les activit\u00e9s \u00e0 Cordast. Vous pouvez vous abonner en plus au journal germanophone \u00abreformiert.\u00bb.<\/p>\n\n\n\n<p><a rel=\"noreferrer noopener\" href=\"https:\/\/www.reformes.ch\/source\/reformes-le-journal\/archives#cordast\" target=\"_blank\">\u00bb Encart paroissial de Cordast<\/a><br><a rel=\"noreferrer noopener\" href=\"https:\/\/www.reformes.ch\" target=\"_blank\">\u00bb R\u00e9form\u00e9s &#8211; le journal<\/a><br><a rel=\"noreferrer noopener\" href=\"https:\/\/reformiert.info\" target=\"_blank\">\u00bb Site web du journal germanophone \u00abreformiert.\u00bb<\/a><br><\/p>\n\n\n\n<p>&nbsp;<\/p>\n\n\n\n<h4 class=\"wp-block-heading\">La paroisse r\u00e9form\u00e9e de Cordast dans la presse<\/h4>\n\n\n\n<div class=\"wp-block-file\"><a id=\"wp-block-file--media-71ea6117-0e05-45b5-9224-4e7f2486247d\" href=\"https:\/\/test.ref-cordast.ch\/wp-content\/uploads\/2024\/04\/image1.jpeg\">\u00ab Une paroisse plus que centenaire \u00bb la Libert\u00e9 | 15.04.2024<\/a><a href=\"https:\/\/test.ref-cordast.ch\/wp-content\/uploads\/2024\/04\/image1.jpeg\" class=\"wp-block-file__button wp-element-button\" download aria-describedby=\"wp-block-file--media-71ea6117-0e05-45b5-9224-4e7f2486247d\">Herunterladen<\/a><\/div>\n\n\n\n<div class=\"wp-block-file\"><a id=\"wp-block-file--media-b616499e-a5ff-46fd-9bab-d477652fba51\" href=\"https:\/\/test.ref-cordast.ch\/wp-content\/uploads\/2024\/04\/FN2024-04-15-Rote-Kirchenbank-in-Cressier.pdf\">Gesehen in: \u00abRote Kirchenbank in Cressier\u00bb Freiburger Nachrichten | 15.04.2024<\/a><a href=\"https:\/\/test.ref-cordast.ch\/wp-content\/uploads\/2024\/04\/FN2024-04-15-Rote-Kirchenbank-in-Cressier.pdf\" class=\"wp-block-file__button wp-element-button\" download aria-describedby=\"wp-block-file--media-b616499e-a5ff-46fd-9bab-d477652fba51\">Herunterladen<\/a><\/div>\n\n\n\n<div class=\"wp-block-file\"><a id=\"wp-block-file--media-eb4c38e3-f0bf-4b42-a225-9be5457e4e37\" href=\"https:\/\/test.ref-cordast.ch\/wp-content\/uploads\/2024\/03\/2024-03-08-MB-Eine-Kirche-fernab-von-Versuchungen.pdf\">\u00abEine Kirche fernab von Versuchungen\u00bb Murtenbieter | 08.03.2024<\/a><a href=\"https:\/\/test.ref-cordast.ch\/wp-content\/uploads\/2024\/03\/2024-03-08-MB-Eine-Kirche-fernab-von-Versuchungen.pdf\" class=\"wp-block-file__button wp-element-button\" download aria-describedby=\"wp-block-file--media-eb4c38e3-f0bf-4b42-a225-9be5457e4e37\">Herunterladen<\/a><\/div>\n\n\n\n<div class=\"wp-block-file\"><a id=\"wp-block-file--media-ec05ed9f-1013-46de-a315-033048dd5c91\" href=\"https:\/\/test.ref-cordast.ch\/wp-content\/uploads\/2024\/03\/2024-03-02-FN-Reise-in-die-Vergangenheit.pdf\">\u00abReise in die Vergangenheit\u00bb Freiburger Nachrichten | 02.03.2024<\/a><a href=\"https:\/\/test.ref-cordast.ch\/wp-content\/uploads\/2024\/03\/2024-03-02-FN-Reise-in-die-Vergangenheit.pdf\" class=\"wp-block-file__button wp-element-button\" download aria-describedby=\"wp-block-file--media-ec05ed9f-1013-46de-a315-033048dd5c91\">Herunterladen<\/a><\/div>\n\n\n\n<div class=\"wp-block-file\"><a id=\"wp-block-file--media-198628b0-0bcf-465c-a06c-e47d2a56224c\" href=\"https:\/\/test.ref-cordast.ch\/wp-content\/uploads\/2024\/03\/2024-03-01-MB-Kirchenbank.pdf\">\u00abJubil\u00e4um mit einer Kirchenbank\u00bb Murtenbieter | 01.03.2024<\/a><a href=\"https:\/\/test.ref-cordast.ch\/wp-content\/uploads\/2024\/03\/2024-03-01-MB-Kirchenbank.pdf\" class=\"wp-block-file__button wp-element-button\" download aria-describedby=\"wp-block-file--media-198628b0-0bcf-465c-a06c-e47d2a56224c\">Herunterladen<\/a><\/div>\n\n\n\n<div class=\"wp-block-group\"><div class=\"wp-block-group__inner-container is-layout-constrained wp-block-group-is-layout-constrained\">\n<p class=\"has-small-font-size\"><a rel=\"noreferrer noopener\" href=\"https:\/\/frapp.ch\/de\/articles\/stories\/der-umgekehrte-adventskalender-war-ein-erfolg\" target=\"_blank\">\u00abDer \u00ab\u00a0umgekehrte Adventskalender\u00a0\u00bb war ein Erfolg\u00bb News-App frapp.ch | 25.12.2022<\/a><\/p>\n\n\n\n<p class=\"has-small-font-size\"><a href=\"https:\/\/frapp.ch\/de\/articles\/stories\/der-umgekehrte-adventskalender-im-seeland\" target=\"_blank\" rel=\"noreferrer noopener\">\u00abDer \u00ab\u00a0umgekehrte Adventskalender\u00a0\u00bb im Seeland\u00bb News-App frapp.ch | 01.12.2022<\/a><\/p>\n\n\n\n<p class=\"has-small-font-size\"><a rel=\"noreferrer noopener\" href=\"https:\/\/www.srf.ch\/audio\/regionaljournal-bern-freiburg-wallis\/mehr-kapazitaeten-fuer-die-schulsozialarbeit?id=12102695\" target=\"_blank\">\u00abAdventskalender mal umgekehrt: etwas reintun, statt rausnehmen\u00bb (ab 15:16) SRF Regionaljournal Bern Freiburg Wallis | 25.12.2022<\/a><\/p>\n\n\n\n<div class=\"wp-block-file\"><a id=\"wp-block-file--media-8e1357d4-8ee0-4b90-a8f1-16d578c54b8d\" href=\"https:\/\/test.ref-cordast.ch\/wp-content\/uploads\/2021\/09\/Ref-21-07-REN-postprod-Cate-Cpin.pdf\">\u00abFribourg : le cat\u00e9chisme \u00e0 l\u2019\u00e9cole\u00bb R\u00e9form\u00e9s | Septembre 2021<\/a><a href=\"https:\/\/test.ref-cordast.ch\/wp-content\/uploads\/2021\/09\/Ref-21-07-REN-postprod-Cate-Cpin.pdf\" class=\"wp-block-file__button wp-element-button\" download aria-describedby=\"wp-block-file--media-8e1357d4-8ee0-4b90-a8f1-16d578c54b8d\">Herunterladen<\/a><\/div>\n\n\n\n<div class=\"wp-block-file\"><a id=\"wp-block-file--media-6a44bc87-1777-4f9d-b920-cb0b34ea179c\" href=\"https:\/\/test.ref-cordast.ch\/wp-content\/uploads\/2021\/07\/210618-Spiritness-Cordast.pdf\">\u00abSpiritness&nbsp;f\u00fcr den Kirchgemeinderat\u00bb Murtenbieter vom 18.06.2021<\/a><a href=\"https:\/\/test.ref-cordast.ch\/wp-content\/uploads\/2021\/07\/210618-Spiritness-Cordast.pdf\" class=\"wp-block-file__button wp-element-button\" download aria-describedby=\"wp-block-file--media-6a44bc87-1777-4f9d-b920-cb0b34ea179c\">Herunterladen<\/a><\/div>\n\n\n\n<div class=\"wp-block-file\"><a id=\"wp-block-file--media-73d4cbe8-3bc5-4d0b-b2ee-c8f4642aa566\" href=\"https:\/\/test.ref-cordast.ch\/wp-content\/uploads\/2021\/07\/210601-KG-Versammlung-Cordast.pdf\">\u00abGenerationenwechsel im Kirchgemeinderat Cordast\u00bb Murtenbieter vom 01.06.2021<\/a><a href=\"https:\/\/test.ref-cordast.ch\/wp-content\/uploads\/2021\/07\/210601-KG-Versammlung-Cordast.pdf\" class=\"wp-block-file__button wp-element-button\" download aria-describedby=\"wp-block-file--media-73d4cbe8-3bc5-4d0b-b2ee-c8f4642aa566\">Herunterladen<\/a><\/div>\n\n\n\n<div class=\"wp-block-file\"><a id=\"wp-block-file--media-1152c959-b822-42a6-9425-ade0ff1b21c1\" href=\"https:\/\/test.ref-cordast.ch\/wp-content\/uploads\/2021\/07\/200710-Murtenbieter-Konf.pdf\">\u00abBewegte Konfirmationen in Cordast\u00bb Murtenbieter vom 10.07.2020<\/a><a href=\"https:\/\/test.ref-cordast.ch\/wp-content\/uploads\/2021\/07\/200710-Murtenbieter-Konf.pdf\" class=\"wp-block-file__button wp-element-button\" download aria-describedby=\"wp-block-file--media-1152c959-b822-42a6-9425-ade0ff1b21c1\">Herunterladen<\/a><\/div>\n\n\n\n<div class=\"wp-block-file\"><a id=\"wp-block-file--media-74ec73ed-6c8b-4b11-8099-f31c47e47f33\" href=\"https:\/\/test.ref-cordast.ch\/wp-content\/uploads\/2022\/01\/190924-Zeichen-fuer-die-Schoepfung.pdf\">\u00abKirchen setzen Zeichen f\u00fcr die Wahrung der Sch\u00f6pfung\u00bb Freiburger Nachrichten vom 24.09.2019<\/a><a href=\"https:\/\/test.ref-cordast.ch\/wp-content\/uploads\/2022\/01\/190924-Zeichen-fuer-die-Schoepfung.pdf\" class=\"wp-block-file__button wp-element-button\" download aria-describedby=\"wp-block-file--media-74ec73ed-6c8b-4b11-8099-f31c47e47f33\">Herunterladen<\/a><\/div>\n\n\n\n<div class=\"wp-block-file\"><a id=\"wp-block-file--media-1e1d4ff6-285f-48f8-8036-22b3522f6b8c\" href=\"https:\/\/test.ref-cordast.ch\/wp-content\/uploads\/2021\/07\/180410-MB-TX-04.pdf\">\u00abOstern im Zeichen eines Bilderbuches\u00bb Murtenbieter vom 10.04.2018<\/a><a href=\"https:\/\/test.ref-cordast.ch\/wp-content\/uploads\/2021\/07\/180410-MB-TX-04.pdf\" class=\"wp-block-file__button wp-element-button\" download aria-describedby=\"wp-block-file--media-1e1d4ff6-285f-48f8-8036-22b3522f6b8c\">Herunterladen<\/a><\/div>\n\n\n\n<div class=\"wp-block-file\"><a id=\"wp-block-file--media-0c6d0d48-5ae3-4caf-9b7a-d5c1ffe9318f\" href=\"https:\/\/test.ref-cordast.ch\/wp-content\/uploads\/2021\/07\/180327-MB-TX-02.pdf\">\u00abBilderbuch \u2039Welch ein Fest\u203a f\u00fcr Neuzuz\u00fcger\u00bb Murtenbieter vom 27.03.2018<\/a><a href=\"https:\/\/test.ref-cordast.ch\/wp-content\/uploads\/2021\/07\/180327-MB-TX-02.pdf\" class=\"wp-block-file__button wp-element-button\" download aria-describedby=\"wp-block-file--media-0c6d0d48-5ae3-4caf-9b7a-d5c1ffe9318f\">Herunterladen<\/a><\/div>\n\n\n\n<div class=\"wp-block-file\"><a id=\"wp-block-file--media-5d2e8e25-8b4e-452c-bd80-64fe185ffe63\" href=\"https:\/\/test.ref-cordast.ch\/wp-content\/uploads\/2021\/07\/170623-MB-TX-11.pdf\">Konflager-R\u00fcckblick: \u00abVielf\u00e4ltig, anstrengend und begl\u00fcckend\u00bb Murtenbieter vom 23.06.2017<\/a><a href=\"https:\/\/test.ref-cordast.ch\/wp-content\/uploads\/2021\/07\/170623-MB-TX-11.pdf\" class=\"wp-block-file__button wp-element-button\" download aria-describedby=\"wp-block-file--media-5d2e8e25-8b4e-452c-bd80-64fe185ffe63\">Herunterladen<\/a><\/div>\n\n\n\n<div class=\"wp-block-file\"><a id=\"wp-block-file--media-7df6cb59-9ed0-4e99-be7c-685bf8f9a90d\" href=\"https:\/\/test.ref-cordast.ch\/wp-content\/uploads\/2021\/07\/160520-Murtenbieter.pdf\">\u00abMit dem Velodress in die Kirche\u00bb Murtenbieter vom 20.05.2016<\/a><a href=\"https:\/\/test.ref-cordast.ch\/wp-content\/uploads\/2021\/07\/160520-Murtenbieter.pdf\" class=\"wp-block-file__button wp-element-button\" download aria-describedby=\"wp-block-file--media-7df6cb59-9ed0-4e99-be7c-685bf8f9a90d\">Herunterladen<\/a><\/div>\n\n\n\n<p class=\"has-small-font-size\"><a href=\"https:\/\/www.srf.ch\/news\/regional\/bern-freiburg-wallis\/accos-bremsklotz-gegen-den-kirchenaustritt-von-jugendlichen\" target=\"_blank\" rel=\"noreferrer noopener\">\u00abAccos: Bremsklotz gegen den Kirchenaustritt von Jugendlichen\u00bb SRF Regionaljournal Bern Freiburg Wallis | 10.05.2013<\/a><\/p>\n<\/div><\/div>","protected":false},"excerpt":{"rendered":"<p>Dix fois par ans : des nouvelles de la paroisse Les membres francophones de la paroisse de Cordast recevront le journal \u00abR\u00e9form\u00e9s\u00bb. Le journal \u00abR\u00e9form\u00e9s\u00bb parait 10 fois par ann\u00e9e, traite de nombreux sujets d&rsquo;actualit\u00e9. Un encart informera sur les cultes et les activit\u00e9s \u00e0 Cordast. Vous pouvez vous abonner en plus au journal germanophone [&hellip;]<\/p>\n","protected":false},"author":2,"featured_media":0,"parent":296,"menu_order":0,"comment_status":"closed","ping_status":"closed","template":"","meta":{"footnotes":""},"class_list":["post-4033","page","type-page","status-publish","hentry"],"_links":{"self":[{"href":"https:\/\/test.ref-cordast.ch\/fr\/wp-json\/wp\/v2\/pages\/4033"}],"collection":[{"href":"https:\/\/test.ref-cordast.ch\/fr\/wp-json\/wp\/v2\/pages"}],"about":[{"href":"https:\/\/test.ref-cordast.ch\/fr\/wp-json\/wp\/v2\/types\/page"}],"author":[{"embeddable":true,"href":"https:\/\/test.ref-cordast.ch\/fr\/wp-json\/wp\/v2\/users\/2"}],"replies":[{"embeddable":true,"href":"https:\/\/test.ref-cordast.ch\/fr\/wp-json\/wp\/v2\/comments?post=4033"}],"version-history":[{"count":38,"href":"https:\/\/test.ref-cordast.ch\/fr\/wp-json\/wp\/v2\/pages\/4033\/revisions"}],"predecessor-version":[{"id":6237,"href":"https:\/\/test.ref-cordast.ch\/fr\/wp-json\/wp\/v2\/pages\/4033\/revisions\/6237"}],"up":[{"embeddable":true,"href":"https:\/\/test.ref-cordast.ch\/fr\/wp-json\/wp\/v2\/pages\/296"}],"wp:attachment":[{"href":"https:\/\/test.ref-cordast.ch\/fr\/wp-json\/wp\/v2\/media?parent=4033"}],"curies":[{"name":"wp","href":"https:\/\/api.w.org\/{rel}","templated":true}]}}