{"id":374,"date":"2018-04-10T09:29:14","date_gmt":"2018-04-10T09:29:14","guid":{"rendered":"https:\/\/www.ref-cordast.ch\/?page_id=374"},"modified":"2022-12-30T15:48:57","modified_gmt":"2022-12-30T15:48:57","slug":"neu-in-cordast","status":"publish","type":"page","link":"https:\/\/test.ref-cordast.ch\/fr\/neu-in-cordast\/","title":{"rendered":"Nouveau \u00e0 Cordast"},"content":{"rendered":"<p><\/p>\n<h3>Bienvenue dans la paroisse de Cordast<\/h3>\n<h3><img loading=\"lazy\" decoding=\"async\" class=\"alignright wp-image-946\" src=\"https:\/\/test.ref-cordast.ch\/wp-content\/uploads\/2018\/05\/3_Fr\u00fchlingsPicknick-e1526491651171-1024x632.jpg\" alt=\"\" width=\"405\" height=\"250\" srcset=\"https:\/\/test.ref-cordast.ch\/wp-content\/uploads\/2018\/05\/3_Fr\u00fchlingsPicknick-e1526491651171-1024x632.jpg 1024w, https:\/\/test.ref-cordast.ch\/wp-content\/uploads\/2018\/05\/3_Fr\u00fchlingsPicknick-e1526491651171-300x185.jpg 300w, https:\/\/test.ref-cordast.ch\/wp-content\/uploads\/2018\/05\/3_Fr\u00fchlingsPicknick-e1526491651171-768x474.jpg 768w\" sizes=\"(max-width: 405px) 100vw, 405px\" \/><\/h3>\n<p>Vous \u00eates nouvellement arriv\u00e9-e-s dans la paroisse de Cordast? Soyez les bienvenu-e-s!<\/p>\n<div class=\"elementStandard elementText\">\n<p>La vie de la paroisse r\u00e9form\u00e9e se d\u00e9roule au coeur du village de Cordast. Vous y trouverez une \u00e9glise, un centre paroissial et un cadre ext\u00e9rieur accueillant avec une aire de jeux.<\/p>\n<p>Sur notre site internet vous trouverez toutes les <a href=\"https:\/\/test.ref-cordast.ch\/fr\/aktivitaeten\/\">activit\u00e9s<\/a> propos\u00e9es, qui s&rsquo;adressent aussi bien aux plus jeunes comme aux plus \u00e2g\u00e9-e-s.\u00a0Nous nous r\u00e9jouissons de vous y rencontrer!<\/p>\n<p>Vous d\u00e9sirez un entretien pastoral, une visite ou \u00eatre plus actif-ve dans votre paroisse? Alors n&rsquo;h\u00e9sitez pas \u00e0 vous adresser \u00e0 l&rsquo;<a href=\"https:\/\/test.ref-cordast.ch\/fr\/menschen-und-orte\/menschen\/\">\u00e9quipe pastorale ou diaconale<\/a>.<\/p>\n<\/div>\n<div class=\"elementStandard elementText\"><\/div>\n<p><\/p>","protected":false},"excerpt":{"rendered":"<p>Bienvenue dans la paroisse de Cordast Vous \u00eates nouvellement arriv\u00e9-e-s dans la paroisse de Cordast? Soyez les bienvenu-e-s! La vie de la paroisse r\u00e9form\u00e9e se d\u00e9roule au coeur du village de Cordast. Vous y trouverez une \u00e9glise, un centre paroissial et un cadre ext\u00e9rieur accueillant avec une aire de jeux. Sur notre site internet vous [&hellip;]<\/p>\n","protected":false},"author":2,"featured_media":0,"parent":0,"menu_order":0,"comment_status":"closed","ping_status":"closed","template":"","meta":{"footnotes":""},"class_list":["post-374","page","type-page","status-publish","hentry"],"_links":{"self":[{"href":"https:\/\/test.ref-cordast.ch\/fr\/wp-json\/wp\/v2\/pages\/374"}],"collection":[{"href":"https:\/\/test.ref-cordast.ch\/fr\/wp-json\/wp\/v2\/pages"}],"about":[{"href":"https:\/\/test.ref-cordast.ch\/fr\/wp-json\/wp\/v2\/types\/page"}],"author":[{"embeddable":true,"href":"https:\/\/test.ref-cordast.ch\/fr\/wp-json\/wp\/v2\/users\/2"}],"replies":[{"embeddable":true,"href":"https:\/\/test.ref-cordast.ch\/fr\/wp-json\/wp\/v2\/comments?post=374"}],"version-history":[{"count":8,"href":"https:\/\/test.ref-cordast.ch\/fr\/wp-json\/wp\/v2\/pages\/374\/revisions"}],"predecessor-version":[{"id":5169,"href":"https:\/\/test.ref-cordast.ch\/fr\/wp-json\/wp\/v2\/pages\/374\/revisions\/5169"}],"wp:attachment":[{"href":"https:\/\/test.ref-cordast.ch\/fr\/wp-json\/wp\/v2\/media?parent=374"}],"curies":[{"name":"wp","href":"https:\/\/api.w.org\/{rel}","templated":true}]}}