{"id":33,"date":"2018-03-04T10:41:30","date_gmt":"2018-03-04T10:41:30","guid":{"rendered":"https:\/\/www.ref-cordast.ch\/fr\/?page_id=33"},"modified":"2024-12-05T13:29:07","modified_gmt":"2024-12-05T13:29:07","slug":"bapteme","status":"publish","type":"page","link":"https:\/\/test.ref-cordast.ch\/fr\/gottesdienste\/francais-au-cours-dune-vie\/bapteme\/","title":{"rendered":"Bapt\u00eame"},"content":{"rendered":"<p><\/p>\n\n\n<div class=\"wp-block-image\">\n<figure class=\"alignright\"><img loading=\"lazy\" decoding=\"async\" width=\"300\" height=\"286\" src=\"https:\/\/test.ref-cordast.ch\/wp-content\/uploads\/2018\/05\/16_Taufe-am-Brunnen-300x286.png\" alt=\"\" class=\"wp-image-844\"\/><\/figure><\/div>\n\n\n<p><strong>Il n\u2019y a pas d\u2019\u00e2ge pour \u00eatre baptis\u00e9<\/strong>, il n\u2019y a pas d\u2019\u00e2ge pour recevoir un signe visible de l\u2019amour inconditionnel de Dieu. Le bapt\u00eame chr\u00e9tien est acte d\u2019entr\u00e9e dans la communaut\u00e9 qui peut \u00eatre demand\u00e9 par les parents pour leur enfant ou par un adulte pour lui-m\u00eame. En g\u00e9n\u00e9ral, le bapt\u00eame a lieu durant le culte. C\u2019est un moment communautaire, public, dans lequel les engagements ont lieu devant une communaut\u00e9 rassembl\u00e9e qui accueille le nouveau baptis\u00e9.<\/p>\n\n\n\n<p>Vous souhaitez faire baptiser votre enfant&nbsp;? Vous souhaitez vous faire baptiser ?<\/p>\n\n\n\n<p>Prenez contact le plus t\u00f4t possible avec votre pasteur-e, afin de pouvoir fixer un rendez-vous, afin de discuter autour du bapt\u00eame et de la pr\u00e9paration de la c\u00e9l\u00e9bration.<\/p>\n\n\n<ul id=\"dvteamgrid1280072203\" class=\"dvwookmark dvteamgrid \" data-dvalign=\"left\" data-dvoffset=\"20\" data-dvwidth=\"180\">\n    <li>\n        <figure>\n            <a id=\"dvgridboxlink1280072203444\" href=\"#dvteambox1280072203444\" >\n                <img decoding=\"async\" src=\"https:\/\/test.ref-cordast.ch\/wp-content\/uploads\/2018\/04\/Estelle_IMG_2898-e1523367041791.jpg\" alt=\"Estelle Zbinden\" \/>\n                                <div class=\"dv-member-zoom\"><i class=\"dvteamicon-info\"><\/i><\/div>\n                            <\/a>\n                <figcaption>\n                    <div class=\"dv-member-desc\">\n                        <div><span class=\"dv-member-name\">Estelle Zbinden<\/span><\/div>\n                                                <div><span class=\"dv-member-info\">Pasteure francophone (50%) et aum\u00f4nier des coll\u00e8ges (30%)<\/span><\/div>\n                                            <\/div>\n                <\/figcaption>\n        <\/figure>\n    <\/li>\n        <\/ul>\n<div class=\"dv-clear\"><\/div>\n\n\n\n\n<p><\/p>","protected":false},"excerpt":{"rendered":"<p>Il n\u2019y a pas d\u2019\u00e2ge pour \u00eatre baptis\u00e9, il n\u2019y a pas d\u2019\u00e2ge pour recevoir un signe visible de l\u2019amour inconditionnel de Dieu. Le bapt\u00eame chr\u00e9tien est acte d\u2019entr\u00e9e dans la communaut\u00e9 qui peut \u00eatre demand\u00e9 par les parents pour leur enfant ou par un adulte pour lui-m\u00eame. En g\u00e9n\u00e9ral, le bapt\u00eame a lieu durant [&hellip;]<\/p>\n","protected":false},"author":2,"featured_media":0,"parent":47,"menu_order":0,"comment_status":"closed","ping_status":"closed","template":"","meta":{"footnotes":""},"class_list":["post-33","page","type-page","status-publish","hentry"],"_links":{"self":[{"href":"https:\/\/test.ref-cordast.ch\/fr\/wp-json\/wp\/v2\/pages\/33"}],"collection":[{"href":"https:\/\/test.ref-cordast.ch\/fr\/wp-json\/wp\/v2\/pages"}],"about":[{"href":"https:\/\/test.ref-cordast.ch\/fr\/wp-json\/wp\/v2\/types\/page"}],"author":[{"embeddable":true,"href":"https:\/\/test.ref-cordast.ch\/fr\/wp-json\/wp\/v2\/users\/2"}],"replies":[{"embeddable":true,"href":"https:\/\/test.ref-cordast.ch\/fr\/wp-json\/wp\/v2\/comments?post=33"}],"version-history":[{"count":114,"href":"https:\/\/test.ref-cordast.ch\/fr\/wp-json\/wp\/v2\/pages\/33\/revisions"}],"predecessor-version":[{"id":6620,"href":"https:\/\/test.ref-cordast.ch\/fr\/wp-json\/wp\/v2\/pages\/33\/revisions\/6620"}],"up":[{"embeddable":true,"href":"https:\/\/test.ref-cordast.ch\/fr\/wp-json\/wp\/v2\/pages\/47"}],"wp:attachment":[{"href":"https:\/\/test.ref-cordast.ch\/fr\/wp-json\/wp\/v2\/media?parent=33"}],"curies":[{"name":"wp","href":"https:\/\/api.w.org\/{rel}","templated":true}]}}