{"id":307,"date":"2018-03-11T14:25:21","date_gmt":"2018-03-11T14:25:21","guid":{"rendered":"https:\/\/www.ref-cordast.ch\/?page_id=307"},"modified":"2024-08-26T07:32:59","modified_gmt":"2024-08-26T07:32:59","slug":"konfirmation","status":"publish","type":"page","link":"https:\/\/test.ref-cordast.ch\/fr\/gottesdienste\/francais-au-cours-dune-vie\/konfirmation\/","title":{"rendered":"Confirmation"},"content":{"rendered":"<p>Quand vient l\u2019\u00e2ge o\u00f9 le parcours cat\u00e9ch\u00e9tique prend fin, le\/la jeune a la possibilit\u00e9 de confirmer ce que ses parents \u00e0 son plus jeune \u00e2ge ont souhait\u00e9 en le\/la faisant baptiser (le bapt\u00eame).<br \/>\nLe suivi du cat\u00e9chisme scolaire de l\u2019\u00e9cole enfantine jusqu\u2019au cycle d\u2019orientation ainsi que le parcours paroissial l\u2019am\u00e8ne \u00e0 faire un choix \u00e9clair\u00e9 pour confirmer ou non ce bapt\u00eame re\u00e7u.<\/p>\n<p><a href=\"https:\/\/test.ref-cordast.ch\/aktivitaeten\/kinder-und-familien\/religionsunterricht\/\">\u00bb La parcours vers la confirmation dans votre paroisse<\/a><\/p>\n<p>Des informations vous manquent\u00a0? Vous avez des questions\u00a0? N\u2019h\u00e9sitez pas \u00e0 prendre <strong>contact avec votre pasteure<\/strong>.<\/p>\n<ul id=\"dvteamgrid370691285\" class=\"dvwookmark dvteamgrid \" data-dvalign=\"left\" data-dvoffset=\"20\" data-dvwidth=\"180\">\n    <li>\n        <figure>\n            <a id=\"dvgridboxlink370691285444\" href=\"#dvteambox370691285444\" >\n                <img decoding=\"async\" src=\"https:\/\/test.ref-cordast.ch\/wp-content\/uploads\/2018\/04\/Estelle_IMG_2898-e1523367041791.jpg\" alt=\"Estelle Zbinden\" \/>\n                                <div class=\"dv-member-zoom\"><i class=\"dvteamicon-info\"><\/i><\/div>\n                            <\/a>\n                <figcaption>\n                    <div class=\"dv-member-desc\">\n                        <div><span class=\"dv-member-name\">Estelle Zbinden<\/span><\/div>\n                                                <div><span class=\"dv-member-info\">Pasteure francophone (50%) et aum\u00f4nier des coll\u00e8ges (30%)<\/span><\/div>\n                                            <\/div>\n                <\/figcaption>\n        <\/figure>\n    <\/li>\n        <\/ul>\n<div class=\"dv-clear\"><\/div>\n\n<p><iframe loading=\"lazy\" title=\"Matt Redman - Unbroken Praise (Live)\" width=\"678\" height=\"381\" src=\"https:\/\/www.youtube.com\/embed\/IWOlr-QqvM8?feature=oembed\" frameborder=\"0\" allow=\"accelerometer; autoplay; clipboard-write; encrypted-media; gyroscope; picture-in-picture; web-share\" referrerpolicy=\"strict-origin-when-cross-origin\" allowfullscreen><\/iframe><\/p>\n<p><\/p>","protected":false},"excerpt":{"rendered":"<p>Quand vient l\u2019\u00e2ge o\u00f9 le parcours cat\u00e9ch\u00e9tique prend fin, le\/la jeune a la possibilit\u00e9 de confirmer ce que ses parents \u00e0 son plus jeune \u00e2ge ont souhait\u00e9 en le\/la faisant baptiser (le bapt\u00eame). Le suivi du cat\u00e9chisme scolaire de l\u2019\u00e9cole enfantine jusqu\u2019au cycle d\u2019orientation ainsi que le parcours paroissial l\u2019am\u00e8ne \u00e0 faire un choix \u00e9clair\u00e9 [&hellip;]<\/p>\n","protected":false},"author":3,"featured_media":0,"parent":47,"menu_order":0,"comment_status":"closed","ping_status":"closed","template":"","meta":{"footnotes":""},"class_list":["post-307","page","type-page","status-publish","hentry"],"_links":{"self":[{"href":"https:\/\/test.ref-cordast.ch\/fr\/wp-json\/wp\/v2\/pages\/307"}],"collection":[{"href":"https:\/\/test.ref-cordast.ch\/fr\/wp-json\/wp\/v2\/pages"}],"about":[{"href":"https:\/\/test.ref-cordast.ch\/fr\/wp-json\/wp\/v2\/types\/page"}],"author":[{"embeddable":true,"href":"https:\/\/test.ref-cordast.ch\/fr\/wp-json\/wp\/v2\/users\/3"}],"replies":[{"embeddable":true,"href":"https:\/\/test.ref-cordast.ch\/fr\/wp-json\/wp\/v2\/comments?post=307"}],"version-history":[{"count":17,"href":"https:\/\/test.ref-cordast.ch\/fr\/wp-json\/wp\/v2\/pages\/307\/revisions"}],"predecessor-version":[{"id":6629,"href":"https:\/\/test.ref-cordast.ch\/fr\/wp-json\/wp\/v2\/pages\/307\/revisions\/6629"}],"up":[{"embeddable":true,"href":"https:\/\/test.ref-cordast.ch\/fr\/wp-json\/wp\/v2\/pages\/47"}],"wp:attachment":[{"href":"https:\/\/test.ref-cordast.ch\/fr\/wp-json\/wp\/v2\/media?parent=307"}],"curies":[{"name":"wp","href":"https:\/\/api.w.org\/{rel}","templated":true}]}}