{"id":296,"date":"2018-03-10T18:51:31","date_gmt":"2018-03-10T18:51:31","guid":{"rendered":"https:\/\/www.ref-cordast.ch\/?page_id=296"},"modified":"2023-07-03T12:08:10","modified_gmt":"2023-07-03T12:08:10","slug":"geschichte","status":"publish","type":"page","link":"https:\/\/test.ref-cordast.ch\/fr\/about\/geschichte\/","title":{"rendered":"Histoire"},"content":{"rendered":"<p><img loading=\"lazy\" decoding=\"async\" class=\"alignright size-medium wp-image-428\" src=\"https:\/\/test.ref-cordast.ch\/wp-content\/uploads\/2018\/04\/Ref_Kirche_Cordast-300x225.jpg\" alt=\"Reformierte Kirche in Cordast\" width=\"300\" height=\"225\" srcset=\"https:\/\/test.ref-cordast.ch\/wp-content\/uploads\/2018\/04\/Ref_Kirche_Cordast-300x225.jpg 300w, https:\/\/test.ref-cordast.ch\/wp-content\/uploads\/2018\/04\/Ref_Kirche_Cordast-768x576.jpg 768w, https:\/\/test.ref-cordast.ch\/wp-content\/uploads\/2018\/04\/Ref_Kirche_Cordast-1024x768.jpg 1024w, https:\/\/test.ref-cordast.ch\/wp-content\/uploads\/2018\/04\/Ref_Kirche_Cordast.jpg 2019w\" sizes=\"(max-width: 300px) 100vw, 300px\" \/>C\u2018est en 1825 que les premi\u00e8res familles r\u00e9form\u00e9es bernoises, compos\u00e9es d\u2019agriculteurs et de fromagers,\u00a0immigrent dans le district du Lac. Cette diaspora germanophone b\u00e2tit petit \u00e0 petit une communaut\u00e9, cr\u00e9ant\u00a0leurs propres \u00e9coles \u00e0 Cormondes et \u00e0 Courtepin. Ces \u00e9coles servent \u00e9galement de lieux de cultes, n\u2019ayant\u00a0pas d\u2019\u00e9glise \u00e0 disposition.<\/p>\n<p>Cette communaut\u00e9 croissante demanda en 1870 la cr\u00e9ation de leur propre paroisse, ce que le grand Conseil\u00a0approuva, et c\u2019est 5 ans plus tard, le 26 ao\u00fbt que l\u2019\u00e9glise, de style n\u00e9o-Renaissance, f\u00fbt inaugur\u00e9e. Il faudra\u00a0attendre une centaine d\u2019ann\u00e9es plus tard pour d\u00e9couvrir le clocher atypique, qui marque aujourd\u2019hui encore\u00a0Cordast de sa silhouette particuli\u00e8re.<\/p>\n<p><img loading=\"lazy\" decoding=\"async\" class=\"size-medium wp-image-835 alignleft\" src=\"https:\/\/test.ref-cordast.ch\/wp-content\/uploads\/2018\/04\/jubilaeum75jahre-223x300.jpg\" alt=\"Jubil\u00e4um 75 Jahre Kirchgemeinde Cordast\" width=\"223\" height=\"300\" srcset=\"https:\/\/test.ref-cordast.ch\/wp-content\/uploads\/2018\/04\/jubilaeum75jahre-223x300.jpg 223w, https:\/\/test.ref-cordast.ch\/wp-content\/uploads\/2018\/04\/jubilaeum75jahre.jpg 480w\" sizes=\"(max-width: 223px) 100vw, 223px\" \/>Dans les ann\u00e9es 1960, les premi\u00e8res familles francophones r\u00e9form\u00e9es s\u2019installent sur le territoire de\u00a0la paroisse. Dans un premier temps elles doivent d\u2019abord se d\u00e9placer vers d\u2019autres paroisses, avant de\u00a0convaincre des pasteurs de c\u00e9l\u00e9brer une fois par mois le culte \u00e0 l\u2019\u00e9cole de Courtepin. Par la suite les sermons\u00a0des pasteurs germanophones furent traduits en fran\u00e7ais et plus tard, certains pasteurs francophones vinrent\u00a0sporadiquement c\u00e9l\u00e9brer le culte dans l\u2019\u00e9glise de Cordast.<\/p>\n<p>L\u2019ann\u00e9e 1984 marqua un tournant d\u00e9cisif pour la paroisse de Cordast, qui se vit devenir officiellement\u00a0bilingue avec la mise en place d\u2019un poste pastoral francophone. Depuis, la paroisse bilingue de Cordast\u00a0s\u2019attache \u00e0 garder cet esprit d\u2019ouverture et d\u2018accueil qui l\u2019a toujours guid\u00e9e.<\/p>","protected":false},"excerpt":{"rendered":"<p>C\u2018est en 1825 que les premi\u00e8res familles r\u00e9form\u00e9es bernoises, compos\u00e9es d\u2019agriculteurs et de fromagers,\u00a0immigrent dans le district du Lac. Cette diaspora germanophone b\u00e2tit petit \u00e0 petit une communaut\u00e9, cr\u00e9ant\u00a0leurs propres \u00e9coles \u00e0 Cormondes et \u00e0 Courtepin. Ces \u00e9coles servent \u00e9galement de lieux de cultes, n\u2019ayant\u00a0pas d\u2019\u00e9glise \u00e0 disposition. Cette communaut\u00e9 croissante demanda en 1870 la [&hellip;]<\/p>\n","protected":false},"author":3,"featured_media":0,"parent":236,"menu_order":0,"comment_status":"closed","ping_status":"closed","template":"","meta":{"footnotes":""},"class_list":["post-296","page","type-page","status-publish","hentry"],"_links":{"self":[{"href":"https:\/\/test.ref-cordast.ch\/fr\/wp-json\/wp\/v2\/pages\/296"}],"collection":[{"href":"https:\/\/test.ref-cordast.ch\/fr\/wp-json\/wp\/v2\/pages"}],"about":[{"href":"https:\/\/test.ref-cordast.ch\/fr\/wp-json\/wp\/v2\/types\/page"}],"author":[{"embeddable":true,"href":"https:\/\/test.ref-cordast.ch\/fr\/wp-json\/wp\/v2\/users\/3"}],"replies":[{"embeddable":true,"href":"https:\/\/test.ref-cordast.ch\/fr\/wp-json\/wp\/v2\/comments?post=296"}],"version-history":[{"count":7,"href":"https:\/\/test.ref-cordast.ch\/fr\/wp-json\/wp\/v2\/pages\/296\/revisions"}],"predecessor-version":[{"id":5500,"href":"https:\/\/test.ref-cordast.ch\/fr\/wp-json\/wp\/v2\/pages\/296\/revisions\/5500"}],"up":[{"embeddable":true,"href":"https:\/\/test.ref-cordast.ch\/fr\/wp-json\/wp\/v2\/pages\/236"}],"wp:attachment":[{"href":"https:\/\/test.ref-cordast.ch\/fr\/wp-json\/wp\/v2\/media?parent=296"}],"curies":[{"name":"wp","href":"https:\/\/api.w.org\/{rel}","templated":true}]}}