{"id":289,"date":"2018-03-10T18:46:49","date_gmt":"2018-03-10T18:46:49","guid":{"rendered":"https:\/\/www.ref-cordast.ch\/?page_id=289"},"modified":"2018-11-22T13:24:18","modified_gmt":"2018-11-22T13:24:18","slug":"friedhof","status":"publish","type":"page","link":"https:\/\/test.ref-cordast.ch\/fr\/about\/orte\/friedhof\/","title":{"rendered":"Cimeti\u00e8re"},"content":{"rendered":"<p>Le cimeti\u00e8re est un lieu de recueil et de deuil, mais aussi un lieu de vie, d&rsquo;histoire et de souvenirs.<\/p>\n<p><img loading=\"lazy\" decoding=\"async\" class=\"size-full wp-image-851 aligncenter\" src=\"https:\/\/test.ref-cordast.ch\/wp-content\/uploads\/2018\/05\/Friedhof.png\" alt=\"\" width=\"600\" height=\"349\" srcset=\"https:\/\/test.ref-cordast.ch\/wp-content\/uploads\/2018\/05\/Friedhof.png 600w, https:\/\/test.ref-cordast.ch\/wp-content\/uploads\/2018\/05\/Friedhof-300x175.png 300w\" sizes=\"(max-width: 600px) 100vw, 600px\" \/><\/p>\n<p>Le cimeti\u00e8re de Cordast existe depuis 1876. Le sculpteur Imbert Zwahlen cr\u00e9a en 2007 pour le jardin du souvenir les \u00ab\u00a0quatre saisons\u00a0\u00bb. Ces quatre piliers symbolisent l&rsquo;Etre et la Vie (<a href=\"https:\/\/res.friportail.ch\/kunstfreiburg\/index.php\/de\/node\/12\">\u00bb Neuere Kunst in Deutschfreiburg, Gemeinschaftsgrab Cordast<\/a>).<\/p>\n<p><a href=\"https:\/\/test.ref-cordast.ch\/wp-content\/uploads\/2018\/05\/Reglement_du_cimetiere.pdf\">\u00bb R\u00e8glement du cimeti\u00e8re<br \/>\n<\/a><a href=\"https:\/\/test.ref-cordast.ch\/wp-content\/uploads\/2018\/05\/Tarife.pdf\">\u00bb\u00a0Tarifs du cimeti\u00e8re<\/a><\/p>","protected":false},"excerpt":{"rendered":"<p>Le cimeti\u00e8re est un lieu de recueil et de deuil, mais aussi un lieu de vie, d&rsquo;histoire et de souvenirs. Le cimeti\u00e8re de Cordast existe depuis 1876. Le sculpteur Imbert Zwahlen cr\u00e9a en 2007 pour le jardin du souvenir les \u00ab\u00a0quatre saisons\u00a0\u00bb. Ces quatre piliers symbolisent l&rsquo;Etre et la Vie (\u00bb Neuere Kunst in Deutschfreiburg, [&hellip;]<\/p>\n","protected":false},"author":3,"featured_media":0,"parent":270,"menu_order":0,"comment_status":"closed","ping_status":"closed","template":"","meta":{"footnotes":""},"class_list":["post-289","page","type-page","status-publish","hentry"],"_links":{"self":[{"href":"https:\/\/test.ref-cordast.ch\/fr\/wp-json\/wp\/v2\/pages\/289"}],"collection":[{"href":"https:\/\/test.ref-cordast.ch\/fr\/wp-json\/wp\/v2\/pages"}],"about":[{"href":"https:\/\/test.ref-cordast.ch\/fr\/wp-json\/wp\/v2\/types\/page"}],"author":[{"embeddable":true,"href":"https:\/\/test.ref-cordast.ch\/fr\/wp-json\/wp\/v2\/users\/3"}],"replies":[{"embeddable":true,"href":"https:\/\/test.ref-cordast.ch\/fr\/wp-json\/wp\/v2\/comments?post=289"}],"version-history":[{"count":13,"href":"https:\/\/test.ref-cordast.ch\/fr\/wp-json\/wp\/v2\/pages\/289\/revisions"}],"predecessor-version":[{"id":1445,"href":"https:\/\/test.ref-cordast.ch\/fr\/wp-json\/wp\/v2\/pages\/289\/revisions\/1445"}],"up":[{"embeddable":true,"href":"https:\/\/test.ref-cordast.ch\/fr\/wp-json\/wp\/v2\/pages\/270"}],"wp:attachment":[{"href":"https:\/\/test.ref-cordast.ch\/fr\/wp-json\/wp\/v2\/media?parent=289"}],"curies":[{"name":"wp","href":"https:\/\/api.w.org\/{rel}","templated":true}]}}