{"id":2853,"date":"2020-03-27T15:22:18","date_gmt":"2020-03-27T15:22:18","guid":{"rendered":"https:\/\/www.ref-cordast.ch\/?page_id=2853"},"modified":"2020-06-22T16:27:05","modified_gmt":"2020-06-22T16:27:05","slug":"archiv-der-wochenbriefe","status":"publish","type":"page","link":"https:\/\/test.ref-cordast.ch\/fr\/archiv-der-wochenbriefe\/","title":{"rendered":"Archive des lettres hebdomadaires"},"content":{"rendered":"<p><\/p>\n\n\n<p>Les lettres hebdomadaires pass\u00e9es de la paroisse r\u00e9form\u00e9e de Cordast pendant la pand\u00e9mie de Corona&nbsp;:<\/p>\n\n\n\n<p><a href=\"https:\/\/test.ref-cordast.ch\/wp-content\/uploads\/2020\/06\/Lettre-hebdo-S24_2020.pdf\" target=\"_blank\" rel=\"noreferrer noopener\">\u00bb Lettre hebdomadaire du 12 juin 2020 (PDF)<\/a><\/p>\n\n\n\n<figure class=\"wp-block-audio\"><audio controls src=\"https:\/\/test.ref-cordast.ch\/wp-content\/uploads\/2020\/06\/Lettre-hebdo-Cordast-12.06.20.m4a\"><\/audio><figcaption>Lettre hebdomadaire, 12 June 2020. Texte du pasteur Norbert Wysser-H\u00e4ni, lu par pasteure Estelle Zbinden <\/figcaption><\/figure>\n\n\n\n<p><a href=\"https:\/\/test.ref-cordast.ch\/wp-content\/uploads\/2020\/06\/Lettre-hebdo-S23_2020.pdf\" target=\"_blank\" rel=\"noreferrer noopener\">\u00bb Lettre hebdomadaire du 5 juin 2020 (PDF)<\/a><\/p>\n\n\n\n<figure class=\"wp-block-audio\"><audio controls src=\"https:\/\/test.ref-cordast.ch\/wp-content\/uploads\/2020\/06\/Lettre-hebdo-Cordast-05.06.20.mp3\"><\/audio><figcaption>Lettre hebdomadaire, 5 June 2020. Diacre Jean-Marc Fonjallaz<\/figcaption><\/figure>\n\n\n\n<p><a href=\"https:\/\/test.ref-cordast.ch\/wp-content\/uploads\/2020\/05\/Lettre-hebdo-S22_2020.pdf\" target=\"_blank\" rel=\"noreferrer noopener\">\u00bb Lettre hebdomadaire du 29 mai 2020 (PDF)<\/a><\/p>\n\n\n\n<figure class=\"wp-block-audio\"><audio controls src=\"https:\/\/test.ref-cordast.ch\/wp-content\/uploads\/2020\/05\/Lettre-hebdo-Cordast-29.05.20.m4a\"><\/audio><figcaption>Lettre hebdomadaire, 29 Mai 2020. Texte du Pierre-Philippe Blaser pr\u00e9sident du Conseil Synodal, lu par pasteure Estelle Zbinden<\/figcaption><\/figure>\n\n\n\n<p><a href=\"https:\/\/test.ref-cordast.ch\/wp-content\/uploads\/2020\/05\/Lettre-hebdo-S21_2020.pdf\" target=\"_blank\" rel=\"noreferrer noopener\">\u00bb Lettre hebdomadaire du 22 mai 2020 (PDF)<\/a><\/p>\n\n\n\n<figure class=\"wp-block-audio\"><audio controls src=\"https:\/\/test.ref-cordast.ch\/wp-content\/uploads\/2020\/05\/Lettre-hebdo-Cordast-22.5.20.m4a\"><\/audio><figcaption>Lettre hebdomadaire, 15 mai 2020. diacre Doroth\u00e9e Nadler<\/figcaption><\/figure>\n\n\n\n<p><a href=\"https:\/\/test.ref-cordast.ch\/wp-content\/uploads\/2020\/05\/Lettre-hebdo-S20_2020-1.pdf\" target=\"_blank\" rel=\"noreferrer noopener\">\u00bb Lettre hebdomadaire du 15 mai 2020 (PDF)<\/a><\/p>\n\n\n\n<figure class=\"wp-block-audio\"><audio controls src=\"https:\/\/test.ref-cordast.ch\/wp-content\/uploads\/2020\/05\/Lettre-hebdo-Cordast-15.05.20.m4a\"><\/audio><figcaption>Lettre hebdomadaire, 15 mai 2020. Texte du pasteur Pascal K\u00e4nzig, lu par pasteure Estelle Zbinden<\/figcaption><\/figure>\n\n\n\n<p><a href=\"https:\/\/test.ref-cordast.ch\/wp-content\/uploads\/2020\/05\/Lettre-hebdo-S19_2020.pdf\" target=\"_blank\" rel=\"noreferrer noopener\">\u00bb Lettre hebdomadaire du 8 mai 2020 (PDF)<\/a><\/p>\n\n\n\n<figure class=\"wp-block-audio\"><audio controls src=\"https:\/\/test.ref-cordast.ch\/wp-content\/uploads\/2020\/05\/Lettre-hebdo-Cordast-8.05.20.m4a\"><\/audio><figcaption>Lettre hebdomadaire, 8 mai 2020. Text du pasteure Estelle Zbinden<\/figcaption><\/figure>\n\n\n\n<p><a rel=\"noreferrer noopener\" href=\"https:\/\/test.ref-cordast.ch\/wp-content\/uploads\/2020\/05\/Lettre-hebdo-S18_2020-1.pdf\" target=\"_blank\">\u00bb Lettre hebdomadaire du 1e<\/a><a href=\"https:\/\/test.ref-cordast.ch\/wp-content\/uploads\/2020\/05\/Lettre-hebdo-S18_2020-1.pdf\" target=\"_blank\" rel=\"noreferrer noopener\">r<\/a><a rel=\"noreferrer noopener\" href=\"https:\/\/test.ref-cordast.ch\/wp-content\/uploads\/2020\/05\/Lettre-hebdo-S18_2020-1.pdf\" target=\"_blank\"> mai 2020 (PDF)<\/a><\/p>\n\n\n\n<figure class=\"wp-block-audio\"><audio controls src=\"https:\/\/test.ref-cordast.ch\/wp-content\/uploads\/2020\/05\/Lettre-hebdo-Cordast-01.05.20.m4a\"><\/audio><figcaption>Lettre hebdomadaire, 1er mai 2020. Text du pasteure Therese Wyss, lu par pasteure Estelle Zbinden<\/figcaption><\/figure>\n\n\n\n<p><a href=\"https:\/\/test.ref-cordast.ch\/wp-content\/uploads\/2020\/04\/Lettre-hebdo-S17_2020.pdf\" target=\"_blank\" rel=\"noreferrer noopener\" aria-label=\" (\u00f6ffnet in neuem Tab)\">\u00bb Lettre hebdomadaire du 24 avril 2020 (PDF)<\/a><\/p>\n\n\n\n<figure class=\"wp-block-audio\"><audio controls src=\"https:\/\/test.ref-cordast.ch\/wp-content\/uploads\/2020\/04\/Lettre-hebdo-Cordast-27.04.20.m4a\"><\/audio><figcaption>Lettre hebdomadaire, 24 avril 2020. Pasteure Estelle Zbinden<\/figcaption><\/figure>\n\n\n\n<p><a rel=\"noreferrer noopener\" aria-label=\" (\u00f6ffnet in neuem Tab)\" href=\"https:\/\/test.ref-cordast.ch\/wp-content\/uploads\/2020\/04\/Lettre-hebdo-S16_2020-NEU.pdf\" target=\"_blank\">\u00bb Lettre hebdomadaire du 17 avril 2020 (PDF)<\/a><\/p>\n\n\n\n<figure class=\"wp-block-audio\"><audio controls src=\"https:\/\/test.ref-cordast.ch\/wp-content\/uploads\/2020\/04\/Lettre-hebdomadaire-Cordast-17.4.2020.m4a\"><\/audio><figcaption>Lettre hebdomadaire, 17 avril 2020. diacre Jean-Marc Fonjallaz<\/figcaption><\/figure>\n\n\n\n<p><a href=\"https:\/\/test.ref-cordast.ch\/wp-content\/uploads\/2020\/04\/Lettre-hebdo-S15_2020.pdf\" target=\"_blank\" rel=\"noreferrer noopener\" aria-label=\" (\u00f6ffnet in neuem Tab)\">\u00bb Lettre hebdomadaire du 10 avril 2020 (PDF)<\/a><\/p>\n\n\n\n<figure class=\"wp-block-audio\"><audio controls src=\"https:\/\/test.ref-cordast.ch\/wp-content\/uploads\/2020\/04\/Lettre_hebdo_Cordast_10.4.20.m4a\"><\/audio><figcaption>Lettre hebdomadaire, 10 avril 2020. diacre Doroth\u00e9e Nadler<\/figcaption><\/figure>\n\n\n\n<p><a href=\"https:\/\/test.ref-cordast.ch\/wp-content\/uploads\/2020\/04\/Lettre-hebdo-S14_2020.pdf\" target=\"_blank\" rel=\"noopener noreferrer\">\u00bb Lettre hebdomadaire du 3 avril 2020 (PDF)<\/a><\/p>\n\n\n\n<figure class=\"wp-block-audio\"><audio controls src=\"https:\/\/test.ref-cordast.ch\/wp-content\/uploads\/2020\/04\/Lettre_hebdo_Cordast_03.04.20.m4a\"><\/audio><figcaption>Lettre hebdomadaire, 03 avril 2020. Texte du pasteur Pascal K\u00e4nzig, lu par pasteure Estelle Zbinden<\/figcaption><\/figure>\n\n\n\n<p>&nbsp;<\/p>\r\n<p><a href=\"https:\/\/test.ref-cordast.ch\/wp-content\/uploads\/2020\/03\/Lettre-hebdo-S13_2020-1.pdf\">\u00bb Lettre hebdomadaire du 27 mars 2020 (PDF)<\/a><\/p>\r\n<figure class=\"wp-block-audio\"><audio src=\"https:\/\/test.ref-cordast.ch\/wp-content\/uploads\/2020\/03\/Lettre-hebdo-Cordast-27.03.20.m4a\" controls=\"controls\" data-mce-fragment=\"1\"><\/audio>\r\n<figcaption>Lettre hebdomadaire, 27 mars 2020. Pasteure Estelle Zbinden<\/figcaption>\r\n<\/figure>\r\n<p><a href=\"https:\/\/test.ref-cordast.ch\/wp-content\/uploads\/2020\/03\/Lettre-hebdo-S12_2020..pdf\" target=\"_blank\" rel=\"noreferrer noopener\" aria-label=\"\u00bbPremi\u00e8re lettre hebdomadaire du 20 mars 2020 (\u00f6ffnet in neuem Tab)\">\n\n\n\n<\/a><\/p>\r\n<p>&nbsp;<\/p>\r\n<p><a href=\"https:\/\/test.ref-cordast.ch\/wp-content\/uploads\/2020\/03\/Lettre-hebdo-S12_2020..pdf\" target=\"_blank\" rel=\"noreferrer noopener\" aria-label=\"\u00bbPremi\u00e8re lettre hebdomadaire du 20 mars 2020 (\u00f6ffnet in neuem Tab)\">\n\n\n\n<\/a><\/p>\r\n<p><a href=\"https:\/\/test.ref-cordast.ch\/wp-content\/uploads\/2020\/03\/Lettre-hebdo-S12_2020..pdf\" target=\"_blank\" rel=\"noreferrer noopener\" aria-label=\"\u00bbPremi\u00e8re lettre hebdomadaire du 20 mars 2020 (\u00f6ffnet in neuem Tab)\">\u00bb Lettre hebdomadaire du 20 mars 2020 (PDF)<\/a><\/p>\n\n\n\n<figure class=\"wp-block-audio\"><audio controls src=\"https:\/\/test.ref-cordast.ch\/wp-content\/uploads\/2020\/03\/Lettre-Hebdomadaire-KW12.m4a\"><\/audio><figcaption>Lettre hebdomadaire, 20 mars 2020. Texte du pasteur Norbert Wysser-H\u00e4ni, lu par pasteure Estelle Zbinden<\/figcaption><\/figure>\n\n\n\n<p>&nbsp;<\/p>\n\n\n<p><\/p>","protected":false},"excerpt":{"rendered":"<p>Les lettres hebdomadaires pass\u00e9es de la paroisse r\u00e9form\u00e9e de Cordast pendant la pand\u00e9mie de Corona&nbsp;: \u00bb Lettre hebdomadaire du 12 juin 2020 (PDF) \u00bb Lettre hebdomadaire du 5 juin 2020 (PDF) \u00bb Lettre hebdomadaire du 29 mai 2020 (PDF) \u00bb Lettre hebdomadaire du 22 mai 2020 (PDF) \u00bb Lettre hebdomadaire du 15 mai 2020 (PDF) [&hellip;]<\/p>\n","protected":false},"author":2,"featured_media":0,"parent":0,"menu_order":0,"comment_status":"closed","ping_status":"closed","template":"","meta":{"footnotes":""},"class_list":["post-2853","page","type-page","status-publish","hentry"],"_links":{"self":[{"href":"https:\/\/test.ref-cordast.ch\/fr\/wp-json\/wp\/v2\/pages\/2853"}],"collection":[{"href":"https:\/\/test.ref-cordast.ch\/fr\/wp-json\/wp\/v2\/pages"}],"about":[{"href":"https:\/\/test.ref-cordast.ch\/fr\/wp-json\/wp\/v2\/types\/page"}],"author":[{"embeddable":true,"href":"https:\/\/test.ref-cordast.ch\/fr\/wp-json\/wp\/v2\/users\/2"}],"replies":[{"embeddable":true,"href":"https:\/\/test.ref-cordast.ch\/fr\/wp-json\/wp\/v2\/comments?post=2853"}],"version-history":[{"count":57,"href":"https:\/\/test.ref-cordast.ch\/fr\/wp-json\/wp\/v2\/pages\/2853\/revisions"}],"predecessor-version":[{"id":3305,"href":"https:\/\/test.ref-cordast.ch\/fr\/wp-json\/wp\/v2\/pages\/2853\/revisions\/3305"}],"wp:attachment":[{"href":"https:\/\/test.ref-cordast.ch\/fr\/wp-json\/wp\/v2\/media?parent=2853"}],"curies":[{"name":"wp","href":"https:\/\/api.w.org\/{rel}","templated":true}]}}