{"id":285,"date":"2018-03-10T18:40:44","date_gmt":"2018-03-10T18:40:44","guid":{"rendered":"https:\/\/www.ref-cordast.ch\/?page_id=285"},"modified":"2018-05-16T18:11:44","modified_gmt":"2018-05-16T18:11:44","slug":"spielplatz","status":"publish","type":"page","link":"https:\/\/test.ref-cordast.ch\/fr\/about\/orte\/spielplatz\/","title":{"rendered":"Aire de jeux"},"content":{"rendered":"<p>Depuis quelques ann\u00e9es maintenant la paroisse de Cordast s&rsquo;est dot\u00e9e d&rsquo;une belle aire de jeux avec balan\u00e7oires, toboggan et autres jeux d&rsquo;ext\u00e9rieur, ouverts aux petits et aux pus grands! Un lieux de partage et de divertissement.<\/p>\n<p><img loading=\"lazy\" decoding=\"async\" class=\"aligncenter wp-image-968 size-large\" src=\"https:\/\/test.ref-cordast.ch\/wp-content\/uploads\/2018\/05\/17_Spielplatz-1024x853.jpg\" alt=\"\" width=\"678\" height=\"565\" srcset=\"https:\/\/test.ref-cordast.ch\/wp-content\/uploads\/2018\/05\/17_Spielplatz-1024x853.jpg 1024w, https:\/\/test.ref-cordast.ch\/wp-content\/uploads\/2018\/05\/17_Spielplatz-300x250.jpg 300w, https:\/\/test.ref-cordast.ch\/wp-content\/uploads\/2018\/05\/17_Spielplatz-768x640.jpg 768w\" sizes=\"(max-width: 678px) 100vw, 678px\" \/><\/p>","protected":false},"excerpt":{"rendered":"<p>Depuis quelques ann\u00e9es maintenant la paroisse de Cordast s&rsquo;est dot\u00e9e d&rsquo;une belle aire de jeux avec balan\u00e7oires, toboggan et autres jeux d&rsquo;ext\u00e9rieur, ouverts aux petits et aux pus grands! Un lieux de partage et de divertissement.<\/p>\n","protected":false},"author":1,"featured_media":0,"parent":270,"menu_order":0,"comment_status":"closed","ping_status":"closed","template":"","meta":{"footnotes":""},"class_list":["post-285","page","type-page","status-publish","hentry"],"_links":{"self":[{"href":"https:\/\/test.ref-cordast.ch\/fr\/wp-json\/wp\/v2\/pages\/285"}],"collection":[{"href":"https:\/\/test.ref-cordast.ch\/fr\/wp-json\/wp\/v2\/pages"}],"about":[{"href":"https:\/\/test.ref-cordast.ch\/fr\/wp-json\/wp\/v2\/types\/page"}],"author":[{"embeddable":true,"href":"https:\/\/test.ref-cordast.ch\/fr\/wp-json\/wp\/v2\/users\/1"}],"replies":[{"embeddable":true,"href":"https:\/\/test.ref-cordast.ch\/fr\/wp-json\/wp\/v2\/comments?post=285"}],"version-history":[{"count":4,"href":"https:\/\/test.ref-cordast.ch\/fr\/wp-json\/wp\/v2\/pages\/285\/revisions"}],"predecessor-version":[{"id":970,"href":"https:\/\/test.ref-cordast.ch\/fr\/wp-json\/wp\/v2\/pages\/285\/revisions\/970"}],"up":[{"embeddable":true,"href":"https:\/\/test.ref-cordast.ch\/fr\/wp-json\/wp\/v2\/pages\/270"}],"wp:attachment":[{"href":"https:\/\/test.ref-cordast.ch\/fr\/wp-json\/wp\/v2\/media?parent=285"}],"curies":[{"name":"wp","href":"https:\/\/api.w.org\/{rel}","templated":true}]}}