{"id":2823,"date":"2020-03-21T12:16:41","date_gmt":"2020-03-21T12:16:41","guid":{"rendered":"https:\/\/www.ref-cordast.ch\/?page_id=2823"},"modified":"2020-06-18T19:39:13","modified_gmt":"2020-06-18T19:39:13","slug":"newsletter-anmelden","status":"publish","type":"page","link":"https:\/\/test.ref-cordast.ch\/fr\/newsletter-anmelden\/","title":{"rendered":"S&rsquo;abonner \u00e0 la lettre trimestrielle"},"content":{"rendered":"<div class=\"wp-block-image\"><figure class=\"alignright size-large is-resized\"><img loading=\"lazy\" decoding=\"async\" src=\"https:\/\/test.ref-cordast.ch\/wp-content\/uploads\/2020\/03\/letters-389108_1280-1024x636.png\" alt=\"\" class=\"wp-image-2803\" width=\"100\" height=\"62\" srcset=\"https:\/\/test.ref-cordast.ch\/wp-content\/uploads\/2020\/03\/letters-389108_1280-1024x636.png 1024w, https:\/\/test.ref-cordast.ch\/wp-content\/uploads\/2020\/03\/letters-389108_1280-300x186.png 300w, https:\/\/test.ref-cordast.ch\/wp-content\/uploads\/2020\/03\/letters-389108_1280-768x477.png 768w, https:\/\/test.ref-cordast.ch\/wp-content\/uploads\/2020\/03\/letters-389108_1280-200x125.png 200w, https:\/\/test.ref-cordast.ch\/wp-content\/uploads\/2020\/03\/letters-389108_1280.png 1280w\" sizes=\"(max-width: 100px) 100vw, 100px\" \/><\/figure><\/div>\n\n\n\n<p>L\u2019\u00e9quipe pastorale-diaconale propose une lettre trimestrielle, qui annoncera les activit\u00e9s et cultes pendant les p\u00e9riodes importantes de la paroisse. Inscrivez-vous ici pour l&rsquo;envoi par e-mail :<\/p>\n\n\n\n\n\n\n\n<script id=\"n2g_script\">!function(e,t,n,c,r,a,i){e.Newsletter2GoTrackingObject=r,e[r]=e[r]||function(){(e[r].q=e[r].q||[]).push(arguments)},e[r].l=1*new Date,a=t.createElement(n),i=t.getElementsByTagName(n)[0],a.async=1,a.src=c,i.parentNode.insertBefore(a,i)}(window,document,\"script\",\"https:\/\/static.newsletter2go.com\/utils.js\",\"n2g\");var config = {\"container\": {\"type\": \"div\",\"class\": \"\",\"style\": \"\"},\"row\": {\"type\": \"div\",\"class\": \"\",\"style\": \"margin-top: 15px;\"},\"columnLeft\": {\"type\": \"div\",\"class\": \"\",\"style\": \"\"},\"columnRight\": {\"type\": \"div\",\"class\": \"\",\"style\": \"\"},\"label\": {\"type\": \"label\",\"class\": \"\",\"style\": \"\"}};n2g('create', 't8taw2jb-ka6lfiw7-ft9');n2g('subscribe:createForm', config);<\/script>","protected":false},"excerpt":{"rendered":"<p>L\u2019\u00e9quipe pastorale-diaconale propose une lettre trimestrielle, qui annoncera les activit\u00e9s et cultes pendant les p\u00e9riodes importantes de la paroisse. Inscrivez-vous ici pour l&rsquo;envoi par e-mail :<\/p>\n","protected":false},"author":2,"featured_media":0,"parent":0,"menu_order":0,"comment_status":"closed","ping_status":"closed","template":"","meta":{"footnotes":""},"class_list":["post-2823","page","type-page","status-publish","hentry"],"_links":{"self":[{"href":"https:\/\/test.ref-cordast.ch\/fr\/wp-json\/wp\/v2\/pages\/2823"}],"collection":[{"href":"https:\/\/test.ref-cordast.ch\/fr\/wp-json\/wp\/v2\/pages"}],"about":[{"href":"https:\/\/test.ref-cordast.ch\/fr\/wp-json\/wp\/v2\/types\/page"}],"author":[{"embeddable":true,"href":"https:\/\/test.ref-cordast.ch\/fr\/wp-json\/wp\/v2\/users\/2"}],"replies":[{"embeddable":true,"href":"https:\/\/test.ref-cordast.ch\/fr\/wp-json\/wp\/v2\/comments?post=2823"}],"version-history":[{"count":10,"href":"https:\/\/test.ref-cordast.ch\/fr\/wp-json\/wp\/v2\/pages\/2823\/revisions"}],"predecessor-version":[{"id":3298,"href":"https:\/\/test.ref-cordast.ch\/fr\/wp-json\/wp\/v2\/pages\/2823\/revisions\/3298"}],"wp:attachment":[{"href":"https:\/\/test.ref-cordast.ch\/fr\/wp-json\/wp\/v2\/media?parent=2823"}],"curies":[{"name":"wp","href":"https:\/\/api.w.org\/{rel}","templated":true}]}}