{"id":28,"date":"2018-03-04T10:31:47","date_gmt":"2018-03-04T10:31:47","guid":{"rendered":"https:\/\/www.ref-cordast.ch\/de\/?page_id=28"},"modified":"2024-12-11T07:48:01","modified_gmt":"2024-12-11T07:48:01","slug":"gottesdienste","status":"publish","type":"page","link":"https:\/\/test.ref-cordast.ch\/fr\/gottesdienste\/","title":{"rendered":"Cultes"},"content":{"rendered":"<p>La paroisse r\u00e9form\u00e9e de Cordast propose chaque mois des cultes en langues allemande et fran\u00e7aise.<\/p>\n<div class='css-events-list'>Keine Veranstaltungen<\/div>\n<p><strong>Les cultes francophones ont lieu le 1<sup>er<\/sup> dimanche du mois \u00e0 18h et le 3<sup>e<\/sup> dimanche du mois \u00e0 10h, dans l\u2019\u00e9glise de Cordast.<\/strong><\/p>\n<p>Au cours de l&rsquo;ann\u00e9e, nous proposons avec les cat\u00e9ch\u00e8tes trois <strong>cultes \u00ab\u00a0graines de Bible\u00a0\u00bb de familles<\/strong>, des occasions pour faire connaissance avec le\/la pasteur-e et les cat\u00e9ch\u00e8tes:<\/p>\n<ul>\n<li><strong>culte de<\/strong>&nbsp;<strong>la rentr\u00e9e scolaire<\/strong> avec distribution de Bible aux 6H<\/li>\n<li><strong>culte pour la<\/strong>&nbsp;<strong>campagne Pain Pour le Prochain<\/strong> et l&rsquo;<strong>entr\u00e9e dans le temps pascal<\/strong><\/li>\n<li><strong>culte de<\/strong> <strong>fin de l&rsquo;ann\u00e9e scolaire<\/strong><\/li>\n<\/ul>\n<p>Nous proposons \u00e9galement r\u00e9guli\u00e8rement des <strong>cultes germanophones<\/strong> ainsi que des <strong>cultes bilingues<\/strong> \u00e0 No\u00ebl, P\u00e2ques et pour le dimanche de la R\u00e9forme, ainsi que ponctuellement pour c\u00e9l\u00e9brer des \u00e9v\u00e9nements particuliers.<\/p>\n<p>Soyez les bienvenus!<\/p>","protected":false},"excerpt":{"rendered":"<p>La paroisse r\u00e9form\u00e9e de Cordast propose chaque mois des cultes en langues allemande et fran\u00e7aise. Les cultes francophones ont lieu le 1er dimanche du mois \u00e0 18h et le 3e dimanche du mois \u00e0 10h, dans l\u2019\u00e9glise de Cordast. Au cours de l&rsquo;ann\u00e9e, nous proposons avec les cat\u00e9ch\u00e8tes trois cultes \u00ab\u00a0graines de Bible\u00a0\u00bb de familles, [&hellip;]<\/p>\n","protected":false},"author":1,"featured_media":0,"parent":0,"menu_order":0,"comment_status":"closed","ping_status":"closed","template":"","meta":{"footnotes":""},"class_list":["post-28","page","type-page","status-publish","hentry"],"_links":{"self":[{"href":"https:\/\/test.ref-cordast.ch\/fr\/wp-json\/wp\/v2\/pages\/28"}],"collection":[{"href":"https:\/\/test.ref-cordast.ch\/fr\/wp-json\/wp\/v2\/pages"}],"about":[{"href":"https:\/\/test.ref-cordast.ch\/fr\/wp-json\/wp\/v2\/types\/page"}],"author":[{"embeddable":true,"href":"https:\/\/test.ref-cordast.ch\/fr\/wp-json\/wp\/v2\/users\/1"}],"replies":[{"embeddable":true,"href":"https:\/\/test.ref-cordast.ch\/fr\/wp-json\/wp\/v2\/comments?post=28"}],"version-history":[{"count":73,"href":"https:\/\/test.ref-cordast.ch\/fr\/wp-json\/wp\/v2\/pages\/28\/revisions"}],"predecessor-version":[{"id":6672,"href":"https:\/\/test.ref-cordast.ch\/fr\/wp-json\/wp\/v2\/pages\/28\/revisions\/6672"}],"wp:attachment":[{"href":"https:\/\/test.ref-cordast.ch\/fr\/wp-json\/wp\/v2\/media?parent=28"}],"curies":[{"name":"wp","href":"https:\/\/api.w.org\/{rel}","templated":true}]}}