{"id":2546,"date":"2020-02-19T09:31:49","date_gmt":"2020-02-19T09:31:49","guid":{"rendered":"https:\/\/www.ref-cordast.ch\/?page_id=2546"},"modified":"2024-12-11T11:12:39","modified_gmt":"2024-12-11T11:12:39","slug":"mitglied-werden","status":"publish","type":"page","link":"https:\/\/test.ref-cordast.ch\/fr\/mitglied-werden\/","title":{"rendered":"Devenir membre"},"content":{"rendered":"<p><\/p>\n\n\n\n<p><strong>Une c\u00e9l\u00e9bration religieuse vous a \u00e9mue ou m\u00eame touch\u00e9e? \u00catre \u00e9glise signifie \u00eatre l\u00e0 pour les gens, toutes les g\u00e9n\u00e9rations confondues et dans toutes les situations. Si vous n&rsquo;\u00eates pas membre de notre \u00e9glise &#8211; vous pouvez le devenir \u00e0 tout moment. En tant que membre vous soutenez notre engagement social solidaire.<\/strong><\/p>\n\n\n\n<figure class=\"wp-block-image size-large\"><img loading=\"lazy\" decoding=\"async\" width=\"1024\" height=\"512\" src=\"https:\/\/test.ref-cordast.ch\/wp-content\/uploads\/2018\/04\/5_im-Anflug-1024x512.jpg\" alt=\"\" class=\"wp-image-383\" srcset=\"https:\/\/test.ref-cordast.ch\/wp-content\/uploads\/2018\/04\/5_im-Anflug-1024x512.jpg 1024w, https:\/\/test.ref-cordast.ch\/wp-content\/uploads\/2018\/04\/5_im-Anflug-300x150.jpg 300w, https:\/\/test.ref-cordast.ch\/wp-content\/uploads\/2018\/04\/5_im-Anflug-768x384.jpg 768w\" sizes=\"(max-width: 1024px) 100vw, 1024px\" \/><\/figure>\n\n\n\n<p>Vous habitez dans la commune de Courtepin, Cressier, Gurmels, Kleinb\u00f6singen ou Misery-Courtion et vous voulez devenir membre de l&rsquo;\u00e9glise r\u00e9form\u00e9e?  Cela nous r\u00e9joui!<\/p>\n\n\n\n<p>Vous pouvez nous envoyer par e-mail avec le formulaire d&rsquo;adh\u00e9sion.  La paroisse (le secr\u00e9tariat ou le conseil de paroisse) prendra alors contact avec vous et proc\u00e9dera \u00e0 votre admission. <\/p>\n\n\n\n<h3 class=\"wp-block-heading\">Enfants <\/h3>\n\n\n\n<p>Pour les personnes qui n&rsquo;ont pas encore atteint l&rsquo;\u00e2ge de 16 ans, les parents peuvent d\u00e9clarer leur entr\u00e9e par \u00e9crit. <\/p>\n\n\n\n<h3 class=\"wp-block-heading\">Possibilit\u00e9 de bapt\u00eame <\/h3>\n\n\n\n<p>Selon vos souhaits, l&rsquo;entr\u00e9e ou l&rsquo;admission dans l&rsquo;\u00e9glise peut \u00eatre faite par le-la pasteur-e dans un petit cadre personnel ou lors d&rsquo;un service religieux.  Si vous n&rsquo;avez pas encore \u00e9t\u00e9 baptis\u00e9, votre pasteur-e discutera avec vous de la possibilit\u00e9 de vous faire baptiser.<\/p>\n\n\n<ul id=\"dvteamgrid2070576720\" class=\"dvwookmark dvteamgrid \" data-dvalign=\"left\" data-dvoffset=\"20\" data-dvwidth=\"180\">\n    <li>\n        <figure>\n            <a id=\"dvgridboxlink2070576720444\" href=\"#dvteambox2070576720444\" >\n                <img decoding=\"async\" src=\"https:\/\/test.ref-cordast.ch\/wp-content\/uploads\/2018\/04\/Estelle_IMG_2898-e1523367041791.jpg\" alt=\"Estelle Zbinden\" \/>\n                                <div class=\"dv-member-zoom\"><i class=\"dvteamicon-info\"><\/i><\/div>\n                            <\/a>\n                <figcaption>\n                    <div class=\"dv-member-desc\">\n                        <div><span class=\"dv-member-name\">Estelle Zbinden<\/span><\/div>\n                                                <div><span class=\"dv-member-info\">Pasteure francophone (50%) et aum\u00f4nier des coll\u00e8ges (30%)<\/span><\/div>\n                                            <\/div>\n                <\/figcaption>\n        <\/figure>\n    <\/li>\n        <\/ul>\n<div class=\"dv-clear\"><\/div>","protected":false},"excerpt":{"rendered":"<p>Une c\u00e9l\u00e9bration religieuse vous a \u00e9mue ou m\u00eame touch\u00e9e? \u00catre \u00e9glise signifie \u00eatre l\u00e0 pour les gens, toutes les g\u00e9n\u00e9rations confondues et dans toutes les situations. Si vous n&rsquo;\u00eates pas membre de notre \u00e9glise &#8211; vous pouvez le devenir \u00e0 tout moment. En tant que membre vous soutenez notre engagement social solidaire. Vous habitez dans [&hellip;]<\/p>\n","protected":false},"author":2,"featured_media":0,"parent":0,"menu_order":0,"comment_status":"closed","ping_status":"closed","template":"","meta":{"footnotes":""},"class_list":["post-2546","page","type-page","status-publish","hentry"],"_links":{"self":[{"href":"https:\/\/test.ref-cordast.ch\/fr\/wp-json\/wp\/v2\/pages\/2546"}],"collection":[{"href":"https:\/\/test.ref-cordast.ch\/fr\/wp-json\/wp\/v2\/pages"}],"about":[{"href":"https:\/\/test.ref-cordast.ch\/fr\/wp-json\/wp\/v2\/types\/page"}],"author":[{"embeddable":true,"href":"https:\/\/test.ref-cordast.ch\/fr\/wp-json\/wp\/v2\/users\/2"}],"replies":[{"embeddable":true,"href":"https:\/\/test.ref-cordast.ch\/fr\/wp-json\/wp\/v2\/comments?post=2546"}],"version-history":[{"count":47,"href":"https:\/\/test.ref-cordast.ch\/fr\/wp-json\/wp\/v2\/pages\/2546\/revisions"}],"predecessor-version":[{"id":6674,"href":"https:\/\/test.ref-cordast.ch\/fr\/wp-json\/wp\/v2\/pages\/2546\/revisions\/6674"}],"wp:attachment":[{"href":"https:\/\/test.ref-cordast.ch\/fr\/wp-json\/wp\/v2\/media?parent=2546"}],"curies":[{"name":"wp","href":"https:\/\/api.w.org\/{rel}","templated":true}]}}