{"id":239,"date":"2018-03-10T18:18:28","date_gmt":"2018-03-10T18:18:28","guid":{"rendered":"https:\/\/www.ref-cordast.ch\/?page_id=239"},"modified":"2021-12-25T11:53:25","modified_gmt":"2021-12-25T11:53:25","slug":"freiwillige","status":"publish","type":"page","link":"https:\/\/test.ref-cordast.ch\/fr\/about\/freiwillige\/","title":{"rendered":"B\u00e9n\u00e9voles"},"content":{"rendered":"<div class=\"wp-block-image\"><figure class=\"alignright size-full is-resized\"><img loading=\"lazy\" decoding=\"async\" src=\"https:\/\/test.ref-cordast.ch\/wp-content\/uploads\/2018\/11\/DSC_0585-1.jpg\" alt=\"\" class=\"wp-image-1454\" width=\"462\" height=\"308\" srcset=\"https:\/\/test.ref-cordast.ch\/wp-content\/uploads\/2018\/11\/DSC_0585-1.jpg 640w, https:\/\/test.ref-cordast.ch\/wp-content\/uploads\/2018\/11\/DSC_0585-1-300x200.jpg 300w, https:\/\/test.ref-cordast.ch\/wp-content\/uploads\/2018\/11\/DSC_0585-1-600x400.jpg 600w\" sizes=\"(max-width: 462px) 100vw, 462px\" \/><figcaption><\/figcaption><\/figure><\/div>\n\n\n<p><\/p>\n<h3><strong>Engag\u00e9s et indispensables<\/strong><\/h3>\n<p>Notre \u00e9glise vit et bouge gr\u00e2ce aux grand nombre de b\u00e9n\u00e9voles. Chacun-e d&rsquo;entre eux-elles am\u00e8ne avec lui-elle, son talent, ses int\u00e9r\u00eats, ses visions et sa sensibilit\u00e9. Ensemble dans tout ce qui fait de nous une communaut\u00e9 nous b\u00e2tissons l&rsquo;\u00e9glise.<\/p>\n<p><em><strong>Nous recherchons:<\/strong><\/em><\/p>\n<ul>\n<li><em>Pour l&rsquo;Ap\u00e9ro-Team: une personne qui aime \u00eatre h\u00f4te et accueillir les visiteurs lors de f\u00eates paroissiales ou au moment des ap\u00e9ritifs apr\u00e8s le culte. Vous avez envie de faire partie d&rsquo;une chouette \u00e9quipe? Alors prenez contact avec la conseill\u00e8re de paroisse:<\/em><strong>\u00a0<a href=\"https:\/\/test.ref-cordast.ch\/dvteam\/heidi-fonjallaz-boegli\/\">Heidi Fonjallaz<\/a><\/strong><\/li>\n<\/ul>\n<p><\/p>","protected":false},"excerpt":{"rendered":"<p>Engag\u00e9s et indispensables Notre \u00e9glise vit et bouge gr\u00e2ce aux grand nombre de b\u00e9n\u00e9voles. Chacun-e d&rsquo;entre eux-elles am\u00e8ne avec lui-elle, son talent, ses int\u00e9r\u00eats, ses visions et sa sensibilit\u00e9. Ensemble dans tout ce qui fait de nous une communaut\u00e9 nous b\u00e2tissons l&rsquo;\u00e9glise. Nous recherchons: Pour l&rsquo;Ap\u00e9ro-Team: une personne qui aime \u00eatre h\u00f4te et accueillir les [&hellip;]<\/p>\n","protected":false},"author":3,"featured_media":0,"parent":236,"menu_order":0,"comment_status":"closed","ping_status":"closed","template":"","meta":{"footnotes":""},"class_list":["post-239","page","type-page","status-publish","hentry"],"_links":{"self":[{"href":"https:\/\/test.ref-cordast.ch\/fr\/wp-json\/wp\/v2\/pages\/239"}],"collection":[{"href":"https:\/\/test.ref-cordast.ch\/fr\/wp-json\/wp\/v2\/pages"}],"about":[{"href":"https:\/\/test.ref-cordast.ch\/fr\/wp-json\/wp\/v2\/types\/page"}],"author":[{"embeddable":true,"href":"https:\/\/test.ref-cordast.ch\/fr\/wp-json\/wp\/v2\/users\/3"}],"replies":[{"embeddable":true,"href":"https:\/\/test.ref-cordast.ch\/fr\/wp-json\/wp\/v2\/comments?post=239"}],"version-history":[{"count":10,"href":"https:\/\/test.ref-cordast.ch\/fr\/wp-json\/wp\/v2\/pages\/239\/revisions"}],"predecessor-version":[{"id":4393,"href":"https:\/\/test.ref-cordast.ch\/fr\/wp-json\/wp\/v2\/pages\/239\/revisions\/4393"}],"up":[{"embeddable":true,"href":"https:\/\/test.ref-cordast.ch\/fr\/wp-json\/wp\/v2\/pages\/236"}],"wp:attachment":[{"href":"https:\/\/test.ref-cordast.ch\/fr\/wp-json\/wp\/v2\/media?parent=239"}],"curies":[{"name":"wp","href":"https:\/\/api.w.org\/{rel}","templated":true}]}}