{"id":236,"date":"2018-03-10T18:16:56","date_gmt":"2018-03-10T18:16:56","guid":{"rendered":"https:\/\/www.ref-cordast.ch\/?page_id=236"},"modified":"2024-03-18T10:15:36","modified_gmt":"2024-03-18T10:15:36","slug":"about","status":"publish","type":"page","link":"https:\/\/test.ref-cordast.ch\/fr\/about\/","title":{"rendered":"Personnes et lieux"},"content":{"rendered":"<p><\/p>\n<h2>Personnes<\/h2>\n<p>La paroisse de Cordast est la somme d&rsquo;une grande diversit\u00e9 de personnes, dont ceux qui sont employ\u00e9s, mais aussi tous les b\u00e9n\u00e9voles.<\/p>\n<ul>\n<li><a href=\"https:\/\/test.ref-cordast.ch\/fr\/menschen-und-orte\/freiwillige\/\">B\u00e9n\u00e9voles<\/a><\/li>\n<li><a href=\"https:\/\/test.ref-cordast.ch\/fr\/menschen-und-orte\/menschen\/\">Equipe et conseil<\/a><\/li>\n<\/ul>\n<h2>Lieux et histoire<\/h2>\n<p>La paroisse de Cordast a une histoire que nous vous pr\u00e9sentons dans <a href=\"https:\/\/test.ref-cordast.ch\/fr\/menschen-und-orte\/geschichte\/bilderbuch-welch-ein-fest\/\">un livre<\/a>, que vous pouvez ais\u00e9ment vous procurer! Elle dispose aussi de divers lieux qu&rsquo;il est possible de louer pour des f\u00eates ou autres rassemblement.<\/p>\n<ul>\n<li><a href=\"https:\/\/test.ref-cordast.ch\/fr\/locations\/kirche\/\">Eglise r\u00e9form\u00e9e de Cordast<\/a><\/li>\n<li><a href=\"https:\/\/test.ref-cordast.ch\/fr\/menschen-und-orte\/orte\/vermietungen\/\">Salles \u00e0 louer \u00e0 Cordast et Gurmels<\/a><\/li>\n<li><a href=\"https:\/\/test.ref-cordast.ch\/fr\/menschen-und-orte\/geschichte\/\">Histoire de la paroisse de Cordast<\/a><\/li>\n<\/ul>\n<p><\/p>","protected":false},"excerpt":{"rendered":"<p>Personnes La paroisse de Cordast est la somme d&rsquo;une grande diversit\u00e9 de personnes, dont ceux qui sont employ\u00e9s, mais aussi tous les b\u00e9n\u00e9voles. B\u00e9n\u00e9voles Equipe et conseil Lieux et histoire La paroisse de Cordast a une histoire que nous vous pr\u00e9sentons dans un livre, que vous pouvez ais\u00e9ment vous procurer! Elle dispose aussi de divers [&hellip;]<\/p>\n","protected":false},"author":3,"featured_media":0,"parent":0,"menu_order":0,"comment_status":"closed","ping_status":"closed","template":"","meta":{"footnotes":""},"class_list":["post-236","page","type-page","status-publish","hentry"],"_links":{"self":[{"href":"https:\/\/test.ref-cordast.ch\/fr\/wp-json\/wp\/v2\/pages\/236"}],"collection":[{"href":"https:\/\/test.ref-cordast.ch\/fr\/wp-json\/wp\/v2\/pages"}],"about":[{"href":"https:\/\/test.ref-cordast.ch\/fr\/wp-json\/wp\/v2\/types\/page"}],"author":[{"embeddable":true,"href":"https:\/\/test.ref-cordast.ch\/fr\/wp-json\/wp\/v2\/users\/3"}],"replies":[{"embeddable":true,"href":"https:\/\/test.ref-cordast.ch\/fr\/wp-json\/wp\/v2\/comments?post=236"}],"version-history":[{"count":5,"href":"https:\/\/test.ref-cordast.ch\/fr\/wp-json\/wp\/v2\/pages\/236\/revisions"}],"predecessor-version":[{"id":1502,"href":"https:\/\/test.ref-cordast.ch\/fr\/wp-json\/wp\/v2\/pages\/236\/revisions\/1502"}],"wp:attachment":[{"href":"https:\/\/test.ref-cordast.ch\/fr\/wp-json\/wp\/v2\/media?parent=236"}],"curies":[{"name":"wp","href":"https:\/\/api.w.org\/{rel}","templated":true}]}}