{"id":231,"date":"2018-03-10T18:12:03","date_gmt":"2018-03-10T18:12:03","guid":{"rendered":"https:\/\/www.ref-cordast.ch\/?page_id=231"},"modified":"2024-08-26T07:41:12","modified_gmt":"2024-08-26T07:41:12","slug":"seelsorge","status":"publish","type":"page","link":"https:\/\/test.ref-cordast.ch\/fr\/aktivitaeten\/spiritualitaet\/seelsorge\/","title":{"rendered":"Accompagnement spirituel"},"content":{"rendered":"<div class=\"wp-block-image\">\n<figure class=\"alignright size-full\"><img loading=\"lazy\" decoding=\"async\" width=\"300\" height=\"300\" src=\"https:\/\/test.ref-cordast.ch\/wp-content\/uploads\/2022\/10\/Seelsorge.jpg\" alt=\"\" class=\"wp-image-4828\" srcset=\"https:\/\/test.ref-cordast.ch\/wp-content\/uploads\/2022\/10\/Seelsorge.jpg 300w, https:\/\/test.ref-cordast.ch\/wp-content\/uploads\/2022\/10\/Seelsorge-150x150.jpg 150w\" sizes=\"(max-width: 300px) 100vw, 300px\" \/><\/figure><\/div>\n\n<p><\/p>\n<div class=\"page\" title=\"Page 1\">\n<div class=\"section\">\n<div class=\"layoutArea\">\n<div class=\"column\">\n<p>Vous souhaitez parler avec quelqu&rsquo;un, \u00e9changer, vous raconter en toute confiance?<\/p>\n<p>Nous sommes l\u00e0 \u00e0 votre \u00e9coute pour vous accompagner sur votre chemin de vie, quelques soient les \u00e9preuves travers\u00e9es ou les questionnements.<\/p>\n<p>L&rsquo;\u00e9quipe pastorale, en toute confidentialit\u00e9, est pr\u00e9sent pour vous. N&rsquo;h\u00e9sitez pas \u00e0 nous contacter.<\/p>\n<\/div>\n<ul id=\"dvteamgrid701483707\" class=\"dvwookmark dvteamgrid \" data-dvalign=\"left\" data-dvoffset=\"20\" data-dvwidth=\"180\">\n    <li>\n        <figure>\n            <a id=\"dvgridboxlink701483707444\" href=\"#dvteambox701483707444\" >\n                <img decoding=\"async\" src=\"https:\/\/test.ref-cordast.ch\/wp-content\/uploads\/2018\/04\/Estelle_IMG_2898-e1523367041791.jpg\" alt=\"Estelle Zbinden\" \/>\n                                <div class=\"dv-member-zoom\"><i class=\"dvteamicon-info\"><\/i><\/div>\n                            <\/a>\n                <figcaption>\n                    <div class=\"dv-member-desc\">\n                        <div><span class=\"dv-member-name\">Estelle Zbinden<\/span><\/div>\n                                                <div><span class=\"dv-member-info\">Pasteure francophone (50%) et aum\u00f4nier des coll\u00e8ges (30%)<\/span><\/div>\n                                            <\/div>\n                <\/figcaption>\n        <\/figure>\n    <\/li>\n        <\/ul>\n<div class=\"dv-clear\"><\/div>\n\n<\/div>\n<\/div>\n<\/div>\n<p><\/p>","protected":false},"excerpt":{"rendered":"<p>Vous souhaitez parler avec quelqu&rsquo;un, \u00e9changer, vous raconter en toute confiance? Nous sommes l\u00e0 \u00e0 votre \u00e9coute pour vous accompagner sur votre chemin de vie, quelques soient les \u00e9preuves travers\u00e9es ou les questionnements. L&rsquo;\u00e9quipe pastorale, en toute confidentialit\u00e9, est pr\u00e9sent pour vous. N&rsquo;h\u00e9sitez pas \u00e0 nous contacter.<\/p>\n","protected":false},"author":3,"featured_media":0,"parent":163,"menu_order":0,"comment_status":"closed","ping_status":"closed","template":"","meta":{"footnotes":""},"class_list":["post-231","page","type-page","status-publish","hentry"],"_links":{"self":[{"href":"https:\/\/test.ref-cordast.ch\/fr\/wp-json\/wp\/v2\/pages\/231"}],"collection":[{"href":"https:\/\/test.ref-cordast.ch\/fr\/wp-json\/wp\/v2\/pages"}],"about":[{"href":"https:\/\/test.ref-cordast.ch\/fr\/wp-json\/wp\/v2\/types\/page"}],"author":[{"embeddable":true,"href":"https:\/\/test.ref-cordast.ch\/fr\/wp-json\/wp\/v2\/users\/3"}],"replies":[{"embeddable":true,"href":"https:\/\/test.ref-cordast.ch\/fr\/wp-json\/wp\/v2\/comments?post=231"}],"version-history":[{"count":17,"href":"https:\/\/test.ref-cordast.ch\/fr\/wp-json\/wp\/v2\/pages\/231\/revisions"}],"predecessor-version":[{"id":6439,"href":"https:\/\/test.ref-cordast.ch\/fr\/wp-json\/wp\/v2\/pages\/231\/revisions\/6439"}],"up":[{"embeddable":true,"href":"https:\/\/test.ref-cordast.ch\/fr\/wp-json\/wp\/v2\/pages\/163"}],"wp:attachment":[{"href":"https:\/\/test.ref-cordast.ch\/fr\/wp-json\/wp\/v2\/media?parent=231"}],"curies":[{"name":"wp","href":"https:\/\/api.w.org\/{rel}","templated":true}]}}