{"id":2302,"date":"2019-12-17T14:25:36","date_gmt":"2019-12-17T14:25:36","guid":{"rendered":"https:\/\/www.ref-cordast.ch\/?page_id=2302"},"modified":"2024-04-02T14:37:46","modified_gmt":"2024-04-02T14:37:46","slug":"vermietungen","status":"publish","type":"page","link":"https:\/\/test.ref-cordast.ch\/fr\/about\/orte\/vermietungen\/","title":{"rendered":"Location de salle"},"content":{"rendered":"<h3 class=\"wp-block-heading\" id=\"gemeinschaftszentrum-cordast\">Centre paroissial de Cordast<\/h3>\n\n\n\n<div class=\"wp-block-columns is-layout-flex wp-container-core-columns-is-layout-1 wp-block-columns-is-layout-flex\">\n<div class=\"wp-block-column is-layout-flow wp-block-column-is-layout-flow\">\n<figure class=\"wp-block-image size-full\"><img loading=\"lazy\" decoding=\"async\" width=\"639\" height=\"426\" src=\"https:\/\/test.ref-cordast.ch\/wp-content\/uploads\/2018\/06\/DSCN7453-e1672414957762.jpeg\" alt=\"\" class=\"wp-image-1119\" srcset=\"https:\/\/test.ref-cordast.ch\/wp-content\/uploads\/2018\/06\/DSCN7453-e1672414957762.jpeg 639w, https:\/\/test.ref-cordast.ch\/wp-content\/uploads\/2018\/06\/DSCN7453-e1672414957762-300x200.jpeg 300w, https:\/\/test.ref-cordast.ch\/wp-content\/uploads\/2018\/06\/DSCN7453-e1672414957762-600x400.jpeg 600w\" sizes=\"(max-width: 639px) 100vw, 639px\" \/><\/figure>\n<\/div>\n\n\n\n<div class=\"wp-block-column is-layout-flow wp-block-column-is-layout-flow\">\n<figure class=\"wp-block-image size-full\"><img loading=\"lazy\" decoding=\"async\" width=\"640\" height=\"427\" src=\"https:\/\/test.ref-cordast.ch\/wp-content\/uploads\/2018\/11\/DSC_0585-1.jpg\" alt=\"\" class=\"wp-image-1454\" srcset=\"https:\/\/test.ref-cordast.ch\/wp-content\/uploads\/2018\/11\/DSC_0585-1.jpg 640w, https:\/\/test.ref-cordast.ch\/wp-content\/uploads\/2018\/11\/DSC_0585-1-300x200.jpg 300w, https:\/\/test.ref-cordast.ch\/wp-content\/uploads\/2018\/11\/DSC_0585-1-600x400.jpg 600w\" sizes=\"(max-width: 640px) 100vw, 640px\" \/><\/figure>\n<\/div>\n<\/div>\n\n\n\n<div style=\"height:20px\" aria-hidden=\"true\" class=\"wp-block-spacer\"><\/div>\n\n\n\n<p>La salle du centre paroissial de Cordast peut \u00eatre lou\u00e9e pour des f\u00eates ou rassemblements priv\u00e9s en dehors de l&rsquo;utilisation courante. Le lieu offre de la place pour une soixantaine de personnes. La cuisine attenante peut \u00eatre \u00e9galement lou\u00e9e en sus.<\/p>\n<\/div><\/div>\n\n\n\n<p><strong>Adresse&nbsp;: <\/strong>Spielacher 1 \u00e0 Cordast<\/p>\n\n\n\n<div class=\"wp-block-file\"><a id=\"wp-block-file--media-ba15e8e2-7736-46e5-a212-a40022cfc825\" href=\"https:\/\/test.ref-cordast.ch\/wp-content\/uploads\/2019\/12\/Mietanfrage-GZ-Cordast.pdf\">Formulaire demande de location<\/a><a href=\"https:\/\/test.ref-cordast.ch\/wp-content\/uploads\/2019\/12\/Mietanfrage-GZ-Cordast.pdf\" class=\"wp-block-file__button wp-element-button\" download aria-describedby=\"wp-block-file--media-ba15e8e2-7736-46e5-a212-a40022cfc825\">T\u00e9l\u00e9charger<\/a><\/div>\n\n\n\n<div class=\"wp-block-file\"><a id=\"wp-block-file--media-1fc9ef16-9d53-4b77-8fdc-e92669ae04db\" href=\"https:\/\/test.ref-cordast.ch\/wp-content\/uploads\/2024\/04\/Plan-Gemeinschaftszentrum-Cordast-EG.pdf\">Plan des locaux du centre paroissial<\/a><a href=\"https:\/\/test.ref-cordast.ch\/wp-content\/uploads\/2024\/04\/Plan-Gemeinschaftszentrum-Cordast-EG.pdf\" class=\"wp-block-file__button wp-element-button\" download aria-describedby=\"wp-block-file--media-1fc9ef16-9d53-4b77-8fdc-e92669ae04db\">Herunterladen<\/a><\/div>\n\n\n\n<div class=\"wp-block-file\"><a id=\"wp-block-file--media-28b8acef-8b95-404c-8f7c-45bca28e6404\" href=\"https:\/\/test.ref-cordast.ch\/wp-content\/uploads\/2018\/04\/Reglement-GZ.pdf\" target=\"_blank\" rel=\"noreferrer noopener\">Reglement centre paroissial (en allemand)<\/a><a href=\"https:\/\/test.ref-cordast.ch\/wp-content\/uploads\/2018\/04\/Reglement-GZ.pdf\" class=\"wp-block-file__button wp-element-button\" download aria-describedby=\"wp-block-file--media-28b8acef-8b95-404c-8f7c-45bca28e6404\">T\u00e9l\u00e9charger<\/a><\/div>\n\n\n\n<div style=\"height:35px\" aria-hidden=\"true\" class=\"wp-block-spacer\"><\/div>\n\n\n\n<h4 class=\"wp-block-heading\" id=\"informations-et-demandes-de-location\">Informations et demandes de location:<\/h4>\n\n\n<ul id=\"dvteamgrid405655881\" class=\"dvwookmark dvteamgrid \" data-dvalign=\"left\" data-dvoffset=\"20\" data-dvwidth=\"180\">\n    <li>\n        <figure>\n            <a id=\"dvgridboxlink4056558814273\" href=\"#dvteambox4056558814273\" >\n                <img decoding=\"async\" src=\"https:\/\/test.ref-cordast.ch\/wp-content\/uploads\/2021\/11\/Foto-farbig-scaled-e1637233638393-768x1024.jpg\" alt=\"Carole Vonlanthen\" \/>\n                                <div class=\"dv-member-zoom\"><i class=\"dvteamicon-info\"><\/i><\/div>\n                            <\/a>\n                <figcaption>\n                    <div class=\"dv-member-desc\">\n                        <div><span class=\"dv-member-name\">Carole Vonlanthen<\/span><\/div>\n                                                <div><span class=\"dv-member-info\">Secr\u00e9tariat<\/span><\/div>\n                                            <\/div>\n                <\/figcaption>\n        <\/figure>\n    <\/li>\n        <\/ul>\n<div class=\"dv-clear\"><\/div>\n\n\n\n\n<div class=\"wp-block-group\"><div class=\"wp-block-group__inner-container is-layout-flow wp-block-group-is-layout-flow\">\n<p> <\/p>\n\n\n\n<h3 class=\"wp-block-heading\"><strong>Fondation Point de rencontre<\/strong> \u2013 ancienne \u00e9cole r\u00e9form\u00e9e&nbsp;de Courtepin<\/h3>\n\n\n\n<p>Les locaux de l\u2019ancienne \u00e9cole allemande&nbsp;de Courtepin, en face de la gare.<br>Deux salles pouvant accueillir entre 30-40 personnes.<\/p>\n\n\n\n<p>Locations et renseignements : Monsieur Peter Meyer au 026 684 37 68 ou au 078 839 30 77<\/p>\n\n\n\n<p><strong>Adresse: <\/strong>Route de Fribourg 19, Courtepin FR<\/p>\n\n\n\n<p><\/p>\n<\/div><\/div>","protected":false},"excerpt":{"rendered":"<p>Centre paroissial de Cordast La salle du centre paroissial de Cordast peut \u00eatre lou\u00e9e pour des f\u00eates ou rassemblements priv\u00e9s en dehors de l&rsquo;utilisation courante. Le lieu offre de la place pour une soixantaine de personnes. La cuisine attenante peut \u00eatre \u00e9galement lou\u00e9e en sus. Adresse&nbsp;: Spielacher 1 \u00e0 Cordast Informations et demandes de location: [&hellip;]<\/p>\n","protected":false},"author":2,"featured_media":0,"parent":270,"menu_order":0,"comment_status":"closed","ping_status":"closed","template":"","meta":{"footnotes":""},"class_list":["post-2302","page","type-page","status-publish","hentry"],"_links":{"self":[{"href":"https:\/\/test.ref-cordast.ch\/fr\/wp-json\/wp\/v2\/pages\/2302"}],"collection":[{"href":"https:\/\/test.ref-cordast.ch\/fr\/wp-json\/wp\/v2\/pages"}],"about":[{"href":"https:\/\/test.ref-cordast.ch\/fr\/wp-json\/wp\/v2\/types\/page"}],"author":[{"embeddable":true,"href":"https:\/\/test.ref-cordast.ch\/fr\/wp-json\/wp\/v2\/users\/2"}],"replies":[{"embeddable":true,"href":"https:\/\/test.ref-cordast.ch\/fr\/wp-json\/wp\/v2\/comments?post=2302"}],"version-history":[{"count":42,"href":"https:\/\/test.ref-cordast.ch\/fr\/wp-json\/wp\/v2\/pages\/2302\/revisions"}],"predecessor-version":[{"id":6210,"href":"https:\/\/test.ref-cordast.ch\/fr\/wp-json\/wp\/v2\/pages\/2302\/revisions\/6210"}],"up":[{"embeddable":true,"href":"https:\/\/test.ref-cordast.ch\/fr\/wp-json\/wp\/v2\/pages\/270"}],"wp:attachment":[{"href":"https:\/\/test.ref-cordast.ch\/fr\/wp-json\/wp\/v2\/media?parent=2302"}],"curies":[{"name":"wp","href":"https:\/\/api.w.org\/{rel}","templated":true}]}}