{"id":226,"date":"2018-03-10T18:08:59","date_gmt":"2018-03-10T18:08:59","guid":{"rendered":"https:\/\/www.ref-cordast.ch\/?page_id=226"},"modified":"2019-11-27T10:14:51","modified_gmt":"2019-11-27T10:14:51","slug":"francais-stille-und-licht","status":"publish","type":"page","link":"https:\/\/test.ref-cordast.ch\/fr\/aktivitaeten\/spiritualitaet\/francais-stille-und-licht\/","title":{"rendered":"Lumi\u00e8re et silence"},"content":{"rendered":"<p><b>L&rsquo;\u00e9glise de Cordast\u00a0reste pendant le temps de l&rsquo;avent <!--(\u00e0 partir du 5\u00a0d\u00e9cembre)--> ouverte tous les mardis et vous invite entre 17h30 et 20h \u00e0 un temps de silence \u00e0 la lueur de bougies.<\/b><\/p>\n<p><img loading=\"lazy\" decoding=\"async\" class=\"alignright size-medium wp-image-901\" src=\"https:\/\/test.ref-cordast.ch\/wp-content\/uploads\/2018\/05\/Fotolia_50850614_XXL_preview-300x200.jpg\" alt=\"\" width=\"300\" height=\"200\" \/><\/p>\n<p>Le temps de l&rsquo;avent est souvent synonyme de pr\u00e9paration intensive des festivit\u00e9s de No\u00ebl,\u00a0ce qui a tendance \u00e0 nous \u00e9loigner du profond sens de l&rsquo;avent et d&rsquo;une certaine forme de recueillement. Voil\u00e0 pourquoi nous vous proposons de plonger dans ce temps, de venir passer quelques minutes, voire quelques heures, pour vous ressourcer et entrer dans l&rsquo;attente de la venue de Dieu dans le monde.<\/p>\n<p><!-- Des contes seront lus les mardis 5, 12 et 19 d\u00e9cembre en allemand et le mardi 14 d\u00e9cembre en fran\u00e7ais \u00e0 17h. Musique du silence Le jeudi 7 d\u00e9cembre \u00e0 18h30,\n\n\n<h2>Musique du silence<\/h2>\n\n\nLe<strong> jeudi 7 d\u00e9cembre \u00e0 18h30<\/strong>, du silence naitra des sons... Daniel Romet (violoncelle) et Ruth Pellegrini (orgue).\n\n\n<h2>Contes<\/h2>\n\n\nDes contes seront lus les mardis 5, 12 et 19 d\u00e9cembre en allemand et le\u00a0<strong>mardi 14 d\u00e9cembre en fran\u00e7ais \u00e0 17h<\/strong>.--><\/p>","protected":false},"excerpt":{"rendered":"<p>L&rsquo;\u00e9glise de Cordast\u00a0reste pendant le temps de l&rsquo;avent ouverte tous les mardis et vous invite entre 17h30 et 20h \u00e0 un temps de silence \u00e0 la lueur de bougies. Le temps de l&rsquo;avent est souvent synonyme de pr\u00e9paration intensive des festivit\u00e9s de No\u00ebl,\u00a0ce qui a tendance \u00e0 nous \u00e9loigner du profond sens de l&rsquo;avent et [&hellip;]<\/p>\n","protected":false},"author":2,"featured_media":0,"parent":163,"menu_order":0,"comment_status":"closed","ping_status":"closed","template":"","meta":{"footnotes":""},"class_list":["post-226","page","type-page","status-publish","hentry"],"_links":{"self":[{"href":"https:\/\/test.ref-cordast.ch\/fr\/wp-json\/wp\/v2\/pages\/226"}],"collection":[{"href":"https:\/\/test.ref-cordast.ch\/fr\/wp-json\/wp\/v2\/pages"}],"about":[{"href":"https:\/\/test.ref-cordast.ch\/fr\/wp-json\/wp\/v2\/types\/page"}],"author":[{"embeddable":true,"href":"https:\/\/test.ref-cordast.ch\/fr\/wp-json\/wp\/v2\/users\/2"}],"replies":[{"embeddable":true,"href":"https:\/\/test.ref-cordast.ch\/fr\/wp-json\/wp\/v2\/comments?post=226"}],"version-history":[{"count":8,"href":"https:\/\/test.ref-cordast.ch\/fr\/wp-json\/wp\/v2\/pages\/226\/revisions"}],"predecessor-version":[{"id":2231,"href":"https:\/\/test.ref-cordast.ch\/fr\/wp-json\/wp\/v2\/pages\/226\/revisions\/2231"}],"up":[{"embeddable":true,"href":"https:\/\/test.ref-cordast.ch\/fr\/wp-json\/wp\/v2\/pages\/163"}],"wp:attachment":[{"href":"https:\/\/test.ref-cordast.ch\/fr\/wp-json\/wp\/v2\/media?parent=226"}],"curies":[{"name":"wp","href":"https:\/\/api.w.org\/{rel}","templated":true}]}}