{"id":221,"date":"2018-03-10T18:04:53","date_gmt":"2018-03-10T18:04:53","guid":{"rendered":"https:\/\/www.ref-cordast.ch\/?page_id=221"},"modified":"2023-01-05T17:40:50","modified_gmt":"2023-01-05T17:40:50","slug":"francais-agape","status":"publish","type":"page","link":"https:\/\/test.ref-cordast.ch\/fr\/aktivitaeten\/erwachsene\/francais-agape\/","title":{"rendered":"Agape"},"content":{"rendered":"<p>Environs tous les deux mois nous proposons <strong>\u00e0 la suite du culte du soir <\/strong>(<a href=\"https:\/\/test.ref-cordast.ch\/gottesdienste\/\">1er\u00a0dimanche du mois \u00e0 18h<\/a>) <strong>une agape<\/strong>. <a href=\"https:\/\/test.ref-cordast.ch\/aktivitaeten\/erwachsene\/francais-agape\/agape2\/\" rel=\"attachment wp-att-1495\"><img loading=\"lazy\" decoding=\"async\" class=\"size-medium wp-image-1495 alignright\" src=\"https:\/\/test.ref-cordast.ch\/wp-content\/uploads\/2018\/12\/agape2-300x91.jpg\" alt=\"\" width=\"300\" height=\"91\" srcset=\"https:\/\/test.ref-cordast.ch\/wp-content\/uploads\/2018\/12\/agape2-300x91.jpg 300w, https:\/\/test.ref-cordast.ch\/wp-content\/uploads\/2018\/12\/agape2-768x232.jpg 768w, https:\/\/test.ref-cordast.ch\/wp-content\/uploads\/2018\/12\/agape2-1024x310.jpg 1024w, https:\/\/test.ref-cordast.ch\/wp-content\/uploads\/2018\/12\/agape2.jpg 1431w\" sizes=\"(max-width: 300px) 100vw, 300px\" \/><\/a><\/p>\n<p>Pour ceux et celles qui le d\u00e9sirent nous prenons du temps apr\u00e8s le culte pour partager un repas simple constitu\u00e9 de ce que chacun aura amen\u00e9.<\/p>\n<p>Ce moment convivial est l&rsquo;occasion de mieux se connaitre et de tisser des liens, de discuter de th\u00e8mes divers et de bien rire aussi.<\/p>\n<p>Dates pour 2023: 5.02, 7.05, 2.07, 3.09, 1.10, 3.12<\/p>\n<p><strong>Sentez vous libre de venir passer un bon moment avec les mains pleines ou vides\u00a0!<\/strong><\/p>","protected":false},"excerpt":{"rendered":"<p>Environs tous les deux mois nous proposons \u00e0 la suite du culte du soir (1er\u00a0dimanche du mois \u00e0 18h) une agape. Pour ceux et celles qui le d\u00e9sirent nous prenons du temps apr\u00e8s le culte pour partager un repas simple constitu\u00e9 de ce que chacun aura amen\u00e9. Ce moment convivial est l&rsquo;occasion de mieux se [&hellip;]<\/p>\n","protected":false},"author":3,"featured_media":0,"parent":151,"menu_order":0,"comment_status":"closed","ping_status":"closed","template":"","meta":{"footnotes":""},"class_list":["post-221","page","type-page","status-publish","hentry"],"_links":{"self":[{"href":"https:\/\/test.ref-cordast.ch\/fr\/wp-json\/wp\/v2\/pages\/221"}],"collection":[{"href":"https:\/\/test.ref-cordast.ch\/fr\/wp-json\/wp\/v2\/pages"}],"about":[{"href":"https:\/\/test.ref-cordast.ch\/fr\/wp-json\/wp\/v2\/types\/page"}],"author":[{"embeddable":true,"href":"https:\/\/test.ref-cordast.ch\/fr\/wp-json\/wp\/v2\/users\/3"}],"replies":[{"embeddable":true,"href":"https:\/\/test.ref-cordast.ch\/fr\/wp-json\/wp\/v2\/comments?post=221"}],"version-history":[{"count":5,"href":"https:\/\/test.ref-cordast.ch\/fr\/wp-json\/wp\/v2\/pages\/221\/revisions"}],"predecessor-version":[{"id":5177,"href":"https:\/\/test.ref-cordast.ch\/fr\/wp-json\/wp\/v2\/pages\/221\/revisions\/5177"}],"up":[{"embeddable":true,"href":"https:\/\/test.ref-cordast.ch\/fr\/wp-json\/wp\/v2\/pages\/151"}],"wp:attachment":[{"href":"https:\/\/test.ref-cordast.ch\/fr\/wp-json\/wp\/v2\/media?parent=221"}],"curies":[{"name":"wp","href":"https:\/\/api.w.org\/{rel}","templated":true}]}}