{"id":217,"date":"2018-03-10T17:59:46","date_gmt":"2018-03-10T17:59:46","guid":{"rendered":"https:\/\/www.ref-cordast.ch\/?page_id=217"},"modified":"2024-08-28T20:42:47","modified_gmt":"2024-08-28T20:42:47","slug":"francais-ateliers-graines-de-bible","status":"publish","type":"page","link":"https:\/\/test.ref-cordast.ch\/fr\/aktivitaeten\/kinder-und-familien\/francais-ateliers-graines-de-bible\/","title":{"rendered":"Ateliers \u00abGraines de Bible\u00bb"},"content":{"rendered":"<p>Chaque ann\u00e9e, \u00e0 raison de deux fois par an, nous proposons des ateliers th\u00e9matiques aux enfants de l&rsquo;\u00e9cole primaire. Autour d&rsquo;un th\u00e8me nous explorons les possibilit\u00e9s, les ouvertures, les questionnements, tout en jouant, bricolant et s&rsquo;amusant!\u00a0<a href=\"https:\/\/test.ref-cordast.ch\/graine-de-bible\/\"><img loading=\"lazy\" decoding=\"async\" class=\"size-medium wp-image-1031 alignright\" src=\"https:\/\/test.ref-cordast.ch\/wp-content\/uploads\/2018\/05\/Graine-de-bible-300x180.png\" alt=\"\" width=\"300\" height=\"180\" srcset=\"https:\/\/test.ref-cordast.ch\/wp-content\/uploads\/2018\/05\/Graine-de-bible-300x180.png 300w, https:\/\/test.ref-cordast.ch\/wp-content\/uploads\/2018\/05\/Graine-de-bible.png 600w\" sizes=\"(max-width: 300px) 100vw, 300px\" \/><\/a><\/p>\n<p><strong>Prochain ateliers:<\/strong><\/p>\n<ul>\n<li><strong>atelier de No\u00ebl<\/strong>:<br \/>\nsamedi 14 d\u00e9cembre 2024, 9h-12h, avec cuisine &amp; bricolages pour la f\u00eate de No\u00ebl \u00e0 la for\u00eat le 15 d\u00e9cembre \u00e0 17h (cabane de la for\u00eat de Cressier)<\/li>\n<li><strong>ateliers bilingue de P\u00e2ques<\/strong>:<br \/>\ndimanche 20 avril 2025, pendant le matin de P\u00e2ques, avec une chasse aux oeufs<\/li>\n<\/ul>\n<p>Inscription: aupr\u00e8s des cat\u00e9ch\u00e8tes dans l&rsquo;\u00e9tablissement scolaire de votre enfant ou par <strong>e<\/strong><strong>mail \u00e0 votre pasteur-e.<\/strong><\/p>","protected":false},"excerpt":{"rendered":"<p>Chaque ann\u00e9e, \u00e0 raison de deux fois par an, nous proposons des ateliers th\u00e9matiques aux enfants de l&rsquo;\u00e9cole primaire. Autour d&rsquo;un th\u00e8me nous explorons les possibilit\u00e9s, les ouvertures, les questionnements, tout en jouant, bricolant et s&rsquo;amusant!\u00a0 Prochain ateliers: atelier de No\u00ebl: samedi 14 d\u00e9cembre 2024, 9h-12h, avec cuisine &amp; bricolages pour la f\u00eate de No\u00ebl [&hellip;]<\/p>\n","protected":false},"author":3,"featured_media":0,"parent":153,"menu_order":0,"comment_status":"closed","ping_status":"closed","template":"","meta":{"footnotes":""},"class_list":["post-217","page","type-page","status-publish","hentry"],"_links":{"self":[{"href":"https:\/\/test.ref-cordast.ch\/fr\/wp-json\/wp\/v2\/pages\/217"}],"collection":[{"href":"https:\/\/test.ref-cordast.ch\/fr\/wp-json\/wp\/v2\/pages"}],"about":[{"href":"https:\/\/test.ref-cordast.ch\/fr\/wp-json\/wp\/v2\/types\/page"}],"author":[{"embeddable":true,"href":"https:\/\/test.ref-cordast.ch\/fr\/wp-json\/wp\/v2\/users\/3"}],"replies":[{"embeddable":true,"href":"https:\/\/test.ref-cordast.ch\/fr\/wp-json\/wp\/v2\/comments?post=217"}],"version-history":[{"count":7,"href":"https:\/\/test.ref-cordast.ch\/fr\/wp-json\/wp\/v2\/pages\/217\/revisions"}],"predecessor-version":[{"id":6464,"href":"https:\/\/test.ref-cordast.ch\/fr\/wp-json\/wp\/v2\/pages\/217\/revisions\/6464"}],"up":[{"embeddable":true,"href":"https:\/\/test.ref-cordast.ch\/fr\/wp-json\/wp\/v2\/pages\/153"}],"wp:attachment":[{"href":"https:\/\/test.ref-cordast.ch\/fr\/wp-json\/wp\/v2\/media?parent=217"}],"curies":[{"name":"wp","href":"https:\/\/api.w.org\/{rel}","templated":true}]}}