{"id":214,"date":"2018-03-10T17:55:30","date_gmt":"2018-03-10T17:55:30","guid":{"rendered":"https:\/\/www.ref-cordast.ch\/?page_id=214"},"modified":"2020-03-08T11:04:54","modified_gmt":"2020-03-08T11:04:54","slug":"besucherdienst","status":"publish","type":"page","link":"https:\/\/test.ref-cordast.ch\/fr\/aktivitaeten\/erwachsene\/besucherdienst\/","title":{"rendered":"Visites"},"content":{"rendered":"<p>Dans les villages de Cressier, Courtepin, Courtaman et Wallenried, des groupes oecum\u00e9niques de visiteurs et de visiteuses existent pour rendre visite aux personnes \u00e2g\u00e9es, aux nouvelles mamans et toutes personnes en demande.<\/p>\n\n\n\n<p>Si vous souhaitez donner de votre temps ou si vous d\u00e9sirez plus amples informations, prenez contact:<\/p>\n\n\n<ul id=\"dvteamgrid1002909693\" class=\"dvwookmark dvteamgrid \" data-dvalign=\"left\" data-dvoffset=\"20\" data-dvwidth=\"180\">\n    <li>\n        <figure>\n            <a id=\"dvgridboxlink1002909693444\" href=\"#dvteambox1002909693444\" >\n                <img decoding=\"async\" src=\"https:\/\/test.ref-cordast.ch\/wp-content\/uploads\/2018\/04\/Estelle_IMG_2898-e1523367041791.jpg\" alt=\"Estelle Zbinden\" \/>\n                                <div class=\"dv-member-zoom\"><i class=\"dvteamicon-info\"><\/i><\/div>\n                            <\/a>\n                <figcaption>\n                    <div class=\"dv-member-desc\">\n                        <div><span class=\"dv-member-name\">Estelle Zbinden<\/span><\/div>\n                                                <div><span class=\"dv-member-info\">Pasteure francophone (50%) et aum\u00f4nier des coll\u00e8ges (30%)<\/span><\/div>\n                                            <\/div>\n                <\/figcaption>\n        <\/figure>\n    <\/li>\n        <\/ul>\n<div class=\"dv-clear\"><\/div>\n<\/p>","protected":false},"excerpt":{"rendered":"<p>Dans les villages de Cressier, Courtepin, Courtaman et Wallenried, des groupes oecum\u00e9niques de visiteurs et de visiteuses existent pour rendre visite aux personnes \u00e2g\u00e9es, aux nouvelles mamans et toutes personnes en demande. Si vous souhaitez donner de votre temps ou si vous d\u00e9sirez plus amples informations, prenez contact:<\/p>\n","protected":false},"author":3,"featured_media":0,"parent":151,"menu_order":0,"comment_status":"closed","ping_status":"closed","template":"","meta":{"footnotes":""},"class_list":["post-214","page","type-page","status-publish","hentry"],"_links":{"self":[{"href":"https:\/\/test.ref-cordast.ch\/fr\/wp-json\/wp\/v2\/pages\/214"}],"collection":[{"href":"https:\/\/test.ref-cordast.ch\/fr\/wp-json\/wp\/v2\/pages"}],"about":[{"href":"https:\/\/test.ref-cordast.ch\/fr\/wp-json\/wp\/v2\/types\/page"}],"author":[{"embeddable":true,"href":"https:\/\/test.ref-cordast.ch\/fr\/wp-json\/wp\/v2\/users\/3"}],"replies":[{"embeddable":true,"href":"https:\/\/test.ref-cordast.ch\/fr\/wp-json\/wp\/v2\/comments?post=214"}],"version-history":[{"count":14,"href":"https:\/\/test.ref-cordast.ch\/fr\/wp-json\/wp\/v2\/pages\/214\/revisions"}],"predecessor-version":[{"id":2691,"href":"https:\/\/test.ref-cordast.ch\/fr\/wp-json\/wp\/v2\/pages\/214\/revisions\/2691"}],"up":[{"embeddable":true,"href":"https:\/\/test.ref-cordast.ch\/fr\/wp-json\/wp\/v2\/pages\/151"}],"wp:attachment":[{"href":"https:\/\/test.ref-cordast.ch\/fr\/wp-json\/wp\/v2\/media?parent=214"}],"curies":[{"name":"wp","href":"https:\/\/api.w.org\/{rel}","templated":true}]}}