{"id":200,"date":"2018-03-10T17:43:50","date_gmt":"2018-03-10T17:43:50","guid":{"rendered":"https:\/\/www.ref-cordast.ch\/?page_id=200"},"modified":"2024-12-09T19:45:53","modified_gmt":"2024-12-09T19:45:53","slug":"accos","status":"publish","type":"page","link":"https:\/\/test.ref-cordast.ch\/fr\/aktivitaeten\/jugend\/accos\/","title":{"rendered":"Accomps"},"content":{"rendered":"<p>Apr\u00e8s leur confirmation, chaque jeune peut continuer \u00e0 trouver dans l&rsquo;\u00e9glise un lieu de formation et d&rsquo;engagement pour accompagner les groupes de plus jeunes vers leur propre confirmation lors des camps, des weekends et autres activit\u00e9s.<\/p>\n\n\n\n<p>Pour cela les jeunes peuvent se former aupr\u00e8s de l&rsquo;\u00e9glise cantonale: <\/p>\n\n\n\n<p><a rel=\"noreferrer noopener\" aria-label=\" (\u00f6ffnet in neuem Tab)\" href=\"https:\/\/www.ref-fr.ch\/animation-jeunesse\" target=\"_blank\">Formation des accomps<\/a><\/p>\n\n\n\n<h3 class=\"wp-block-heading\">Contacts<\/h3>\n\n\n\n<ul id=\"dvteamgrid601335594\" class=\"dvwookmark dvteamgrid \" data-dvalign=\"left\" data-dvoffset=\"20\" data-dvwidth=\"180\">\n    <li>\n        <figure>\n            <a id=\"dvgridboxlink6013355944762\" href=\"#dvteambox6013355944762\" >\n                <img decoding=\"async\" src=\"https:\/\/test.ref-cordast.ch\/wp-content\/uploads\/2022\/07\/Johanna-Bernhard-1.jpg\" alt=\"Johanna Bernhard\" \/>\n                                <div class=\"dv-member-zoom\"><i class=\"dvteamicon-info\"><\/i><\/div>\n                            <\/a>\n                <figcaption>\n                    <div class=\"dv-member-desc\">\n                        <div><span class=\"dv-member-name\">Johanna Bernhard<\/span><\/div>\n                                                <div><span class=\"dv-member-info\">Pasteure germanophone (65%)<\/span><\/div>\n                                            <\/div>\n                <\/figcaption>\n        <\/figure>\n    <\/li>\n            <li>\n        <figure>\n            <a id=\"dvgridboxlink6013355944725\" href=\"#dvteambox6013355944725\" >\n                <img decoding=\"async\" src=\"https:\/\/test.ref-cordast.ch\/wp-content\/uploads\/2022\/07\/Fabienne-Frutig.jpg\" alt=\"Fabienne Frutig\" \/>\n                                <div class=\"dv-member-zoom\"><i class=\"dvteamicon-info\"><\/i><\/div>\n                            <\/a>\n                <figcaption>\n                    <div class=\"dv-member-desc\">\n                        <div><span class=\"dv-member-name\">Fabienne Frutig<\/span><\/div>\n                                                <div><span class=\"dv-member-info\">Animation jeunesse<\/span><\/div>\n                                            <\/div>\n                <\/figcaption>\n        <\/figure>\n    <\/li>\n        <\/ul>\n<div class=\"dv-clear\"><\/div>","protected":false},"excerpt":{"rendered":"<p>Apr\u00e8s leur confirmation, chaque jeune peut continuer \u00e0 trouver dans l&rsquo;\u00e9glise un lieu de formation et d&rsquo;engagement pour accompagner les groupes de plus jeunes vers leur propre confirmation lors des camps, des weekends et autres activit\u00e9s. Pour cela les jeunes peuvent se former aupr\u00e8s de l&rsquo;\u00e9glise cantonale: Formation des accomps Contacts<\/p>\n","protected":false},"author":3,"featured_media":0,"parent":6630,"menu_order":0,"comment_status":"closed","ping_status":"closed","template":"","meta":{"footnotes":""},"class_list":["post-200","page","type-page","status-publish","hentry"],"_links":{"self":[{"href":"https:\/\/test.ref-cordast.ch\/fr\/wp-json\/wp\/v2\/pages\/200"}],"collection":[{"href":"https:\/\/test.ref-cordast.ch\/fr\/wp-json\/wp\/v2\/pages"}],"about":[{"href":"https:\/\/test.ref-cordast.ch\/fr\/wp-json\/wp\/v2\/types\/page"}],"author":[{"embeddable":true,"href":"https:\/\/test.ref-cordast.ch\/fr\/wp-json\/wp\/v2\/users\/3"}],"replies":[{"embeddable":true,"href":"https:\/\/test.ref-cordast.ch\/fr\/wp-json\/wp\/v2\/comments?post=200"}],"version-history":[{"count":33,"href":"https:\/\/test.ref-cordast.ch\/fr\/wp-json\/wp\/v2\/pages\/200\/revisions"}],"predecessor-version":[{"id":6641,"href":"https:\/\/test.ref-cordast.ch\/fr\/wp-json\/wp\/v2\/pages\/200\/revisions\/6641"}],"up":[{"embeddable":true,"href":"https:\/\/test.ref-cordast.ch\/fr\/wp-json\/wp\/v2\/pages\/6630"}],"wp:attachment":[{"href":"https:\/\/test.ref-cordast.ch\/fr\/wp-json\/wp\/v2\/media?parent=200"}],"curies":[{"name":"wp","href":"https:\/\/api.w.org\/{rel}","templated":true}]}}