{"id":19,"date":"2022-12-30T14:39:24","date_gmt":"2022-12-30T14:39:24","guid":{"rendered":"https:\/\/www.ref-cordast.ch\/de\/?page_id=19"},"modified":"2024-01-01T12:28:35","modified_gmt":"2024-01-01T12:28:35","slug":"unsere-kirchgemeinde-lebt-und-bewegt","status":"publish","type":"page","link":"https:\/\/test.ref-cordast.ch\/fr\/","title":{"rendered":"Une paroisse vivante et engag\u00e9e"},"content":{"rendered":"<p><\/p>\n\n\n\n<h3 class=\"wp-block-heading has-text-align-center\" id=\"jesus-christ-dit-celui-qui-vient-a-moi-je-ne-le-rejetterai-pas\"><strong>Agissez en tout avec amour<\/strong><\/h3>\n\n\n\n<p class=\"has-text-align-center\"><em>1 Corinthiens 16.14 (verset de l&rsquo;ann\u00e9e 2024)<\/em><\/p>\n\n\n\n<p>La paroisse r\u00e9form\u00e9e de Cordast s&rsquo;\u00e9tend aux villages de Courtepin, Cressier FR, Gurmels (sans Wallenbuch), Kleinb\u00f6singen et Misery-Courtion. L&rsquo;\u00e9glise et le centre paroissial se trouvent \u00e0 Cordast.<\/p>\n\n\n\n<p>&nbsp;<\/p>\n\n\n\n<h3 class=\"wp-block-heading\" id=\"prochain-culte\"><strong>Prochain Culte<\/strong><\/h3>\n\n\n<div class='css-events-list'>Keine Veranstaltungen<\/div>\n\n\n\n<p><a href=\"https:\/\/test.ref-cordast.ch\/gottesdienste\/\">\u00bb les prochains cultes<\/a><\/p>\n\n\n\n<p>&nbsp;<\/p>\n\n\n\n<h3 class=\"wp-block-heading\" id=\"accompagnement-pastoral-et-aide-dans-le-quotidien\"><strong>Accompagnement pastoral et aide dans le quotidien<\/strong><\/h3>\n\n\n<div class=\"wp-block-image\">\n<figure class=\"alignright size-large is-resized\"><img loading=\"lazy\" decoding=\"async\" width=\"1024\" height=\"1024\" src=\"https:\/\/test.ref-cordast.ch\/wp-content\/uploads\/2020\/03\/telephone-304080_1280-1024x1024.png\" alt=\"\" class=\"wp-image-2802\" style=\"width:82px;height:82px\" srcset=\"https:\/\/test.ref-cordast.ch\/wp-content\/uploads\/2020\/03\/telephone-304080_1280-1024x1024.png 1024w, https:\/\/test.ref-cordast.ch\/wp-content\/uploads\/2020\/03\/telephone-304080_1280-300x300.png 300w, https:\/\/test.ref-cordast.ch\/wp-content\/uploads\/2020\/03\/telephone-304080_1280-150x150.png 150w, https:\/\/test.ref-cordast.ch\/wp-content\/uploads\/2020\/03\/telephone-304080_1280-768x768.png 768w, https:\/\/test.ref-cordast.ch\/wp-content\/uploads\/2020\/03\/telephone-304080_1280-600x600.png 600w, https:\/\/test.ref-cordast.ch\/wp-content\/uploads\/2020\/03\/telephone-304080_1280.png 1280w\" sizes=\"(max-width: 1024px) 100vw, 1024px\" \/><\/figure><\/div>\n\n\n<p>L\u2019\u00e9quipe pastorale est atteignable au num\u00e9ro 026 684 28 74.<br>Nous nous tenons volontiers \u00e0 disposition pour un accompagnement pastoral ou pour vous aider en cas d\u2019urgence \u00e0 faire face aux d\u00e9 s particuliers qui se pr\u00e9sentent \u00e0 nous.&nbsp;<\/p>\n\n\n\n<p>&nbsp;<\/p>\n\n\n\n<h3 class=\"wp-block-heading\" id=\"la-lettre-trimestrielle-de-cordast\"><strong>La lettre trimestrielle de Cordast<\/strong><\/h3>\n\n\n<div class=\"wp-block-image\">\n<figure class=\"alignright size-large is-resized\"><img loading=\"lazy\" decoding=\"async\" width=\"1024\" height=\"636\" src=\"https:\/\/test.ref-cordast.ch\/wp-content\/uploads\/2020\/03\/letters-389108_1280-1024x636.png\" alt=\"\" class=\"wp-image-2803\" style=\"width:82px;height:51px\" srcset=\"https:\/\/test.ref-cordast.ch\/wp-content\/uploads\/2020\/03\/letters-389108_1280-1024x636.png 1024w, https:\/\/test.ref-cordast.ch\/wp-content\/uploads\/2020\/03\/letters-389108_1280-300x186.png 300w, https:\/\/test.ref-cordast.ch\/wp-content\/uploads\/2020\/03\/letters-389108_1280-768x477.png 768w, https:\/\/test.ref-cordast.ch\/wp-content\/uploads\/2020\/03\/letters-389108_1280-200x125.png 200w, https:\/\/test.ref-cordast.ch\/wp-content\/uploads\/2020\/03\/letters-389108_1280.png 1280w\" sizes=\"(max-width: 1024px) 100vw, 1024px\" \/><\/figure><\/div>\n\n\n<p>Pour vous permettre de rester en lien et de vivre l&rsquo;\u00e9glise autrement pendant ces temps incertains, nous vous proposons \u00e0 pr\u00e9sent une lettre trimestrielle, qui annoncera les activit\u00e9s et cultes pendant les p\u00e9riodes importantes de la paroisse. Si vous \u00eates int\u00e9ress\u00e9-e-s, merci de vous inscrire aupr\u00e8s du secr\u00e9tariat ou <a href=\"https:\/\/test.ref-cordast.ch\/newsletter-anmelden\/\">avec ce formulaire<\/a>.<\/p>\n\n\n\n<p><a href=\"https:\/\/test.ref-cordast.ch\/archiv-der-wochenbriefe\/\">\u00bb Anciennes lettres hebdomadaires<\/a><\/p>\n\n\n\n<p><\/p>","protected":false},"excerpt":{"rendered":"<p>Agissez en tout avec amour 1 Corinthiens 16.14 (verset de l&rsquo;ann\u00e9e 2024) La paroisse r\u00e9form\u00e9e de Cordast s&rsquo;\u00e9tend aux villages de Courtepin, Cressier FR, Gurmels (sans Wallenbuch), Kleinb\u00f6singen et Misery-Courtion. L&rsquo;\u00e9glise et le centre paroissial se trouvent \u00e0 Cordast. &nbsp; Prochain Culte \u00bb les prochains cultes &nbsp; Accompagnement pastoral et aide dans le quotidien L\u2019\u00e9quipe [&hellip;]<\/p>\n","protected":false},"author":3,"featured_media":0,"parent":0,"menu_order":0,"comment_status":"closed","ping_status":"closed","template":"","meta":{"footnotes":""},"class_list":["post-19","page","type-page","status-publish","hentry"],"_links":{"self":[{"href":"https:\/\/test.ref-cordast.ch\/fr\/wp-json\/wp\/v2\/pages\/19"}],"collection":[{"href":"https:\/\/test.ref-cordast.ch\/fr\/wp-json\/wp\/v2\/pages"}],"about":[{"href":"https:\/\/test.ref-cordast.ch\/fr\/wp-json\/wp\/v2\/types\/page"}],"author":[{"embeddable":true,"href":"https:\/\/test.ref-cordast.ch\/fr\/wp-json\/wp\/v2\/users\/3"}],"replies":[{"embeddable":true,"href":"https:\/\/test.ref-cordast.ch\/fr\/wp-json\/wp\/v2\/comments?post=19"}],"version-history":[{"count":361,"href":"https:\/\/test.ref-cordast.ch\/fr\/wp-json\/wp\/v2\/pages\/19\/revisions"}],"predecessor-version":[{"id":5890,"href":"https:\/\/test.ref-cordast.ch\/fr\/wp-json\/wp\/v2\/pages\/19\/revisions\/5890"}],"wp:attachment":[{"href":"https:\/\/test.ref-cordast.ch\/fr\/wp-json\/wp\/v2\/media?parent=19"}],"curies":[{"name":"wp","href":"https:\/\/api.w.org\/{rel}","templated":true}]}}