{"id":185,"date":"2018-03-10T17:20:59","date_gmt":"2018-03-10T17:20:59","guid":{"rendered":"https:\/\/www.ref-cordast.ch\/?page_id=185"},"modified":"2024-08-26T07:36:02","modified_gmt":"2024-08-26T07:36:02","slug":"religionsunterricht","status":"publish","type":"page","link":"https:\/\/test.ref-cordast.ch\/fr\/aktivitaeten\/kinder-und-familien\/religionsunterricht\/","title":{"rendered":"Cat\u00e9chisme"},"content":{"rendered":"<div class=\"wp-block-image is-style-default\">\n<figure class=\"alignright size-full\"><img loading=\"lazy\" decoding=\"async\" width=\"300\" height=\"286\" src=\"https:\/\/test.ref-cordast.ch\/wp-content\/uploads\/2018\/05\/16_Taufe-am-Brunnen.png\" alt=\"\" class=\"wp-image-844\"\/><\/figure><\/div>\n\n\n<p><\/p>\n\n\n\n<h3 class=\"wp-block-heading\">Cultes \u00ab\u00a0graines de Bible\u00a0\u00bb<\/h3>\n\n\n\n<p>Au cours de l&rsquo;ann\u00e9e, nous proposons avec les cat\u00e9ch\u00e8tes trois <strong>cultes \u00ab\u00a0graines de Bible\u00a0\u00bb de familles<\/strong>, des occasions pour faire connaissance avec le\/la pasteur-e et les cat\u00e9ch\u00e8tes:<\/p>\n\n\n\n<ul class=\"wp-block-list\">\n<li><strong>culte de<\/strong>&nbsp;<strong>la rentr\u00e9e scolaire<\/strong> avec distribution de Bible aux 6H<\/li>\n\n\n\n<li><strong>culte pour la<\/strong>&nbsp;<strong>campagne Pain Pour le Prochain<\/strong> et l&rsquo;<strong>entr\u00e9e dans le temps pascal<\/strong><\/li>\n\n\n\n<li><strong>culte de<\/strong> <strong>fin de l&rsquo;ann\u00e9e scolaire<\/strong><\/li>\n<\/ul>\n\n\n\n<h3 class=\"wp-block-heading\"><strong>La parcours vers la confirmation<\/strong><\/h3>\n\n\n\n<ul class=\"wp-block-list\">\n<li><strong>Les cours de cat\u00e9chisme<\/strong> aux cycles d\u2019orientation de Morat, de la Broye et de Jolimont sont dispens\u00e9s par les pasteur-e-s et animateurs-trices jeunesse des paroisses dont d\u00e9pendent territorialement ces CO (paroisses de: Morat, Domdidier et Fribourg)<\/li>\n\n\n\n<li><strong>Le parcours paroissial vers la confirmation<\/strong> s\u2019effectue sur les trois ann\u00e9es de CO avec la participation \u00e0 deux Home camps (1\u00e8re et 2<sup>e<\/sup> ann\u00e9e), la visite de cultes (9 sur les trois ann\u00e9es), la participation active \u00e0 un atelier ou un culte, la participation au week-end bilingue d\u2019automne (3<sup>e<\/sup> ann\u00e9e) et au camp de pr\u00e9paration \u00e0 la confirmation (3<sup>e<\/sup> ann\u00e9e)<\/li>\n\n\n\n<li><strong>Le(s) culte(s) de confirmation<\/strong> a (ont) lieu le(s) week-end(s) apr\u00e8s le camp de confirmation<\/li>\n\n\n\n<li>Les familles sont invit\u00e9es \u00e0 <strong>la soir\u00e9e informative<\/strong> une fois dans le parcours de ces trois ann\u00e9es<\/li>\n<\/ul>\n\n\n\n<p>Des informations vous manquent&nbsp;? Vous avez des questions&nbsp;? N\u2019h\u00e9sitez pas \u00e0 prendre <strong>contact avec Estelle Zbinden<\/strong>.<\/p>","protected":false},"excerpt":{"rendered":"<p>Cultes \u00ab\u00a0graines de Bible\u00a0\u00bb Au cours de l&rsquo;ann\u00e9e, nous proposons avec les cat\u00e9ch\u00e8tes trois cultes \u00ab\u00a0graines de Bible\u00a0\u00bb de familles, des occasions pour faire connaissance avec le\/la pasteur-e et les cat\u00e9ch\u00e8tes: La parcours vers la confirmation Des informations vous manquent&nbsp;? Vous avez des questions&nbsp;? N\u2019h\u00e9sitez pas \u00e0 prendre contact avec Estelle Zbinden.<\/p>\n","protected":false},"author":3,"featured_media":0,"parent":153,"menu_order":0,"comment_status":"closed","ping_status":"closed","template":"","meta":{"footnotes":""},"class_list":["post-185","page","type-page","status-publish","hentry"],"_links":{"self":[{"href":"https:\/\/test.ref-cordast.ch\/fr\/wp-json\/wp\/v2\/pages\/185"}],"collection":[{"href":"https:\/\/test.ref-cordast.ch\/fr\/wp-json\/wp\/v2\/pages"}],"about":[{"href":"https:\/\/test.ref-cordast.ch\/fr\/wp-json\/wp\/v2\/types\/page"}],"author":[{"embeddable":true,"href":"https:\/\/test.ref-cordast.ch\/fr\/wp-json\/wp\/v2\/users\/3"}],"replies":[{"embeddable":true,"href":"https:\/\/test.ref-cordast.ch\/fr\/wp-json\/wp\/v2\/comments?post=185"}],"version-history":[{"count":23,"href":"https:\/\/test.ref-cordast.ch\/fr\/wp-json\/wp\/v2\/pages\/185\/revisions"}],"predecessor-version":[{"id":6433,"href":"https:\/\/test.ref-cordast.ch\/fr\/wp-json\/wp\/v2\/pages\/185\/revisions\/6433"}],"up":[{"embeddable":true,"href":"https:\/\/test.ref-cordast.ch\/fr\/wp-json\/wp\/v2\/pages\/153"}],"wp:attachment":[{"href":"https:\/\/test.ref-cordast.ch\/fr\/wp-json\/wp\/v2\/media?parent=185"}],"curies":[{"name":"wp","href":"https:\/\/api.w.org\/{rel}","templated":true}]}}