{"id":182,"date":"2018-03-10T17:19:32","date_gmt":"2018-03-10T17:19:32","guid":{"rendered":"https:\/\/www.ref-cordast.ch\/?page_id=182"},"modified":"2024-09-28T16:27:04","modified_gmt":"2024-09-28T16:27:04","slug":"gemeindeferien","status":"publish","type":"page","link":"https:\/\/test.ref-cordast.ch\/fr\/aktivitaeten\/kinder-und-familien\/gemeindeferien\/","title":{"rendered":"Vacances de paroisse"},"content":{"rendered":"<p><strong>D<\/strong>ates<br>20.07.24-27.07.24<\/p>\n\n\n\n<h1 class=\"wp-block-heading\" id=\"am-bodensee\">Vacances de la paroisse, Hasliberg Hohfluh<\/h1>\n\n\n\n<h1 class=\"wp-block-heading\" id=\"am-bodensee\"><\/h1>\n\n\n\n<p><\/p>\n\n\n\n<p><strong>Contact<\/strong>:<\/p>\n\n\n<ul id=\"dvteamgrid237251227\" class=\"dvwookmark dvteamgrid \" data-dvalign=\"left\" data-dvoffset=\"20\" data-dvwidth=\"180\">\n    <li>\n        <figure>\n            <a id=\"dvgridboxlink237251227457\" href=\"#dvteambox237251227457\" >\n                <img decoding=\"async\" src=\"https:\/\/test.ref-cordast.ch\/wp-content\/uploads\/2018\/04\/Norbert.jpg\" alt=\"Norbert Wysser-H\u00e4ni\" \/>\n                                <div class=\"dv-member-zoom\"><i class=\"dvteamicon-info\"><\/i><\/div>\n                            <\/a>\n                <figcaption>\n                    <div class=\"dv-member-desc\">\n                        <div><span class=\"dv-member-name\">Norbert Wysser-H\u00e4ni<\/span><\/div>\n                                                <div><span class=\"dv-member-info\">Pasteur germanophone (60%)<\/span><\/div>\n                                            <\/div>\n                <\/figcaption>\n        <\/figure>\n    <\/li>\n            <li>\n        <figure>\n            <a id=\"dvgridboxlink237251227458\" href=\"#dvteambox237251227458\" >\n                <img decoding=\"async\" src=\"https:\/\/test.ref-cordast.ch\/wp-content\/uploads\/2018\/05\/Monika-Zurkinden-e1526406842861.jpg\" alt=\"Monika Zurkinden\" \/>\n                                <div class=\"dv-member-zoom\"><i class=\"dvteamicon-info\"><\/i><\/div>\n                            <\/a>\n                <figcaption>\n                    <div class=\"dv-member-desc\">\n                        <div><span class=\"dv-member-name\">Monika Zurkinden<\/span><\/div>\n                                                <div><span class=\"dv-member-info\">Cat\u00e9ch\u00e8te et charg\u00e9e de projet enfants\/adults<\/span><\/div>\n                                            <\/div>\n                <\/figcaption>\n        <\/figure>\n    <\/li>\n        <\/ul>\n<div class=\"dv-clear\"><\/div>","protected":false},"excerpt":{"rendered":"<p>Dates20.07.24-27.07.24 Vacances de la paroisse, Hasliberg Hohfluh Contact:<\/p>\n","protected":false},"author":3,"featured_media":3687,"parent":153,"menu_order":0,"comment_status":"closed","ping_status":"closed","template":"","meta":{"footnotes":""},"class_list":["post-182","page","type-page","status-publish","has-post-thumbnail","hentry"],"_links":{"self":[{"href":"https:\/\/test.ref-cordast.ch\/fr\/wp-json\/wp\/v2\/pages\/182"}],"collection":[{"href":"https:\/\/test.ref-cordast.ch\/fr\/wp-json\/wp\/v2\/pages"}],"about":[{"href":"https:\/\/test.ref-cordast.ch\/fr\/wp-json\/wp\/v2\/types\/page"}],"author":[{"embeddable":true,"href":"https:\/\/test.ref-cordast.ch\/fr\/wp-json\/wp\/v2\/users\/3"}],"replies":[{"embeddable":true,"href":"https:\/\/test.ref-cordast.ch\/fr\/wp-json\/wp\/v2\/comments?post=182"}],"version-history":[{"count":126,"href":"https:\/\/test.ref-cordast.ch\/fr\/wp-json\/wp\/v2\/pages\/182\/revisions"}],"predecessor-version":[{"id":6516,"href":"https:\/\/test.ref-cordast.ch\/fr\/wp-json\/wp\/v2\/pages\/182\/revisions\/6516"}],"up":[{"embeddable":true,"href":"https:\/\/test.ref-cordast.ch\/fr\/wp-json\/wp\/v2\/pages\/153"}],"wp:featuredmedia":[{"embeddable":true,"href":"https:\/\/test.ref-cordast.ch\/fr\/wp-json\/wp\/v2\/media\/3687"}],"wp:attachment":[{"href":"https:\/\/test.ref-cordast.ch\/fr\/wp-json\/wp\/v2\/media?parent=182"}],"curies":[{"name":"wp","href":"https:\/\/api.w.org\/{rel}","templated":true}]}}