{"id":179,"date":"2018-03-10T17:17:59","date_gmt":"2018-03-10T17:17:59","guid":{"rendered":"https:\/\/www.ref-cordast.ch\/?page_id=179"},"modified":"2023-11-18T21:02:17","modified_gmt":"2023-11-18T21:02:17","slug":"krippenspiel","status":"publish","type":"page","link":"https:\/\/test.ref-cordast.ch\/fr\/aktivitaeten\/kinder-und-familien\/krippenspiel\/","title":{"rendered":"Ateliers No\u00ebl"},"content":{"rendered":"<p><\/p>\n<p><\/p>\n<h2>Ateliers de No\u00ebl<\/h2>\n<p>Bienvenue \u00e0 tous, petits &amp; grands pour cuisiner ensemble des biscuits de No\u00ebl, des tresses, d\u00e9corer des pains d&rsquo;\u00e9pices et confectionner des lanternes! Nous d\u00e9gusterons tout cela le lendemain lors de la <a href=\"https:\/\/test.ref-cordast.ch\/fr\/events\/culte-44\/\">f\u00eate de No\u00ebl en for\u00eat<\/a>\u00a0(for\u00eat de Bouley \u00e0 Cressier)!<\/p>\n<ul>\n<li>Samedi 16 d\u00e9cembre, 9h-12h<\/li>\n<li>Lieu: paroisse de Cordast<\/li>\n<li>Ouverts aux familles, aux enfants (si seuls, \u00e0 partir de la 3H) &amp; aux adultes!<\/li>\n<\/ul>\n<p><span style=\"text-decoration: underline;\">Inscriptions jusqu&rsquo;au 10 d\u00e9cembre<\/span> aupr\u00e8s d&rsquo;<a href=\"https:\/\/test.ref-cordast.ch\/dvteam\/estelle-zbinden\/\">Estelle Zbinden<\/a>:<br \/>\n<strong>estelle.zbinden@ref-fr.ch<\/strong> ou <strong>026 684 28 74<\/strong><\/p>\n<p><a href=\"https:\/\/test.ref-cordast.ch\/wp-content\/uploads\/2023\/11\/Atelier-de-Noel-23_publication.png\"><img loading=\"lazy\" decoding=\"async\" class=\"alignnone size-medium wp-image-5776\" src=\"https:\/\/test.ref-cordast.ch\/wp-content\/uploads\/2023\/11\/Atelier-de-Noel-23_publication-287x300.png\" alt=\"\" width=\"287\" height=\"300\" srcset=\"https:\/\/test.ref-cordast.ch\/wp-content\/uploads\/2023\/11\/Atelier-de-Noel-23_publication-287x300.png 287w, https:\/\/test.ref-cordast.ch\/wp-content\/uploads\/2023\/11\/Atelier-de-Noel-23_publication-979x1024.png 979w, https:\/\/test.ref-cordast.ch\/wp-content\/uploads\/2023\/11\/Atelier-de-Noel-23_publication-768x803.png 768w, https:\/\/test.ref-cordast.ch\/wp-content\/uploads\/2023\/11\/Atelier-de-Noel-23_publication-1468x1536.png 1468w, https:\/\/test.ref-cordast.ch\/wp-content\/uploads\/2023\/11\/Atelier-de-Noel-23_publication.png 1587w\" sizes=\"(max-width: 287px) 100vw, 287px\" \/><\/a><\/p>\n<p><\/p>","protected":false},"excerpt":{"rendered":"<p>Ateliers de No\u00ebl Bienvenue \u00e0 tous, petits &amp; grands pour cuisiner ensemble des biscuits de No\u00ebl, des tresses, d\u00e9corer des pains d&rsquo;\u00e9pices et confectionner des lanternes! Nous d\u00e9gusterons tout cela le lendemain lors de la f\u00eate de No\u00ebl en for\u00eat\u00a0(for\u00eat de Bouley \u00e0 Cressier)! Samedi 16 d\u00e9cembre, 9h-12h Lieu: paroisse de Cordast Ouverts aux familles, [&hellip;]<\/p>\n","protected":false},"author":5,"featured_media":5029,"parent":153,"menu_order":0,"comment_status":"closed","ping_status":"closed","template":"","meta":{"footnotes":""},"class_list":["post-179","page","type-page","status-publish","has-post-thumbnail","hentry"],"_links":{"self":[{"href":"https:\/\/test.ref-cordast.ch\/fr\/wp-json\/wp\/v2\/pages\/179"}],"collection":[{"href":"https:\/\/test.ref-cordast.ch\/fr\/wp-json\/wp\/v2\/pages"}],"about":[{"href":"https:\/\/test.ref-cordast.ch\/fr\/wp-json\/wp\/v2\/types\/page"}],"author":[{"embeddable":true,"href":"https:\/\/test.ref-cordast.ch\/fr\/wp-json\/wp\/v2\/users\/5"}],"replies":[{"embeddable":true,"href":"https:\/\/test.ref-cordast.ch\/fr\/wp-json\/wp\/v2\/comments?post=179"}],"version-history":[{"count":19,"href":"https:\/\/test.ref-cordast.ch\/fr\/wp-json\/wp\/v2\/pages\/179\/revisions"}],"predecessor-version":[{"id":5777,"href":"https:\/\/test.ref-cordast.ch\/fr\/wp-json\/wp\/v2\/pages\/179\/revisions\/5777"}],"up":[{"embeddable":true,"href":"https:\/\/test.ref-cordast.ch\/fr\/wp-json\/wp\/v2\/pages\/153"}],"wp:featuredmedia":[{"embeddable":true,"href":"https:\/\/test.ref-cordast.ch\/fr\/wp-json\/wp\/v2\/media\/5029"}],"wp:attachment":[{"href":"https:\/\/test.ref-cordast.ch\/fr\/wp-json\/wp\/v2\/media?parent=179"}],"curies":[{"name":"wp","href":"https:\/\/api.w.org\/{rel}","templated":true}]}}