{"id":153,"date":"2018-03-10T16:58:43","date_gmt":"2018-03-10T16:58:43","guid":{"rendered":"https:\/\/www.ref-cordast.ch\/?page_id=153"},"modified":"2022-01-11T11:20:55","modified_gmt":"2022-01-11T11:20:55","slug":"kinder-und-familien","status":"publish","type":"page","link":"https:\/\/test.ref-cordast.ch\/fr\/aktivitaeten\/kinder-und-familien\/","title":{"rendered":"Enfants et Familles"},"content":{"rendered":"<p><\/p>\n\n\n\n<h3 class=\"wp-block-heading\"><strong>Ev\u00e9nements actuels pour les enfants et les familles<\/strong><\/h3>\n\n\n\n<p>Les familles et les enfants sont le coeur de notre paroisse, c&rsquo;est pourquoi vous trouverez de nombreuses activit\u00e9s toute l&rsquo;ann\u00e9e durant. Il y en a pour tous les \u00e2ges!<\/p>\n\n\n\n<p>Soyez les bienvenu-e-s!<\/p>\n\n\n<div class='css-events-list'>Keine Veranstaltungen<\/div>\n\n\n\n<p><a href=\"https:\/\/test.ref-cordast.ch\/aktivitaeten\/\">\u00bb Autres \u00e9v\u00e9nements dans notre paroisse<\/a><\/p>\n\n\n\n<p><strong><br><\/strong><\/p>","protected":false},"excerpt":{"rendered":"<p>Ev\u00e9nements actuels pour les enfants et les familles Les familles et les enfants sont le coeur de notre paroisse, c&rsquo;est pourquoi vous trouverez de nombreuses activit\u00e9s toute l&rsquo;ann\u00e9e durant. Il y en a pour tous les \u00e2ges! Soyez les bienvenu-e-s! \u00bb Autres \u00e9v\u00e9nements dans notre paroisse<\/p>\n","protected":false},"author":3,"featured_media":0,"parent":158,"menu_order":0,"comment_status":"closed","ping_status":"closed","template":"","meta":{"footnotes":""},"class_list":["post-153","page","type-page","status-publish","hentry"],"_links":{"self":[{"href":"https:\/\/test.ref-cordast.ch\/fr\/wp-json\/wp\/v2\/pages\/153"}],"collection":[{"href":"https:\/\/test.ref-cordast.ch\/fr\/wp-json\/wp\/v2\/pages"}],"about":[{"href":"https:\/\/test.ref-cordast.ch\/fr\/wp-json\/wp\/v2\/types\/page"}],"author":[{"embeddable":true,"href":"https:\/\/test.ref-cordast.ch\/fr\/wp-json\/wp\/v2\/users\/3"}],"replies":[{"embeddable":true,"href":"https:\/\/test.ref-cordast.ch\/fr\/wp-json\/wp\/v2\/comments?post=153"}],"version-history":[{"count":14,"href":"https:\/\/test.ref-cordast.ch\/fr\/wp-json\/wp\/v2\/pages\/153\/revisions"}],"predecessor-version":[{"id":4444,"href":"https:\/\/test.ref-cordast.ch\/fr\/wp-json\/wp\/v2\/pages\/153\/revisions\/4444"}],"up":[{"embeddable":true,"href":"https:\/\/test.ref-cordast.ch\/fr\/wp-json\/wp\/v2\/pages\/158"}],"wp:attachment":[{"href":"https:\/\/test.ref-cordast.ch\/fr\/wp-json\/wp\/v2\/media?parent=153"}],"curies":[{"name":"wp","href":"https:\/\/api.w.org\/{rel}","templated":true}]}}