{"id":151,"date":"2018-03-10T16:56:19","date_gmt":"2018-03-10T16:56:19","guid":{"rendered":"https:\/\/www.ref-cordast.ch\/?page_id=151"},"modified":"2023-11-04T06:39:40","modified_gmt":"2023-11-04T06:39:40","slug":"erwachsene","status":"publish","type":"page","link":"https:\/\/test.ref-cordast.ch\/fr\/aktivitaeten\/erwachsene\/","title":{"rendered":"Adultes"},"content":{"rendered":"<p><\/p>\n\n\n\n<h3 class=\"wp-block-heading\"><strong>\u00c9v\u00e9nements actuels pour personnes adultes<\/strong><\/h3>\n\n\n\n<div class='css-events-list'>Keine Veranstaltungen<\/div>\n\n\n\n<p><a href=\"https:\/\/test.ref-cordast.ch\/aktivitaeten\/\">\u00bb autres \u00e9v\u00e9nements pour toutes les g\u00e9n\u00e9rations<\/a><\/p>","protected":false},"excerpt":{"rendered":"<p>\u00c9v\u00e9nements actuels pour personnes adultes \u00bb autres \u00e9v\u00e9nements pour toutes les g\u00e9n\u00e9rations<\/p>\n","protected":false},"author":2,"featured_media":0,"parent":158,"menu_order":0,"comment_status":"closed","ping_status":"closed","template":"","meta":{"footnotes":""},"class_list":["post-151","page","type-page","status-publish","hentry"],"_links":{"self":[{"href":"https:\/\/test.ref-cordast.ch\/fr\/wp-json\/wp\/v2\/pages\/151"}],"collection":[{"href":"https:\/\/test.ref-cordast.ch\/fr\/wp-json\/wp\/v2\/pages"}],"about":[{"href":"https:\/\/test.ref-cordast.ch\/fr\/wp-json\/wp\/v2\/types\/page"}],"author":[{"embeddable":true,"href":"https:\/\/test.ref-cordast.ch\/fr\/wp-json\/wp\/v2\/users\/2"}],"replies":[{"embeddable":true,"href":"https:\/\/test.ref-cordast.ch\/fr\/wp-json\/wp\/v2\/comments?post=151"}],"version-history":[{"count":26,"href":"https:\/\/test.ref-cordast.ch\/fr\/wp-json\/wp\/v2\/pages\/151\/revisions"}],"predecessor-version":[{"id":5758,"href":"https:\/\/test.ref-cordast.ch\/fr\/wp-json\/wp\/v2\/pages\/151\/revisions\/5758"}],"up":[{"embeddable":true,"href":"https:\/\/test.ref-cordast.ch\/fr\/wp-json\/wp\/v2\/pages\/158"}],"wp:attachment":[{"href":"https:\/\/test.ref-cordast.ch\/fr\/wp-json\/wp\/v2\/media?parent=151"}],"curies":[{"name":"wp","href":"https:\/\/api.w.org\/{rel}","templated":true}]}}