{"id":137,"date":"2018-03-06T17:02:50","date_gmt":"2018-03-06T17:02:50","guid":{"rendered":"https:\/\/www.ref-cordast.ch\/?page_id=137"},"modified":"2018-09-01T20:19:28","modified_gmt":"2018-09-01T20:19:28","slug":"beerdigung","status":"publish","type":"page","link":"https:\/\/test.ref-cordast.ch\/fr\/gottesdienste\/francais-au-cours-dune-vie\/beerdigung\/","title":{"rendered":"Enterrement"},"content":{"rendered":"<p>Lors d\u2019un d\u00e9c\u00e8s veuillez prendre\u00a0contact avec la pasteure ainsi qu\u2019avec les pompes fun\u00e8bres de votre choix. Une fois la date de la c\u00e9l\u00e9bration d\u2019adieu fix\u00e9e, le\/la pasteur-e fixera une rencontre avec la famille endeuill\u00e9e.<br \/>\n<img loading=\"lazy\" decoding=\"async\" class=\"wp-image-851 size-full aligncenter\" src=\"https:\/\/test.ref-cordast.ch\/wp-content\/uploads\/2018\/05\/Friedhof.png\" alt=\"\" width=\"600\" height=\"349\" srcset=\"https:\/\/test.ref-cordast.ch\/wp-content\/uploads\/2018\/05\/Friedhof.png 600w, https:\/\/test.ref-cordast.ch\/wp-content\/uploads\/2018\/05\/Friedhof-300x175.png 300w\" sizes=\"(max-width: 600px) 100vw, 600px\" \/><br \/>\nLes c\u00e9l\u00e9brations d\u2019enterrement \u00e0 Cordast ont souvent lieu du lundi au vendredi \u00e0 13h30.<\/p>\n<ul id=\"dvteamgrid1308568275\" class=\"dvwookmark dvteamgrid \" data-dvalign=\"left\" data-dvoffset=\"20\" data-dvwidth=\"180\">\n    <li>\n        <figure>\n            <a id=\"dvgridboxlink1308568275444\" href=\"#dvteambox1308568275444\" >\n                <img decoding=\"async\" src=\"https:\/\/test.ref-cordast.ch\/wp-content\/uploads\/2018\/04\/Estelle_IMG_2898-e1523367041791.jpg\" alt=\"Estelle Zbinden\" \/>\n                                <div class=\"dv-member-zoom\"><i class=\"dvteamicon-info\"><\/i><\/div>\n                            <\/a>\n                <figcaption>\n                    <div class=\"dv-member-desc\">\n                        <div><span class=\"dv-member-name\">Estelle Zbinden<\/span><\/div>\n                                                <div><span class=\"dv-member-info\">Pasteure francophone (50%) et aum\u00f4nier des coll\u00e8ges (30%)<\/span><\/div>\n                                            <\/div>\n                <\/figcaption>\n        <\/figure>\n    <\/li>\n        <\/ul>\n<div class=\"dv-clear\"><\/div>\n<\/p>","protected":false},"excerpt":{"rendered":"<p>Lors d\u2019un d\u00e9c\u00e8s veuillez prendre\u00a0contact avec la pasteure ainsi qu\u2019avec les pompes fun\u00e8bres de votre choix. Une fois la date de la c\u00e9l\u00e9bration d\u2019adieu fix\u00e9e, le\/la pasteur-e fixera une rencontre avec la famille endeuill\u00e9e. Les c\u00e9l\u00e9brations d\u2019enterrement \u00e0 Cordast ont souvent lieu du lundi au vendredi \u00e0 13h30.<\/p>\n","protected":false},"author":1,"featured_media":0,"parent":47,"menu_order":0,"comment_status":"closed","ping_status":"closed","template":"","meta":{"footnotes":""},"class_list":["post-137","page","type-page","status-publish","hentry"],"_links":{"self":[{"href":"https:\/\/test.ref-cordast.ch\/fr\/wp-json\/wp\/v2\/pages\/137"}],"collection":[{"href":"https:\/\/test.ref-cordast.ch\/fr\/wp-json\/wp\/v2\/pages"}],"about":[{"href":"https:\/\/test.ref-cordast.ch\/fr\/wp-json\/wp\/v2\/types\/page"}],"author":[{"embeddable":true,"href":"https:\/\/test.ref-cordast.ch\/fr\/wp-json\/wp\/v2\/users\/1"}],"replies":[{"embeddable":true,"href":"https:\/\/test.ref-cordast.ch\/fr\/wp-json\/wp\/v2\/comments?post=137"}],"version-history":[{"count":9,"href":"https:\/\/test.ref-cordast.ch\/fr\/wp-json\/wp\/v2\/pages\/137\/revisions"}],"predecessor-version":[{"id":1257,"href":"https:\/\/test.ref-cordast.ch\/fr\/wp-json\/wp\/v2\/pages\/137\/revisions\/1257"}],"up":[{"embeddable":true,"href":"https:\/\/test.ref-cordast.ch\/fr\/wp-json\/wp\/v2\/pages\/47"}],"wp:attachment":[{"href":"https:\/\/test.ref-cordast.ch\/fr\/wp-json\/wp\/v2\/media?parent=137"}],"curies":[{"name":"wp","href":"https:\/\/api.w.org\/{rel}","templated":true}]}}