{"id":134,"date":"2018-03-06T16:58:15","date_gmt":"2018-03-06T16:58:15","guid":{"rendered":"https:\/\/www.ref-cordast.ch\/?page_id=134"},"modified":"2022-12-30T15:55:27","modified_gmt":"2022-12-30T15:55:27","slug":"feste","status":"publish","type":"page","link":"https:\/\/test.ref-cordast.ch\/fr\/gottesdienste\/feste\/","title":{"rendered":"F\u00eates"},"content":{"rendered":"<p>Convivialit\u00e9 et accueil sont les mots d&rsquo;ordre de votre paroisse! Nous ne ratons d&rsquo;ailleurs aucune occasion de vous accueillir comme il se doit dans la pure tradition de notre paroisse.<\/p>\n<table>\n<tbody>\n<tr>\n<td><img loading=\"lazy\" decoding=\"async\" class=\"alignnone size-full wp-image-1453\" src=\"https:\/\/test.ref-cordast.ch\/wp-content\/uploads\/2018\/11\/DSC_0424-1.jpg\" alt=\"\" width=\"640\" height=\"427\" srcset=\"https:\/\/test.ref-cordast.ch\/wp-content\/uploads\/2018\/11\/DSC_0424-1.jpg 640w, https:\/\/test.ref-cordast.ch\/wp-content\/uploads\/2018\/11\/DSC_0424-1-300x200.jpg 300w, https:\/\/test.ref-cordast.ch\/wp-content\/uploads\/2018\/11\/DSC_0424-1-600x400.jpg 600w\" sizes=\"(max-width: 640px) 100vw, 640px\" \/><\/td>\n<td><img loading=\"lazy\" decoding=\"async\" class=\"alignnone size-full wp-image-1454\" src=\"https:\/\/test.ref-cordast.ch\/wp-content\/uploads\/2018\/11\/DSC_0585-1.jpg\" alt=\"\" width=\"640\" height=\"427\" srcset=\"https:\/\/test.ref-cordast.ch\/wp-content\/uploads\/2018\/11\/DSC_0585-1.jpg 640w, https:\/\/test.ref-cordast.ch\/wp-content\/uploads\/2018\/11\/DSC_0585-1-300x200.jpg 300w, https:\/\/test.ref-cordast.ch\/wp-content\/uploads\/2018\/11\/DSC_0585-1-600x400.jpg 600w\" sizes=\"(max-width: 640px) 100vw, 640px\" \/><\/td>\n<td><img loading=\"lazy\" decoding=\"async\" class=\"alignnone size-full wp-image-1455\" src=\"https:\/\/test.ref-cordast.ch\/wp-content\/uploads\/2018\/11\/DSC_0639-1.jpg\" alt=\"\" width=\"640\" height=\"427\" srcset=\"https:\/\/test.ref-cordast.ch\/wp-content\/uploads\/2018\/11\/DSC_0639-1.jpg 640w, https:\/\/test.ref-cordast.ch\/wp-content\/uploads\/2018\/11\/DSC_0639-1-300x200.jpg 300w, https:\/\/test.ref-cordast.ch\/wp-content\/uploads\/2018\/11\/DSC_0639-1-600x400.jpg 600w\" sizes=\"(max-width: 640px) 100vw, 640px\" \/><\/td>\n<\/tr>\n<\/tbody>\n<\/table>\n<p>N&rsquo;h\u00e9sitez pas \u00e0 venir \u00e0 nos activit\u00e9s, c\u00e9l\u00e9bration et autres \u00e9v\u00e9nements!<\/p>","protected":false},"excerpt":{"rendered":"<p>Convivialit\u00e9 et accueil sont les mots d&rsquo;ordre de votre paroisse! Nous ne ratons d&rsquo;ailleurs aucune occasion de vous accueillir comme il se doit dans la pure tradition de notre paroisse. N&rsquo;h\u00e9sitez pas \u00e0 venir \u00e0 nos activit\u00e9s, c\u00e9l\u00e9bration et autres \u00e9v\u00e9nements!<\/p>\n","protected":false},"author":3,"featured_media":0,"parent":28,"menu_order":0,"comment_status":"closed","ping_status":"closed","template":"","meta":{"footnotes":""},"class_list":["post-134","page","type-page","status-publish","hentry"],"_links":{"self":[{"href":"https:\/\/test.ref-cordast.ch\/fr\/wp-json\/wp\/v2\/pages\/134"}],"collection":[{"href":"https:\/\/test.ref-cordast.ch\/fr\/wp-json\/wp\/v2\/pages"}],"about":[{"href":"https:\/\/test.ref-cordast.ch\/fr\/wp-json\/wp\/v2\/types\/page"}],"author":[{"embeddable":true,"href":"https:\/\/test.ref-cordast.ch\/fr\/wp-json\/wp\/v2\/users\/3"}],"replies":[{"embeddable":true,"href":"https:\/\/test.ref-cordast.ch\/fr\/wp-json\/wp\/v2\/comments?post=134"}],"version-history":[{"count":6,"href":"https:\/\/test.ref-cordast.ch\/fr\/wp-json\/wp\/v2\/pages\/134\/revisions"}],"predecessor-version":[{"id":5171,"href":"https:\/\/test.ref-cordast.ch\/fr\/wp-json\/wp\/v2\/pages\/134\/revisions\/5171"}],"up":[{"embeddable":true,"href":"https:\/\/test.ref-cordast.ch\/fr\/wp-json\/wp\/v2\/pages\/28"}],"wp:attachment":[{"href":"https:\/\/test.ref-cordast.ch\/fr\/wp-json\/wp\/v2\/media?parent=134"}],"curies":[{"name":"wp","href":"https:\/\/api.w.org\/{rel}","templated":true}]}}