{"id":131,"date":"2018-03-06T16:55:46","date_gmt":"2018-03-06T16:55:46","guid":{"rendered":"https:\/\/www.ref-cordast.ch\/?page_id=131"},"modified":"2022-10-05T17:28:14","modified_gmt":"2022-10-05T17:28:14","slug":"apero-team","status":"publish","type":"page","link":"https:\/\/test.ref-cordast.ch\/fr\/gottesdienste\/feste\/apero-team\/","title":{"rendered":"Ap\u00e9ro-Team"},"content":{"rendered":"<figure class=\"wp-block-image\"><img loading=\"lazy\" decoding=\"async\" width=\"640\" height=\"427\" src=\"https:\/\/test.ref-cordast.ch\/wp-content\/uploads\/2018\/11\/DSC_0424-1.jpg\" alt=\"\" class=\"wp-image-1453\" srcset=\"https:\/\/test.ref-cordast.ch\/wp-content\/uploads\/2018\/11\/DSC_0424-1.jpg 640w, https:\/\/test.ref-cordast.ch\/wp-content\/uploads\/2018\/11\/DSC_0424-1-300x200.jpg 300w, https:\/\/test.ref-cordast.ch\/wp-content\/uploads\/2018\/11\/DSC_0424-1-600x400.jpg 600w\" sizes=\"(max-width: 640px) 100vw, 640px\" \/><\/figure>\n\n\n<p>Dans notre paroisse <strong>nous aimons les ap\u00e9ros et les f\u00eates<\/strong>. Pour cultiver ce plaisir de partager un verre et manger quelque chose ensemble, de telles rencontres sont r\u00e9guli\u00e8rement planifi\u00e9es.<\/p>\n<p>Mais pour que ces r\u00e9jouissances puissent avoir lieu, il faut des mains pour pr\u00e9parer les tables, la vaisselle, et organiser les boissons et les bonnes choses \u00e0 manger\u2026 et encore embellir le tout avec quelques notes de couleurs ou des fleurs.<\/p>\n<p>Nous sommes <strong>une petite \u00e9quipe de b\u00e9n\u00e9voles<\/strong>, et nous avons \u00e0 c\u0153ur de soutenir ces moments de convivialit\u00e9. Ainsi, apr\u00e8s certains cultes, les gens se retrouvent en toute simplicit\u00e9 autour d\u2019une table joliment pr\u00e9par\u00e9e, dans la salle de paroisse ou lorsque le temps le permet \u00e0 l\u2019ext\u00e9rieur.<\/p>\n<p>Parfois ce sont des agapes plus consistantes avec de la soupe ou des grillades, ou m\u00eame des rencontres festives avec un ap\u00e9ro d\u00eenatoire ou un repas complet.<\/p>\n<p>Nous serions tr\u00e8s heureux de pouvoir agrandir notre team. Si vous \u00eates int\u00e9ress\u00e9s \u00e0 donner un coup de main venez nous rejoindre\u00a0! Pour toutes questions vous pouvez appeler la responsable, Heidi Fonjallaz.<\/p>\n<ul id=\"dvteamgrid748933565\" class=\"dvwookmark dvteamgrid \" data-dvalign=\"left\" data-dvoffset=\"20\" data-dvwidth=\"180\">\n<\/ul>\n<div class=\"dv-clear\"><\/div>\n\n<p><\/p>","protected":false},"excerpt":{"rendered":"<p>Dans notre paroisse nous aimons les ap\u00e9ros et les f\u00eates. Pour cultiver ce plaisir de partager un verre et manger quelque chose ensemble, de telles rencontres sont r\u00e9guli\u00e8rement planifi\u00e9es. Mais pour que ces r\u00e9jouissances puissent avoir lieu, il faut des mains pour pr\u00e9parer les tables, la vaisselle, et organiser les boissons et les bonnes choses [&hellip;]<\/p>\n","protected":false},"author":3,"featured_media":1453,"parent":134,"menu_order":0,"comment_status":"closed","ping_status":"closed","template":"","meta":{"footnotes":""},"class_list":["post-131","page","type-page","status-publish","has-post-thumbnail","hentry"],"_links":{"self":[{"href":"https:\/\/test.ref-cordast.ch\/fr\/wp-json\/wp\/v2\/pages\/131"}],"collection":[{"href":"https:\/\/test.ref-cordast.ch\/fr\/wp-json\/wp\/v2\/pages"}],"about":[{"href":"https:\/\/test.ref-cordast.ch\/fr\/wp-json\/wp\/v2\/types\/page"}],"author":[{"embeddable":true,"href":"https:\/\/test.ref-cordast.ch\/fr\/wp-json\/wp\/v2\/users\/3"}],"replies":[{"embeddable":true,"href":"https:\/\/test.ref-cordast.ch\/fr\/wp-json\/wp\/v2\/comments?post=131"}],"version-history":[{"count":45,"href":"https:\/\/test.ref-cordast.ch\/fr\/wp-json\/wp\/v2\/pages\/131\/revisions"}],"predecessor-version":[{"id":4902,"href":"https:\/\/test.ref-cordast.ch\/fr\/wp-json\/wp\/v2\/pages\/131\/revisions\/4902"}],"up":[{"embeddable":true,"href":"https:\/\/test.ref-cordast.ch\/fr\/wp-json\/wp\/v2\/pages\/134"}],"wp:featuredmedia":[{"embeddable":true,"href":"https:\/\/test.ref-cordast.ch\/fr\/wp-json\/wp\/v2\/media\/1453"}],"wp:attachment":[{"href":"https:\/\/test.ref-cordast.ch\/fr\/wp-json\/wp\/v2\/media?parent=131"}],"curies":[{"name":"wp","href":"https:\/\/api.w.org\/{rel}","templated":true}]}}