{"id":1143,"date":"2018-06-26T11:52:14","date_gmt":"2018-06-26T11:52:14","guid":{"rendered":"https:\/\/www.ref-cordast.ch\/?page_id=1143"},"modified":"2024-04-29T12:44:57","modified_gmt":"2024-04-29T12:44:57","slug":"seniorennachmittage","status":"publish","type":"page","link":"https:\/\/test.ref-cordast.ch\/fr\/aktivitaeten\/erwachsene\/programm-60\/seniorennachmittage\/","title":{"rendered":"Apr\u00e8s-midi seniors"},"content":{"rendered":"<p>Pendant l&rsquo;hiver, nous nous rencontrons tous les mois le vendredi au centre paroissial de Cordast pour un moment de convivialit\u00e9. Une partie th\u00e9matique d&rsquo;environ une heure ouvre l&rsquo;apr\u00e8s-midi. Les associations f\u00e9minines de la r\u00e9gion nous servent ensuite un d\u00e9licieux go\u00fbter.<\/p>\n<p>Dates dans la rubrique <a href=\"https:\/\/test.ref-cordast.ch\/fr\/aktivitaeten\/\">Manifestations<\/a>.<\/p>\n<h4><strong>Contact<\/strong><\/h4>\n<ul id=\"dvteamgrid1767191136\" class=\"dvwookmark dvteamgrid \" data-dvalign=\"left\" data-dvoffset=\"20\" data-dvwidth=\"180\">\n    <li>\n        <figure>\n            <a id=\"dvgridboxlink17671911364845\" href=\"#dvteambox17671911364845\" >\n                <img decoding=\"async\" src=\"https:\/\/test.ref-cordast.ch\/wp-content\/uploads\/2022\/10\/Sabine-Joss.jpg\" alt=\"Sabine Joss\" \/>\n                                <div class=\"dv-member-zoom\"><i class=\"dvteamicon-info\"><\/i><\/div>\n                            <\/a>\n                <figcaption>\n                    <div class=\"dv-member-desc\">\n                        <div><span class=\"dv-member-name\">Sabine Joss<\/span><\/div>\n                                                <div><span class=\"dv-member-info\">Fachperson Kirchliche Sozialarbeit\/Alter<\/span><\/div>\n                                            <\/div>\n                <\/figcaption>\n        <\/figure>\n    <\/li>\n            <li>\n        <figure>\n            <a id=\"dvgridboxlink1767191136457\" href=\"#dvteambox1767191136457\" >\n                <img decoding=\"async\" src=\"https:\/\/test.ref-cordast.ch\/wp-content\/uploads\/2018\/04\/Norbert.jpg\" alt=\"Norbert Wysser-H\u00e4ni\" \/>\n                                <div class=\"dv-member-zoom\"><i class=\"dvteamicon-info\"><\/i><\/div>\n                            <\/a>\n                <figcaption>\n                    <div class=\"dv-member-desc\">\n                        <div><span class=\"dv-member-name\">Norbert Wysser-H\u00e4ni<\/span><\/div>\n                                                <div><span class=\"dv-member-info\">Pasteur germanophone (60%)<\/span><\/div>\n                                            <\/div>\n                <\/figcaption>\n        <\/figure>\n    <\/li>\n        <\/ul>\n<div class=\"dv-clear\"><\/div>\n\n<p><\/p>","protected":false},"excerpt":{"rendered":"<p>Pendant l&rsquo;hiver, nous nous rencontrons tous les mois le vendredi au centre paroissial de Cordast pour un moment de convivialit\u00e9. Une partie th\u00e9matique d&rsquo;environ une heure ouvre l&rsquo;apr\u00e8s-midi. Les associations f\u00e9minines de la r\u00e9gion nous servent ensuite un d\u00e9licieux go\u00fbter. Dates dans la rubrique Manifestations. Contact<\/p>\n","protected":false},"author":6,"featured_media":0,"parent":196,"menu_order":0,"comment_status":"closed","ping_status":"closed","template":"","meta":{"footnotes":""},"class_list":["post-1143","page","type-page","status-publish","hentry"],"_links":{"self":[{"href":"https:\/\/test.ref-cordast.ch\/fr\/wp-json\/wp\/v2\/pages\/1143"}],"collection":[{"href":"https:\/\/test.ref-cordast.ch\/fr\/wp-json\/wp\/v2\/pages"}],"about":[{"href":"https:\/\/test.ref-cordast.ch\/fr\/wp-json\/wp\/v2\/types\/page"}],"author":[{"embeddable":true,"href":"https:\/\/test.ref-cordast.ch\/fr\/wp-json\/wp\/v2\/users\/6"}],"replies":[{"embeddable":true,"href":"https:\/\/test.ref-cordast.ch\/fr\/wp-json\/wp\/v2\/comments?post=1143"}],"version-history":[{"count":8,"href":"https:\/\/test.ref-cordast.ch\/fr\/wp-json\/wp\/v2\/pages\/1143\/revisions"}],"predecessor-version":[{"id":6275,"href":"https:\/\/test.ref-cordast.ch\/fr\/wp-json\/wp\/v2\/pages\/1143\/revisions\/6275"}],"up":[{"embeddable":true,"href":"https:\/\/test.ref-cordast.ch\/fr\/wp-json\/wp\/v2\/pages\/196"}],"wp:attachment":[{"href":"https:\/\/test.ref-cordast.ch\/fr\/wp-json\/wp\/v2\/media?parent=1143"}],"curies":[{"name":"wp","href":"https:\/\/api.w.org\/{rel}","templated":true}]}}