{"id":1140,"date":"2018-06-26T11:47:13","date_gmt":"2018-06-26T11:47:13","guid":{"rendered":"https:\/\/www.ref-cordast.ch\/?page_id=1140"},"modified":"2024-04-29T12:57:16","modified_gmt":"2024-04-29T12:57:16","slug":"jass-und-spielnachmittage","status":"publish","type":"page","link":"https:\/\/test.ref-cordast.ch\/fr\/aktivitaeten\/erwachsene\/programm-60\/jass-und-spielnachmittage\/","title":{"rendered":"Apr\u00e8s-midi de jeux"},"content":{"rendered":"<p>Durant le semestre d&rsquo;\u00e9t\u00e9, nous nous retrouvons tous les mois le vendredi au centre paroissial de Cordast pour jouer aux cartes et \u00e0 d&rsquo;autres jeux. Un d\u00e9licieux go\u00fbter est servi.<\/p>\n<p>Vous trouverez les dates sous la rubrique \u00ab\u00a0<a href=\"https:\/\/test.ref-cordast.ch\/fr\/aktivitaeten\/\">Manifestations<\/a>\u00ab\u00a0.<\/p>\n<p><strong>Contact<\/strong><\/p>\n<ul id=\"dvteamgrid621067865\" class=\"dvwookmark dvteamgrid \" data-dvalign=\"left\" data-dvoffset=\"20\" data-dvwidth=\"180\">\n    <li>\n        <figure>\n            <a id=\"dvgridboxlink6210678654845\" href=\"#dvteambox6210678654845\" >\n                <img decoding=\"async\" src=\"https:\/\/test.ref-cordast.ch\/wp-content\/uploads\/2022\/10\/Sabine-Joss.jpg\" alt=\"Sabine Joss\" \/>\n                                <div class=\"dv-member-zoom\"><i class=\"dvteamicon-info\"><\/i><\/div>\n                            <\/a>\n                <figcaption>\n                    <div class=\"dv-member-desc\">\n                        <div><span class=\"dv-member-name\">Sabine Joss<\/span><\/div>\n                                                <div><span class=\"dv-member-info\">Fachperson Kirchliche Sozialarbeit\/Alter<\/span><\/div>\n                                            <\/div>\n                <\/figcaption>\n        <\/figure>\n    <\/li>\n        <\/ul>\n<div class=\"dv-clear\"><\/div>\n\n<p>Utilisez le <a href=\"https:\/\/test.ref-cordast.ch\/aktivitaeten\/kirchentaxi\/\">Taxi \u00e9glise <\/a><\/p>\n<p><\/p>","protected":false},"excerpt":{"rendered":"<p>Durant le semestre d&rsquo;\u00e9t\u00e9, nous nous retrouvons tous les mois le vendredi au centre paroissial de Cordast pour jouer aux cartes et \u00e0 d&rsquo;autres jeux. Un d\u00e9licieux go\u00fbter est servi. Vous trouverez les dates sous la rubrique \u00ab\u00a0Manifestations\u00ab\u00a0. Contact Utilisez le Taxi \u00e9glise<\/p>\n","protected":false},"author":6,"featured_media":0,"parent":196,"menu_order":0,"comment_status":"closed","ping_status":"closed","template":"","meta":{"footnotes":""},"class_list":["post-1140","page","type-page","status-publish","hentry"],"_links":{"self":[{"href":"https:\/\/test.ref-cordast.ch\/fr\/wp-json\/wp\/v2\/pages\/1140"}],"collection":[{"href":"https:\/\/test.ref-cordast.ch\/fr\/wp-json\/wp\/v2\/pages"}],"about":[{"href":"https:\/\/test.ref-cordast.ch\/fr\/wp-json\/wp\/v2\/types\/page"}],"author":[{"embeddable":true,"href":"https:\/\/test.ref-cordast.ch\/fr\/wp-json\/wp\/v2\/users\/6"}],"replies":[{"embeddable":true,"href":"https:\/\/test.ref-cordast.ch\/fr\/wp-json\/wp\/v2\/comments?post=1140"}],"version-history":[{"count":5,"href":"https:\/\/test.ref-cordast.ch\/fr\/wp-json\/wp\/v2\/pages\/1140\/revisions"}],"predecessor-version":[{"id":6285,"href":"https:\/\/test.ref-cordast.ch\/fr\/wp-json\/wp\/v2\/pages\/1140\/revisions\/6285"}],"up":[{"embeddable":true,"href":"https:\/\/test.ref-cordast.ch\/fr\/wp-json\/wp\/v2\/pages\/196"}],"wp:attachment":[{"href":"https:\/\/test.ref-cordast.ch\/fr\/wp-json\/wp\/v2\/media?parent=1140"}],"curies":[{"name":"wp","href":"https:\/\/api.w.org\/{rel}","templated":true}]}}