{"id":1128,"date":"2018-06-26T10:17:08","date_gmt":"2018-06-26T10:17:08","guid":{"rendered":"https:\/\/www.ref-cordast.ch\/?page_id=1128"},"modified":"2024-09-28T16:40:15","modified_gmt":"2024-09-28T16:40:15","slug":"seniorenferien","status":"publish","type":"page","link":"https:\/\/test.ref-cordast.ch\/fr\/aktivitaeten\/erwachsene\/programm-60\/seniorenferien\/","title":{"rendered":"Vacances pour seniors"},"content":{"rendered":"<p>Chaque ann\u00e9e, en septembre, nous partons en vacances.<\/p>\n\n\n\n<p>Des rencontres conviviales, des excursions (nous avons une voiture \u00e0 notre disposition pendant toute la semaine de vacances), de bons repas et une m\u00e9ditation biblique quotidienne font de cette semaine une exp\u00e9rience vari\u00e9e et agr\u00e9able.<\/p>\n\n\n\n<p>En 2025, nous partirons \u00e0 Seefeld Tirol, du samedi 20 septembre au samedi 27 septembre 2025. Nous logerons au <a href=\"https:\/\/www.parkhotel-seefeld.at\/\">Parkhotel Seefeld<\/a>. <\/p>\n\n\n\n<p><strong>Contact<\/strong><\/p>\n\n\n\n<ul id=\"dvteamgrid612101180\" class=\"dvwookmark dvteamgrid \" data-dvalign=\"left\" data-dvoffset=\"20\" data-dvwidth=\"180\">\n    <li>\n        <figure>\n            <a id=\"dvgridboxlink612101180457\" href=\"#dvteambox612101180457\" >\n                <img decoding=\"async\" src=\"https:\/\/test.ref-cordast.ch\/wp-content\/uploads\/2018\/04\/Norbert.jpg\" alt=\"Norbert Wysser-H\u00e4ni\" \/>\n                                <div class=\"dv-member-zoom\"><i class=\"dvteamicon-info\"><\/i><\/div>\n                            <\/a>\n                <figcaption>\n                    <div class=\"dv-member-desc\">\n                        <div><span class=\"dv-member-name\">Norbert Wysser-H\u00e4ni<\/span><\/div>\n                                                <div><span class=\"dv-member-info\">Pasteur germanophone (60%)<\/span><\/div>\n                                            <\/div>\n                <\/figcaption>\n        <\/figure>\n    <\/li>\n        <\/ul>\n<div class=\"dv-clear\"><\/div>\n\n\n\n\n<p>","protected":false},"excerpt":{"rendered":"<p>Chaque ann\u00e9e, en septembre, nous partons en vacances. Des rencontres conviviales, des excursions (nous avons une voiture \u00e0 notre disposition pendant toute la semaine de vacances), de bons repas et une m\u00e9ditation biblique quotidienne font de cette semaine une exp\u00e9rience vari\u00e9e et agr\u00e9able. En 2025, nous partirons \u00e0 Seefeld Tirol, du samedi 20 septembre au [&hellip;]<\/p>\n","protected":false},"author":6,"featured_media":3993,"parent":196,"menu_order":0,"comment_status":"closed","ping_status":"closed","template":"","meta":{"footnotes":""},"class_list":["post-1128","page","type-page","status-publish","has-post-thumbnail","hentry"],"_links":{"self":[{"href":"https:\/\/test.ref-cordast.ch\/fr\/wp-json\/wp\/v2\/pages\/1128"}],"collection":[{"href":"https:\/\/test.ref-cordast.ch\/fr\/wp-json\/wp\/v2\/pages"}],"about":[{"href":"https:\/\/test.ref-cordast.ch\/fr\/wp-json\/wp\/v2\/types\/page"}],"author":[{"embeddable":true,"href":"https:\/\/test.ref-cordast.ch\/fr\/wp-json\/wp\/v2\/users\/6"}],"replies":[{"embeddable":true,"href":"https:\/\/test.ref-cordast.ch\/fr\/wp-json\/wp\/v2\/comments?post=1128"}],"version-history":[{"count":55,"href":"https:\/\/test.ref-cordast.ch\/fr\/wp-json\/wp\/v2\/pages\/1128\/revisions"}],"predecessor-version":[{"id":6521,"href":"https:\/\/test.ref-cordast.ch\/fr\/wp-json\/wp\/v2\/pages\/1128\/revisions\/6521"}],"up":[{"embeddable":true,"href":"https:\/\/test.ref-cordast.ch\/fr\/wp-json\/wp\/v2\/pages\/196"}],"wp:featuredmedia":[{"embeddable":true,"href":"https:\/\/test.ref-cordast.ch\/fr\/wp-json\/wp\/v2\/media\/3993"}],"wp:attachment":[{"href":"https:\/\/test.ref-cordast.ch\/fr\/wp-json\/wp\/v2\/media?parent=1128"}],"curies":[{"name":"wp","href":"https:\/\/api.w.org\/{rel}","templated":true}]}}