{"id":1084,"date":"2018-06-06T14:05:28","date_gmt":"2018-06-06T14:05:28","guid":{"rendered":"https:\/\/www.ref-cordast.ch\/?page_id=1084"},"modified":"2024-04-29T12:52:03","modified_gmt":"2024-04-29T12:52:03","slug":"wandergruppe","status":"publish","type":"page","link":"https:\/\/test.ref-cordast.ch\/fr\/aktivitaeten\/erwachsene\/programm-60\/wandergruppe\/","title":{"rendered":"Groupe de marche"},"content":{"rendered":"<div class=\"wp-block-image is-style-default\">\n<figure class=\"alignright size-medium\"><img loading=\"lazy\" decoding=\"async\" width=\"300\" height=\"167\" src=\"https:\/\/test.ref-cordast.ch\/wp-content\/uploads\/2018\/04\/141249_51b61f76fa5dbc6db8b24b50b7f1f8e7-cachekey1519120221-300x167.jpg\" alt=\"\" class=\"wp-image-339\" srcset=\"https:\/\/test.ref-cordast.ch\/wp-content\/uploads\/2018\/04\/141249_51b61f76fa5dbc6db8b24b50b7f1f8e7-cachekey1519120221-300x167.jpg 300w, https:\/\/test.ref-cordast.ch\/wp-content\/uploads\/2018\/04\/141249_51b61f76fa5dbc6db8b24b50b7f1f8e7-cachekey1519120221.jpg 664w\" sizes=\"(max-width: 300px) 100vw, 300px\" \/><\/figure><\/div>\n\n\n<p>Sept randonn\u00e9es par an de mars \u00e0 juin et d&rsquo;ao\u00fbt \u00e0 novembre.<\/p>\n\n\n\n<p>Groupe de randonn\u00e9e de Pro Senectute Fribourg. Petites randonn\u00e9es r\u00e9guli\u00e8res avec des personnes de la r\u00e9gion.<br>Vous trouverez des d\u00e9tails sur les randonn\u00e9es dans la colonne manifestations.<\/p>\n\n\n\n<p>Renseignements sur la r\u00e9alisation ou le report seront communiqu\u00e9s la veille.<\/p>\n\n\n\n<p><\/p>","protected":false},"excerpt":{"rendered":"<p>Sept randonn\u00e9es par an de mars \u00e0 juin et d&rsquo;ao\u00fbt \u00e0 novembre. Groupe de randonn\u00e9e de Pro Senectute Fribourg. Petites randonn\u00e9es r\u00e9guli\u00e8res avec des personnes de la r\u00e9gion.Vous trouverez des d\u00e9tails sur les randonn\u00e9es dans la colonne manifestations. Renseignements sur la r\u00e9alisation ou le report seront communiqu\u00e9s la veille.<\/p>\n","protected":false},"author":2,"featured_media":0,"parent":196,"menu_order":0,"comment_status":"closed","ping_status":"closed","template":"","meta":{"footnotes":""},"class_list":["post-1084","page","type-page","status-publish","hentry"],"_links":{"self":[{"href":"https:\/\/test.ref-cordast.ch\/fr\/wp-json\/wp\/v2\/pages\/1084"}],"collection":[{"href":"https:\/\/test.ref-cordast.ch\/fr\/wp-json\/wp\/v2\/pages"}],"about":[{"href":"https:\/\/test.ref-cordast.ch\/fr\/wp-json\/wp\/v2\/types\/page"}],"author":[{"embeddable":true,"href":"https:\/\/test.ref-cordast.ch\/fr\/wp-json\/wp\/v2\/users\/2"}],"replies":[{"embeddable":true,"href":"https:\/\/test.ref-cordast.ch\/fr\/wp-json\/wp\/v2\/comments?post=1084"}],"version-history":[{"count":13,"href":"https:\/\/test.ref-cordast.ch\/fr\/wp-json\/wp\/v2\/pages\/1084\/revisions"}],"predecessor-version":[{"id":6280,"href":"https:\/\/test.ref-cordast.ch\/fr\/wp-json\/wp\/v2\/pages\/1084\/revisions\/6280"}],"up":[{"embeddable":true,"href":"https:\/\/test.ref-cordast.ch\/fr\/wp-json\/wp\/v2\/pages\/196"}],"wp:attachment":[{"href":"https:\/\/test.ref-cordast.ch\/fr\/wp-json\/wp\/v2\/media?parent=1084"}],"curies":[{"name":"wp","href":"https:\/\/api.w.org\/{rel}","templated":true}]}}